{"id":11327,"date":"2025-05-23T00:17:06","date_gmt":"2025-05-23T00:17:06","guid":{"rendered":"https:\/\/stayinn.travel\/product\/huahine-pesca-e-pesca-daltura-2-ore\/"},"modified":"2026-04-21T20:45:59","modified_gmt":"2026-04-21T20:45:59","slug":"huahine-pesca-e-pesca-daltura-2-ore","status":"publish","type":"product","link":"https:\/\/stayinn.travel\/it\/product\/huahine-pesca-e-pesca-daltura-2-ore\/","title":{"rendered":"HUAHINE &#8211; Pesca e pesca d&#8217;altura \u2013 2 ore"},"content":{"rendered":"<p class=\"my-0\">La tua avventura inizia con il prelievo dal tuo alloggio o dal porto turistico. Incontrerai la tua guida, che ti aiuter\u00e0 a sistemarti sulla barca completamente attrezzata e sicura, quindi ti illustrer\u00e0 l&#8217;itinerario del viaggio. <\/p>\n<p class=\"my-0\">La guida vi informer\u00e0 sui tipi di pesci che potreste incontrare e vi fornir\u00e0 chiare istruzioni su come utilizzare l&#8217;attrezzatura da pesca. Durante l&#8217;escursione, condivider\u00e0 tecniche e consigli da esperto per aiutarvi a catturare con successo i vostri pesci. <\/p>\n<p class=\"my-0\">Al termine del tour, tornerete al molo di partenza, dove potrete portare a casa il vostro prezioso bottino!<\/p>\n<p class=\"my-0\"><strong>INCLUSO: <\/strong>acqua in bottiglia e succhi di frutta<\/p>\n<p><strong>\u27a1\ufe0fPrezzo per 2 persone <\/strong><\/p>\n","protected":false},"excerpt":{"rendered":"<p class=\"my-0\"><strong>\ud83c\udfa3 Cattura il pesce pi\u00f9 grosso a Huahine! \ud83d\udc1f\ud83c\udf0a <\/strong><\/p>\n","protected":false},"featured_media":11328,"comment_status":"open","ping_status":"closed","template":"","meta":{"inline_featured_image":false},"country":[],"product_brand":[],"product_cat":[218],"product_tag":[231],"class_list":{"0":"post-11327","1":"product","2":"type-product","3":"status-publish","4":"has-post-thumbnail","6":"product_cat-attivita","7":"product_tag-huahine-it","9":"first","10":"instock","11":"shipping-taxable","12":"purchasable","13":"product-type-simple"},"acf":[],"_links":{"self":[{"href":"https:\/\/stayinn.travel\/it\/wp-json\/wp\/v2\/product\/11327","targetHints":{"allow":["GET"]}}],"collection":[{"href":"https:\/\/stayinn.travel\/it\/wp-json\/wp\/v2\/product"}],"about":[{"href":"https:\/\/stayinn.travel\/it\/wp-json\/wp\/v2\/types\/product"}],"replies":[{"embeddable":true,"href":"https:\/\/stayinn.travel\/it\/wp-json\/wp\/v2\/comments?post=11327"}],"wp:featuredmedia":[{"embeddable":true,"href":"https:\/\/stayinn.travel\/it\/wp-json\/wp\/v2\/media\/11328"}],"wp:attachment":[{"href":"https:\/\/stayinn.travel\/it\/wp-json\/wp\/v2\/media?parent=11327"}],"wp:term":[{"taxonomy":"country","embeddable":true,"href":"https:\/\/stayinn.travel\/it\/wp-json\/wp\/v2\/country?post=11327"},{"taxonomy":"product_brand","embeddable":true,"href":"https:\/\/stayinn.travel\/it\/wp-json\/wp\/v2\/product_brand?post=11327"},{"taxonomy":"product_cat","embeddable":true,"href":"https:\/\/stayinn.travel\/it\/wp-json\/wp\/v2\/product_cat?post=11327"},{"taxonomy":"product_tag","embeddable":true,"href":"https:\/\/stayinn.travel\/it\/wp-json\/wp\/v2\/product_tag?post=11327"}],"curies":[{"name":"wp","href":"https:\/\/api.w.org\/{rel}","templated":true}]}}