{"id":11370,"date":"2025-05-23T00:16:09","date_gmt":"2025-05-23T00:16:09","guid":{"rendered":"https:\/\/stayinn.travel\/product\/huahine-moto-dacqua-2-ore-e-45-minuti\/"},"modified":"2026-04-21T20:55:45","modified_gmt":"2026-04-21T20:55:45","slug":"huahine-moto-dacqua-2-ore-e-45-minuti","status":"publish","type":"product","link":"https:\/\/stayinn.travel\/it\/product\/huahine-moto-dacqua-2-ore-e-45-minuti\/","title":{"rendered":"HUAHINE &#8211; Moto d&#8217;acqua &#8211; 2 ore e 45 minuti"},"content":{"rendered":"<p class=\"my-0\">Vivi un&#8217;avventura indimenticabile esplorando la laguna di Huahine in moto d&#8217;acqua!<br \/>\nAccompagnati da una guida bilingue esperta, intraprendete un viaggio di 2 ore e 45 minuti attraverso paesaggi paradisiaci e acque turchesi.<\/p>\n<p class=\"my-0\">Mentre navighi nella laguna, lasciati stupire dalla bellezza selvaggia e dai panorami mozzafiato di Huahine.<br \/>\nUna sosta su un banco di sabbia ti offrir\u00e0 un momento di relax e una nuotata rinfrescante in uno scenario da cartolina. Approfitta di questo momento per immortalare l&#8217;attimo con una sessione fotografica nel cuore della laguna. <\/p>\n<p class=\"my-0\">L&#8217;escursione prosegue con un tour di Huahine Iti, che vi dar\u00e0 la possibilit\u00e0 di ammirare l&#8217;isola da una nuova prospettiva e godervi la serenit\u00e0 di questo angolo polinesiano preservato.<\/p>\n<p class=\"my-0\"><strong>INCLUSO:<\/strong> 1 moto d&#8217;acqua \/ 2 persone + muta, pinne, maschera e boccaglio, snack e bevande analcoliche<\/p>\n","protected":false},"excerpt":{"rendered":"<p><strong>\ud83c\udf0a\ud83c\udf1f Questa escursione combina adrenalina, scoperta e meraviglia: il modo perfetto per esplorare Huahine in modo diverso. \ud83d\udea4\ud83d\ude80<\/strong><\/p>\n","protected":false},"featured_media":11371,"comment_status":"open","ping_status":"closed","template":"","meta":{"inline_featured_image":false},"country":[],"product_brand":[],"product_cat":[218],"product_tag":[231],"class_list":{"0":"post-11370","1":"product","2":"type-product","3":"status-publish","4":"has-post-thumbnail","6":"product_cat-attivita","7":"product_tag-huahine-it","9":"first","10":"instock","11":"shipping-taxable","12":"purchasable","13":"product-type-simple"},"acf":[],"_links":{"self":[{"href":"https:\/\/stayinn.travel\/it\/wp-json\/wp\/v2\/product\/11370","targetHints":{"allow":["GET"]}}],"collection":[{"href":"https:\/\/stayinn.travel\/it\/wp-json\/wp\/v2\/product"}],"about":[{"href":"https:\/\/stayinn.travel\/it\/wp-json\/wp\/v2\/types\/product"}],"replies":[{"embeddable":true,"href":"https:\/\/stayinn.travel\/it\/wp-json\/wp\/v2\/comments?post=11370"}],"wp:featuredmedia":[{"embeddable":true,"href":"https:\/\/stayinn.travel\/it\/wp-json\/wp\/v2\/media\/11371"}],"wp:attachment":[{"href":"https:\/\/stayinn.travel\/it\/wp-json\/wp\/v2\/media?parent=11370"}],"wp:term":[{"taxonomy":"country","embeddable":true,"href":"https:\/\/stayinn.travel\/it\/wp-json\/wp\/v2\/country?post=11370"},{"taxonomy":"product_brand","embeddable":true,"href":"https:\/\/stayinn.travel\/it\/wp-json\/wp\/v2\/product_brand?post=11370"},{"taxonomy":"product_cat","embeddable":true,"href":"https:\/\/stayinn.travel\/it\/wp-json\/wp\/v2\/product_cat?post=11370"},{"taxonomy":"product_tag","embeddable":true,"href":"https:\/\/stayinn.travel\/it\/wp-json\/wp\/v2\/product_tag?post=11370"}],"curies":[{"name":"wp","href":"https:\/\/api.w.org\/{rel}","templated":true}]}}