{"id":11930,"date":"2025-05-06T06:38:48","date_gmt":"2025-05-06T06:38:48","guid":{"rendered":"https:\/\/stayinn.travel\/product\/moorea-piroga-tradizionale-a-vela-4-ore\/"},"modified":"2026-04-24T02:18:44","modified_gmt":"2026-04-24T02:18:44","slug":"moorea-piroga-tradizionale-a-vela-4-ore","status":"publish","type":"product","link":"https:\/\/stayinn.travel\/it\/product\/moorea-piroga-tradizionale-a-vela-4-ore\/","title":{"rendered":"MOOREA &#8211; Piroga tradizionale a vela &#8211; 4 ore"},"content":{"rendered":"<p class=\"\" data-start=\"30\" data-end=\"431\">Imbarcati in un&#8217;esperienza coinvolgente, lontana dai tour tradizionali e fuori dal tempo, a bordo di un&#8217;autentica piroga polinesiana a vela. Unica in Polinesia e costruita a mano dal suo proprietario, questa escursione combina scoperta, avventura e rispetto totale per l&#8217;ambiente. Lontano dai motori e dal turismo di massa, navigherai con il vento sulla laguna cristallina di Moorea, in un ambiente incontaminato e tranquillo.  <\/p>\n<p class=\"\" data-start=\"433\" data-end=\"766\">Durante la navigazione, potrete scoprire le meraviglie naturali dell&#8217;isola: una sessione di snorkeling nella laguna vi permetter\u00e0 di nuotare tra razze, squali pinna nera e sculture tiki che riposano sotto l&#8217;acqua. Un&#8217;avventura oltre la barriera corallina, in acque pi\u00f9 profonde, vi offrir\u00e0 anche l&#8217;opportunit\u00e0 di osservare la vita marina in tutta la sua diversit\u00e0. <\/p>\n<p class=\"\" data-start=\"768\" data-end=\"1108\">Pi\u00f9 che una semplice gita in barca, questo viaggio \u00e8 un&#8217;iniziazione all&#8217;antica arte della navigazione polinesiana. Imparerete a manovrare la vela, a governare la barca, a fare i nodi nautici e a comprendere il profondo legame che i polinesiani hanno con l&#8217;oceano. La vostra guida condivider\u00e0 con passione racconti di esploratori, miti fondatori e conoscenze tradizionali.  <\/p>\n<p class=\"\" data-start=\"1110\" data-end=\"1209\">A bordo, vi saranno offerti frutti tropicali freschi, fornendo una gustosa pausa tra le scoperte.<\/p>\n","protected":false},"excerpt":{"rendered":"<article class=\"text-token-text-primary w-full\" dir=\"auto\" data-testid=\"conversation-turn-330\" data-scroll-anchor=\"true\">\n<div class=\"text-base my-auto mx-auto py-5 [--thread-content-margin:--spacing(4)] @[37rem]:[--thread-content-margin:--spacing(6)] @[72rem]:[--thread-content-margin:--spacing(16)] px-(--thread-content-margin)\">\n<div class=\"[--thread-content-max-width:32rem] @[34rem]:[--thread-content-max-width:40rem] @[64rem]:[--thread-content-max-width:48rem] mx-auto flex max-w-(--thread-content-max-width) flex-1 text-base gap-4 md:gap-5 lg:gap-6 group\/turn-messages focus-visible:outline-hidden\" tabindex=\"-1\">\n<div class=\"group\/conversation-turn relative flex w-full min-w-0 flex-col agent-turn\">\n<div class=\"relative flex-col gap-1 md:gap-3\">\n<div class=\"flex max-w-full flex-col grow\">\n<div class=\"min-h-8 text-message relative flex w-full flex-col items-end gap-2 text-start break-words whitespace-normal [.text-message+&amp;]:mt-5\" dir=\"auto\" data-message-author-role=\"assistant\" data-message-id=\"72c6bf3a-ee4d-4008-a111-9455db1dc77c\" data-message-model-slug=\"gpt-4o-mini\">\n<div class=\"flex w-full flex-col gap-1 empty:hidden first:pt-[3px]\">\n<div class=\"markdown prose dark:prose-invert w-full break-words light\">\n<p class=\"\" data-start=\"42\" data-end=\"107\"><strong>Naviga nella Laguna \ud83c\udf0a, Proteggi la Terra \ud83c\udf0d, Abbraccia la Natura \ud83c\udf3f<\/strong><\/p>\n<\/div>\n<\/div>\n<\/div>\n<\/div>\n<\/div>\n<\/div>\n<\/div>\n<\/div>\n<\/article>\n<div class=\"pointer-events-none h-px w-px\" aria-hidden=\"true\" data-edge=\"true\"><\/div>\n","protected":false},"featured_media":1638,"comment_status":"open","ping_status":"closed","template":"","meta":{"inline_featured_image":false},"country":[],"product_brand":[],"product_cat":[218],"product_tag":[236],"class_list":{"0":"post-11930","1":"product","2":"type-product","3":"status-publish","4":"has-post-thumbnail","6":"product_cat-attivita","7":"product_tag-moorea-it","9":"first","10":"instock","11":"shipping-taxable","12":"purchasable","13":"product-type-simple"},"acf":[],"_links":{"self":[{"href":"https:\/\/stayinn.travel\/it\/wp-json\/wp\/v2\/product\/11930","targetHints":{"allow":["GET"]}}],"collection":[{"href":"https:\/\/stayinn.travel\/it\/wp-json\/wp\/v2\/product"}],"about":[{"href":"https:\/\/stayinn.travel\/it\/wp-json\/wp\/v2\/types\/product"}],"replies":[{"embeddable":true,"href":"https:\/\/stayinn.travel\/it\/wp-json\/wp\/v2\/comments?post=11930"}],"wp:featuredmedia":[{"embeddable":true,"href":"https:\/\/stayinn.travel\/it\/wp-json\/wp\/v2\/media\/1638"}],"wp:attachment":[{"href":"https:\/\/stayinn.travel\/it\/wp-json\/wp\/v2\/media?parent=11930"}],"wp:term":[{"taxonomy":"country","embeddable":true,"href":"https:\/\/stayinn.travel\/it\/wp-json\/wp\/v2\/country?post=11930"},{"taxonomy":"product_brand","embeddable":true,"href":"https:\/\/stayinn.travel\/it\/wp-json\/wp\/v2\/product_brand?post=11930"},{"taxonomy":"product_cat","embeddable":true,"href":"https:\/\/stayinn.travel\/it\/wp-json\/wp\/v2\/product_cat?post=11930"},{"taxonomy":"product_tag","embeddable":true,"href":"https:\/\/stayinn.travel\/it\/wp-json\/wp\/v2\/product_tag?post=11930"}],"curies":[{"name":"wp","href":"https:\/\/api.w.org\/{rel}","templated":true}]}}