{"id":12550,"date":"2025-04-25T07:46:41","date_gmt":"2025-04-25T07:46:41","guid":{"rendered":"https:\/\/stayinn.travel\/product\/tahiti-tour-in-barca-di-mezza-giornata-alla-penisola-di-tahiti-allonda-di-teahupoo-e-a-fenua-aihere\/"},"modified":"2026-04-24T19:30:00","modified_gmt":"2026-04-24T19:30:00","slug":"tahiti-tour-in-barca-di-mezza-giornata-alla-penisola-di-tahiti-allonda-di-teahupoo-e-a-fenua-aihere","status":"publish","type":"product","link":"https:\/\/stayinn.travel\/it\/product\/tahiti-tour-in-barca-di-mezza-giornata-alla-penisola-di-tahiti-allonda-di-teahupoo-e-a-fenua-aihere\/","title":{"rendered":"TAHITI \u2013 Tour in barca di mezza giornata alla penisola di Tahiti, all&#8217;onda di Teahupoo e a Fenua Aihere"},"content":{"rendered":"<p class=\"\" data-start=\"0\" data-end=\"60\"><strong data-start=\"0\" data-end=\"60\">Imbarcati in una crociera di 4 ore verso il punto pi\u00f9 selvaggio di Tahiti<\/strong><\/p>\n<p class=\"\" data-start=\"0\" data-end=\"332\">La vostra guida vi condurr\u00e0 sull&#8217;onda per osservare i surfisti cavalcare e infilarsi nei tubi delle onde.<br data-start=\"92\" data-end=\"95\">Navigherete poi verso la punta pi\u00f9 meridionale di Tahiti, in una riserva marina protetta dove non sono pi\u00f9 consentite n\u00e9 le imbarcazioni n\u00e9 la pesca. Una sosta per lo snorkeling vi permetter\u00e0 di osservare la fauna e la flora marine uniche di questo ambiente incontaminato. <\/p>\n<p class=\"\" data-start=\"334\" data-end=\"701\">Successivamente, sbarcherete in una splendida foresta di castagni dove avrete la possibilit\u00e0 di nuotare nel fiume, dondolarvi sulle funi tra gli alberi ed esplorare le grotte vicine!<br data-start=\"496\" data-end=\"499\">Durante il viaggio di ritorno, godetevi un&#8217;ultima vista delle maestose cascate e delle montagne, particolarmente suggestive se ammirate dall&#8217;oceano, sorseggiando un cocktail Maeva per concludere questa esperienza indimenticabile!<\/p>\n","protected":false},"excerpt":{"rendered":"<p>Imbarcati in una crociera di 4 ore verso il punto pi\u00f9 selvaggio di Tahiti La vostra guida vi condurr\u00e0 sull&#8217;onda per osservare i surfisti cavalcare e infilarsi nei tubi delle onde.Navigherete poi verso la punta pi\u00f9 meridionale di Tahiti, in una riserva marina protetta dove non sono pi\u00f9 consentite n\u00e9 le imbarcazioni n\u00e9 la pesca. [&hellip;]<\/p>\n","protected":false},"featured_media":1443,"comment_status":"open","ping_status":"closed","template":"","meta":{"inline_featured_image":false},"country":[],"product_brand":[],"product_cat":[218],"product_tag":[240],"class_list":{"0":"post-12550","1":"product","2":"type-product","3":"status-publish","4":"has-post-thumbnail","6":"product_cat-attivita","7":"product_tag-tahiti-it","9":"first","10":"instock","11":"shipping-taxable","12":"purchasable","13":"product-type-simple"},"acf":[],"_links":{"self":[{"href":"https:\/\/stayinn.travel\/it\/wp-json\/wp\/v2\/product\/12550","targetHints":{"allow":["GET"]}}],"collection":[{"href":"https:\/\/stayinn.travel\/it\/wp-json\/wp\/v2\/product"}],"about":[{"href":"https:\/\/stayinn.travel\/it\/wp-json\/wp\/v2\/types\/product"}],"replies":[{"embeddable":true,"href":"https:\/\/stayinn.travel\/it\/wp-json\/wp\/v2\/comments?post=12550"}],"wp:featuredmedia":[{"embeddable":true,"href":"https:\/\/stayinn.travel\/it\/wp-json\/wp\/v2\/media\/1443"}],"wp:attachment":[{"href":"https:\/\/stayinn.travel\/it\/wp-json\/wp\/v2\/media?parent=12550"}],"wp:term":[{"taxonomy":"country","embeddable":true,"href":"https:\/\/stayinn.travel\/it\/wp-json\/wp\/v2\/country?post=12550"},{"taxonomy":"product_brand","embeddable":true,"href":"https:\/\/stayinn.travel\/it\/wp-json\/wp\/v2\/product_brand?post=12550"},{"taxonomy":"product_cat","embeddable":true,"href":"https:\/\/stayinn.travel\/it\/wp-json\/wp\/v2\/product_cat?post=12550"},{"taxonomy":"product_tag","embeddable":true,"href":"https:\/\/stayinn.travel\/it\/wp-json\/wp\/v2\/product_tag?post=12550"}],"curies":[{"name":"wp","href":"https:\/\/api.w.org\/{rel}","templated":true}]}}