{"id":12795,"date":"2025-06-18T02:41:19","date_gmt":"2025-06-18T02:41:19","guid":{"rendered":"https:\/\/stayinn.travel\/product\/polynesia-lagoon-lovers-viaggio-subacqueo-per-2-persone\/"},"modified":"2026-04-24T22:00:02","modified_gmt":"2026-04-24T22:00:02","slug":"polynesia-lagoon-lovers-viaggio-subacqueo-per-2-persone","status":"publish","type":"product","link":"https:\/\/stayinn.travel\/it\/product\/polynesia-lagoon-lovers-viaggio-subacqueo-per-2-persone\/","title":{"rendered":"Polynesia Lagoon Lovers \u2013 Viaggio subacqueo per 2 persone"},"content":{"rendered":"<h3 class=\"\" data-start=\"154\" data-end=\"196\">\ud83c\udf34 Benvenuti nel paradiso terrestre! <\/h3>\n<p data-start=\"183\" data-end=\"320\"><strong>\ud83e\udd3f Immergiti pi\u00f9 in profondit\u00e0, ama pi\u00f9 intensamente: esplora le meraviglie sottomarine del paradiso.<\/strong><\/p>\n<p data-start=\"322\" data-end=\"516\">Vi invitiamo a vivere una fuga romantica mozzafiato attraverso le isole e gli atolli pi\u00f9 leggendari della Polinesia Francese: un viaggio pensato appositamente per gli amanti delle immersioni e i sognatori dell&#8217;oceano.<\/p>\n<p data-start=\"518\" data-end=\"831\">Scoprite la ricca biodiversit\u00e0 marina e le vivaci barriere coralline di 6 destinazioni mozzafiato: Tahiti, Moorea, Tikehau, Rangiroa, Fakarava e Tetiaroa!<br data-start=\"664\" data-end=\"667\">Dal nuoto con le mante all&#8217;esplorazione dei coloratissimi giardini di corallo, fino alle immersioni nella famosa parete degli squali, ogni immersione \u00e8 un momento indimenticabile da condividere insieme.<\/p>\n<p data-start=\"833\" data-end=\"1107\">Questo pacchetto su misura include il soggiorno, i voli tra le isole e sessioni di immersione personalizzate in base al tuo livello (principiante o certificato).<br data-start=\"991\" data-end=\"994\">Goditi una vacanza tranquilla e autentica nel cuore del Pacifico, dove l&#8217;amore e l&#8217;avventura si incontrano sotto le onde.<\/p>\n<hr class=\"\" data-start=\"824\" data-end=\"827\">\n<p data-start=\"1109\" data-end=\"1134\">\ud83c\udfdd\ufe0f ISOLE INCLUSE:<\/p>\n<ul data-start=\"1136\" data-end=\"1195\">\n<li data-start=\"1136\" data-end=\"1146\">\n<p data-start=\"1138\" data-end=\"1146\">Tahiti<\/p>\n<\/li>\n<li data-start=\"1147\" data-end=\"1157\">\n<p data-start=\"1149\" data-end=\"1157\">Moorea<\/p>\n<\/li>\n<li data-start=\"1184\" data-end=\"1195\">\n<p data-start=\"1186\" data-end=\"1195\">Tikehau<\/p>\n<\/li>\n<li data-start=\"1184\" data-end=\"1195\">\n<p data-start=\"1186\" data-end=\"1195\">Rangiroa<\/p>\n<\/li>\n<li data-start=\"1184\" data-end=\"1195\">\n<p data-start=\"1186\" data-end=\"1195\">Fakarava<\/p>\n<\/li>\n<li data-start=\"1184\" data-end=\"1195\">Tetiaroa<br \/>\n<hr class=\"\" data-start=\"824\" data-end=\"827\">\n<\/li>\n<\/ul>\n<p data-start=\"1197\" data-end=\"1220\">\u2705 LA CONFEZIONE INCLUDE:<\/p>\n<ul>\n<li>17 notti \/ 18 giorni<\/li>\n<li data-start=\"1246\" data-end=\"1264\">\n<p data-start=\"1248\" data-end=\"1264\">Alloggi<\/p>\n<\/li>\n<li data-start=\"1246\" data-end=\"1264\">\n<p data-start=\"1248\" data-end=\"1264\">Noleggio auto<\/p>\n<\/li>\n<li data-start=\"1246\" data-end=\"1264\">\n<p data-start=\"1248\" data-end=\"1264\">Voli interinsulari e trasferimenti in traghetto<\/p>\n<\/li>\n<li data-start=\"1246\" data-end=\"1264\">\n<p data-start=\"1248\" data-end=\"1264\">Escursioni e pass per immersioni<\/p>\n<\/li>\n<li data-start=\"1246\" data-end=\"1264\">\n<p data-start=\"1248\" data-end=\"1264\">Extra romantici disponibili su richiesta<\/p>\n<\/li>\n<\/ul>\n","protected":false},"excerpt":{"rendered":"<p data-start=\"43\" data-end=\"102\"><strong> \ud83d\udc20 Immergiti nell\u2019amore. Immergiti nella Polinesia. \ud83d\udc99\ud83c\udf0a\ud83e\udd3f <\/strong><\/p>\n<p data-start=\"104\" data-end=\"213\" data-is-last-node=\"\" data-is-only-node=\"\">\n","protected":false},"featured_media":2639,"comment_status":"open","ping_status":"closed","template":"","meta":{"inline_featured_image":false},"country":[],"product_brand":[],"product_cat":[219],"product_tag":[232,236,242,240,243,226],"class_list":{"0":"post-12795","1":"product","2":"type-product","3":"status-publish","4":"has-post-thumbnail","6":"product_cat-pacchetti","7":"product_tag-fakarava-it","8":"product_tag-moorea-it","9":"product_tag-rangiroa-it","10":"product_tag-tahiti-it","11":"product_tag-tetiaroa-it","12":"product_tag-tikehau-it","14":"first","15":"instock","16":"sale","17":"shipping-taxable","18":"purchasable","19":"product-type-simple"},"acf":[],"_links":{"self":[{"href":"https:\/\/stayinn.travel\/it\/wp-json\/wp\/v2\/product\/12795","targetHints":{"allow":["GET"]}}],"collection":[{"href":"https:\/\/stayinn.travel\/it\/wp-json\/wp\/v2\/product"}],"about":[{"href":"https:\/\/stayinn.travel\/it\/wp-json\/wp\/v2\/types\/product"}],"replies":[{"embeddable":true,"href":"https:\/\/stayinn.travel\/it\/wp-json\/wp\/v2\/comments?post=12795"}],"wp:featuredmedia":[{"embeddable":true,"href":"https:\/\/stayinn.travel\/it\/wp-json\/wp\/v2\/media\/2639"}],"wp:attachment":[{"href":"https:\/\/stayinn.travel\/it\/wp-json\/wp\/v2\/media?parent=12795"}],"wp:term":[{"taxonomy":"country","embeddable":true,"href":"https:\/\/stayinn.travel\/it\/wp-json\/wp\/v2\/country?post=12795"},{"taxonomy":"product_brand","embeddable":true,"href":"https:\/\/stayinn.travel\/it\/wp-json\/wp\/v2\/product_brand?post=12795"},{"taxonomy":"product_cat","embeddable":true,"href":"https:\/\/stayinn.travel\/it\/wp-json\/wp\/v2\/product_cat?post=12795"},{"taxonomy":"product_tag","embeddable":true,"href":"https:\/\/stayinn.travel\/it\/wp-json\/wp\/v2\/product_tag?post=12795"}],"curies":[{"name":"wp","href":"https:\/\/api.w.org\/{rel}","templated":true}]}}