{"id":9210,"date":"2025-10-20T15:57:56","date_gmt":"2025-10-20T15:57:56","guid":{"rendered":"https:\/\/stayinn.travel\/product\/raiatea-uouo-seaside-apartment-2\/"},"modified":"2026-04-16T10:35:58","modified_gmt":"2026-04-16T10:35:58","slug":"raiatea-uouo-seaside-apartment-2","status":"publish","type":"product","link":"https:\/\/stayinn.travel\/it\/product\/raiatea-uouo-seaside-apartment-2\/","title":{"rendered":"RAIATEA &#8211; Uouo Seaside Apartment"},"content":{"rendered":"<p>Soggiornate in questo appartamento di 125 m2, al secondo piano di un piccolo edificio a un piano con piscina e fronte laguna, che unisce i comfort di un hotel ai vantaggi di una pensione familiare.<\/p>\n<p>Situato in posizione ideale vicino all&#8217;aeroporto e alla citt\u00e0 di Uturoa, questo alloggio \u00e8 ideale per soggiorni di gruppo.<\/p>\n<p>\u00c8 composto da 3 camere da letto climatizzate con letti king-size e spazio per riporre i vostri effetti personali. <\/p>\n<p>Nel soggiorno, un letto matrimoniale e un divano letto matrimoniale possono ospitare altre 4 persone. L&#8217;appartamento si apre su una cucina completamente attrezzata e dispone di TV a schermo piatto e connessione internet wifi gratuita. <\/p>\n<p>L&#8217;elegante e moderno bagno con doccia \u00e8 dotato di cabina doccia, lavabo e WC. Gli articoli da toilette (gel doccia e shampoo, asciugacapelli) sono forniti gratuitamente dai padroni di casa.<\/p>\n<p>L&#8217;area dove trascorrerete la maggior parte del vostro tempo libero \u00e8 la terrazza, con il suo bar e la vista mozzafiato sulla laguna. \u00c8 dotata di tavolo e sedie per gustare i pasti e le colazioni mattutine in un ambiente tranquillo e rilassante.<\/p>\n<p>I padroni di casa vi forniranno un kit di benvenuto con t\u00e8, capsule di caff\u00e8, zucchero e qualche sorpresa.<\/p>\n<p>La colazione e la cena sono disponibili in loco con un costo aggiuntivo. (Contattateci)<\/p>\n<p>In loco sono disponibili strutture per il tempo libero:<br \/>\n<br \/>&#8211; Kayak gratuiti per esplorare la laguna e visitare il Motu di fronte.<br \/>\n<br \/>&#8211; Le biciclette elettriche sono disponibili a noleggio a un costo aggiuntivo per esplorare i sentieri selvaggi dell&#8217;isola!<br \/>\n<br \/>Contattate il vostro concierge per i pacchetti con Auto ed Escursioni! <\/p>\n<p>L&#8217;ESSENZIALE:<br \/>\n<br \/>* Fino a 10 persone<br \/>\n<br \/>* Trasferimenti dall&#8217;aeroporto<br \/>\n<br \/>* Catering disponibile in loco<br \/>\n<br \/>* Lagoonside<br \/>\n<br \/>* Piscina<br \/>\n<br \/>* 3 camere con aria condizionata<br \/>\n<br \/>* Accesso internet wifi gratuito<br \/>\n<br \/>* kayak e biciclette <\/p>\n<p>Tutte le prenotazioni sono soggette alla piena accettazione dei nostri termini e condizioni, che possono essere visualizzati sul nostro sito web StayInn.Vacations cliccando su termini e condizioni.<\/p>\n<p>Numero di registrazione: TD21304<br \/><\/p>\n","protected":false},"excerpt":{"rendered":"<p>Soggiornate in questo appartamento di 125 m2, al secondo piano di un piccolo edificio a un piano con piscina e fronte laguna, che unisce i comfort di un hotel ai vantaggi di una pensione familiare. Situato in posizione ideale vicino all&#8217;aeroporto e alla citt\u00e0 di Uturoa, questo alloggio \u00e8 ideale per soggiorni di gruppo. \u00c8 [&hellip;]<\/p>\n","protected":false},"featured_media":9208,"comment_status":"open","ping_status":"closed","template":"","meta":{"inline_featured_image":false},"country":[],"product_brand":[],"product_cat":[217],"product_tag":[],"class_list":{"0":"post-9210","1":"product","2":"type-product","3":"status-publish","4":"has-post-thumbnail","6":"product_cat-alloggi","8":"first","9":"instock","10":"shipping-taxable","11":"purchasable","12":"product-type-simple"},"acf":[],"_links":{"self":[{"href":"https:\/\/stayinn.travel\/it\/wp-json\/wp\/v2\/product\/9210","targetHints":{"allow":["GET"]}}],"collection":[{"href":"https:\/\/stayinn.travel\/it\/wp-json\/wp\/v2\/product"}],"about":[{"href":"https:\/\/stayinn.travel\/it\/wp-json\/wp\/v2\/types\/product"}],"replies":[{"embeddable":true,"href":"https:\/\/stayinn.travel\/it\/wp-json\/wp\/v2\/comments?post=9210"}],"wp:featuredmedia":[{"embeddable":true,"href":"https:\/\/stayinn.travel\/it\/wp-json\/wp\/v2\/media\/9208"}],"wp:attachment":[{"href":"https:\/\/stayinn.travel\/it\/wp-json\/wp\/v2\/media?parent=9210"}],"wp:term":[{"taxonomy":"country","embeddable":true,"href":"https:\/\/stayinn.travel\/it\/wp-json\/wp\/v2\/country?post=9210"},{"taxonomy":"product_brand","embeddable":true,"href":"https:\/\/stayinn.travel\/it\/wp-json\/wp\/v2\/product_brand?post=9210"},{"taxonomy":"product_cat","embeddable":true,"href":"https:\/\/stayinn.travel\/it\/wp-json\/wp\/v2\/product_cat?post=9210"},{"taxonomy":"product_tag","embeddable":true,"href":"https:\/\/stayinn.travel\/it\/wp-json\/wp\/v2\/product_tag?post=9210"}],"curies":[{"name":"wp","href":"https:\/\/api.w.org\/{rel}","templated":true}]}}