{"id":9234,"date":"2025-10-20T15:57:56","date_gmt":"2025-10-20T15:57:56","guid":{"rendered":"https:\/\/stayinn.travel\/product\/moorea-paopao-cottage-2\/"},"modified":"2026-03-23T08:30:37","modified_gmt":"2026-03-23T08:30:37","slug":"moorea-paopao-cottage-2","status":"publish","type":"product","link":"https:\/\/stayinn.travel\/it\/product\/moorea-paopao-cottage-2\/","title":{"rendered":"MOOREA &#8211; PaoPao Cottage"},"content":{"rendered":"<p>MOOREA &#8211; PaoPao Cottage<br \/>\n<br \/>Situato sull&#8217;isola di Moorea nel quartiere di Pao-Pao nella conca di Cook&#8217;s Bay, questo alloggio \u00e8 ideale per 4 persone comodamente.<\/p>\n<p>Una piccola oasi di pace da scoprire durante il vostro soggiorno a Moorea, con una bella vista sulla baia di Cook. Questa villa F2, totalmente indipendente, \u00e8 composta da una camera singola. Un ampio soggiorno con una zona notte per 2 persone e un televisore a schermo piatto. La zona cucina \u00e8 attrezzata con tutto il necessario per preparare i vostri pasti preferiti. Un grande scaffale \u00e8 disponibile per i vostri effetti personali. La biancheria da letto \u00e8 di buona qualit\u00e0 e promette un sonno confortevole e riposante!  Il bagno \u00e8 dotato di un lavandino, 1 WC e una doccia, 1 asciugacapelli \u00e8 disponibile.<br \/>\n<br \/>Il vostro posto preferito sar\u00e0 la terrazza, con sedie a sdraio, tavolo e panche che vi aspettano per i vostri momenti di relax, un aperitivo ammirando il panorama, i vostri pasti&#8230;<\/p>\n<p>Maggior parte:<br \/>\n<br \/>* Internet \u00e8 wifi e gratuito, ti verr\u00e0 fornito il codice per connetterti facilmente.<br \/>\n<br \/>* Il parcheggio \u00e8 disponibile (1 veicolo) al primo piano della propriet\u00e0.<br \/>\n<br \/>* In laguna proprio di fronte al tuo alloggio con accesso diretto!<\/p>\n<p>Moorea \u00e8 un&#8217;isola di abbaglianti contrasti tra montagne e lagune, c&#8217;\u00e8 una storia affascinante, leggende accattivanti e paesaggi assolutamente magnifici. Prenditi qualche giorno per incontrarla, ti regaler\u00e0 ricordi indelebili!<\/p>\n<p>Tutte le prenotazioni sono soggette all&#8217;accettazione senza restrizioni delle nostre condizioni generali di vendita visibili sul nostro sito Stayinn.Vacations cliccando sulle condizioni generali.<\/p>\n<p>Numero di registrazione : 491DTO-MT<\/p>\n","protected":false},"excerpt":{"rendered":"<p>MOOREA &#8211; PaoPao Cottage Situato sull&#8217;isola di Moorea nel quartiere di Pao-Pao nella conca di Cook&#8217;s Bay, questo alloggio \u00e8 ideale per 4 persone comodamente. Una piccola oasi di pace da scoprire durante il vostro soggiorno a Moorea, con una bella vista sulla baia di Cook. Questa villa F2, totalmente indipendente, \u00e8 composta da una [&hellip;]<\/p>\n","protected":false},"featured_media":9232,"comment_status":"open","ping_status":"closed","template":"","meta":{"inline_featured_image":false},"country":[],"product_brand":[],"product_cat":[217],"product_tag":[],"class_list":{"0":"post-9234","1":"product","2":"type-product","3":"status-publish","4":"has-post-thumbnail","6":"product_cat-alloggi","8":"first","9":"instock","10":"shipping-taxable","11":"purchasable","12":"product-type-simple"},"acf":[],"_links":{"self":[{"href":"https:\/\/stayinn.travel\/it\/wp-json\/wp\/v2\/product\/9234","targetHints":{"allow":["GET"]}}],"collection":[{"href":"https:\/\/stayinn.travel\/it\/wp-json\/wp\/v2\/product"}],"about":[{"href":"https:\/\/stayinn.travel\/it\/wp-json\/wp\/v2\/types\/product"}],"replies":[{"embeddable":true,"href":"https:\/\/stayinn.travel\/it\/wp-json\/wp\/v2\/comments?post=9234"}],"wp:featuredmedia":[{"embeddable":true,"href":"https:\/\/stayinn.travel\/it\/wp-json\/wp\/v2\/media\/9232"}],"wp:attachment":[{"href":"https:\/\/stayinn.travel\/it\/wp-json\/wp\/v2\/media?parent=9234"}],"wp:term":[{"taxonomy":"country","embeddable":true,"href":"https:\/\/stayinn.travel\/it\/wp-json\/wp\/v2\/country?post=9234"},{"taxonomy":"product_brand","embeddable":true,"href":"https:\/\/stayinn.travel\/it\/wp-json\/wp\/v2\/product_brand?post=9234"},{"taxonomy":"product_cat","embeddable":true,"href":"https:\/\/stayinn.travel\/it\/wp-json\/wp\/v2\/product_cat?post=9234"},{"taxonomy":"product_tag","embeddable":true,"href":"https:\/\/stayinn.travel\/it\/wp-json\/wp\/v2\/product_tag?post=9234"}],"curies":[{"name":"wp","href":"https:\/\/api.w.org\/{rel}","templated":true}]}}