{"id":9314,"date":"2025-10-20T15:57:57","date_gmt":"2025-10-20T15:57:57","guid":{"rendered":"https:\/\/stayinn.travel\/product\/tahiti-villa-green-m-2\/"},"modified":"2026-04-16T10:35:40","modified_gmt":"2026-04-16T10:35:40","slug":"tahiti-villa-green-m-2","status":"publish","type":"product","link":"https:\/\/stayinn.travel\/it\/product\/tahiti-villa-green-m-2\/","title":{"rendered":"TAHITI &#8211; Villa Green M"},"content":{"rendered":"<p>Benvenuti alla VILLA GREEN M!<\/p>\n<p>Venite a scoprire questa villa d&#8217;eccezione con una vista mozzafiato a 180\u00b0 sul mare!<\/p>\n<p>Concedetevi il lusso e il comfort in questa villa moderna, progettata per offrirvi un&#8217;esperienza indimenticabile. Con le sue 4 spaziose camere da letto, ognuna dotata del proprio bagno, potrete godere di totale privacy.<\/p>\n<p>Il luminoso soggiorno, la cucina americana completamente attrezzata e la terrazza panoramica vi permetteranno di vivere appieno la bellezza del mare.<\/p>\n<p>Questa meravigliosa villa di 350 mq pu\u00f2 ospitare fino a 10 persone. Situata in una zona tranquilla di Punaauia.<\/p>\n<p>Dispone di 4 camere climatizzate con 4 letti king size e un divano letto matrimoniale. Conta anche 4 bagni, di cui 3 con doccia e 1 con vasca. La biancheria per la casa \u00e8 fornita.<\/p>\n<p>La cucina americana, completamente attrezzata (frigorifero, congelatore, lavastoviglie, lavatrice, asciugatrice, forno, microonde, macchina per il caff\u00e8, bollitore, tostapane, ecc.), vi permetter\u00e0 di preparare i vostri pasti. \u00c8 inoltre a vostra disposizione un barbecue nel giardino.<\/p>\n<p>Potrete godere della piscina privata con vista sul mare e sul giardino curato. Sono presenti anche attrezzature per il tempo libero (tavolo da ping-pong, biliardo). Una terrazza e un balcone completano gli spazi esterni.<\/p>\n<p>Un parcheggio privato coperto da 5 posti auto \u00e8 a vostra disposizione, di cui un garage coperto con una stazione di ricarica per auto ibride.<\/p>\n<p>Ideale per famiglie, in quanto mettiamo a disposizione 1 lettino da viaggio e 2 seggiolini per bambini, per coppie o gruppi di amici, questa villa vi offrir\u00e0 un soggiorno confortevole e rilassante a Tahiti.<\/p>\n<p>DA SAPERE:<br \/>\n<br \/>Ogni prenotazione \u00e8 soggetta all&#8217;accettazione incondizionata delle nostre condizioni generali di vendita, visibili sul nostro sito Stayinn.Vacations cliccando sulle condizioni generali.<\/p>\n<p>NUMERO MT: 4441DTO-MT<\/p>\n","protected":false},"excerpt":{"rendered":"<p>Benvenuti alla VILLA GREEN M! Venite a scoprire questa villa d&#8217;eccezione con una vista mozzafiato a 180\u00b0 sul mare! Concedetevi il lusso e il comfort in questa villa moderna, progettata per offrirvi un&#8217;esperienza indimenticabile. Con le sue 4 spaziose camere da letto, ognuna dotata del proprio bagno, potrete godere di totale privacy. Il luminoso soggiorno, [&hellip;]<\/p>\n","protected":false},"featured_media":9312,"comment_status":"open","ping_status":"closed","template":"","meta":{"inline_featured_image":false},"country":[],"product_brand":[],"product_cat":[217],"product_tag":[],"class_list":{"0":"post-9314","1":"product","2":"type-product","3":"status-publish","4":"has-post-thumbnail","6":"product_cat-alloggi","8":"first","9":"instock","10":"shipping-taxable","11":"purchasable","12":"product-type-simple"},"acf":[],"_links":{"self":[{"href":"https:\/\/stayinn.travel\/it\/wp-json\/wp\/v2\/product\/9314","targetHints":{"allow":["GET"]}}],"collection":[{"href":"https:\/\/stayinn.travel\/it\/wp-json\/wp\/v2\/product"}],"about":[{"href":"https:\/\/stayinn.travel\/it\/wp-json\/wp\/v2\/types\/product"}],"replies":[{"embeddable":true,"href":"https:\/\/stayinn.travel\/it\/wp-json\/wp\/v2\/comments?post=9314"}],"wp:featuredmedia":[{"embeddable":true,"href":"https:\/\/stayinn.travel\/it\/wp-json\/wp\/v2\/media\/9312"}],"wp:attachment":[{"href":"https:\/\/stayinn.travel\/it\/wp-json\/wp\/v2\/media?parent=9314"}],"wp:term":[{"taxonomy":"country","embeddable":true,"href":"https:\/\/stayinn.travel\/it\/wp-json\/wp\/v2\/country?post=9314"},{"taxonomy":"product_brand","embeddable":true,"href":"https:\/\/stayinn.travel\/it\/wp-json\/wp\/v2\/product_brand?post=9314"},{"taxonomy":"product_cat","embeddable":true,"href":"https:\/\/stayinn.travel\/it\/wp-json\/wp\/v2\/product_cat?post=9314"},{"taxonomy":"product_tag","embeddable":true,"href":"https:\/\/stayinn.travel\/it\/wp-json\/wp\/v2\/product_tag?post=9314"}],"curies":[{"name":"wp","href":"https:\/\/api.w.org\/{rel}","templated":true}]}}