{"id":9322,"date":"2025-10-20T15:57:57","date_gmt":"2025-10-20T15:57:57","guid":{"rendered":"https:\/\/stayinn.travel\/product\/moorea-villa-maoe-pool-pmr-2\/"},"modified":"2026-04-16T10:34:55","modified_gmt":"2026-04-16T10:34:55","slug":"moorea-villa-maoe-pool-pmr-2","status":"publish","type":"product","link":"https:\/\/stayinn.travel\/it\/product\/moorea-villa-maoe-pool-pmr-2\/","title":{"rendered":"MOOREA &#8211; Villa Maoe Pool (PMR)"},"content":{"rendered":"<p>MOOREA &#8211; Villa Maoe Pool (PMR) <\/p>\n<p>UNA VILLA ECOLOGICA ACCESSIBILE A PERSONE A MOBILIT\u00c0 RIDOTTA A MOOREA!<\/p>\n<p>Prenota per la tua vacanza o breve soggiorno una villa ecologica e architettonica con piscina privata e giardino recintato, che pu\u00f2 ospitare comodamente 9 persone.<br \/>\n<br \/>Ideale per soggiorni in famiglia o tra amici, questo luogo vi offrir\u00e0 convivialit\u00e0 e tranquillit\u00e0. La propriet\u00e0 si trova ad Afareaitu sul lato della montagna, vicino al molo dei traghetti, in una zona tranquilla e familiare.<\/p>\n<p>La villa \u00e8 ecologica ed energeticamente autosufficiente. L&#8217;elettricit\u00e0 \u00e8 prodotta da pannelli fotovoltaici posti sotto il tetto, mentre l&#8217;acqua \u00e8 fornita da pannelli solari e da un serbatoio di accumulo da 300 L. \u00c8 stato completamente adattato per ospitare persone con mobilit\u00e0 ridotta grazie al suo sentieri facilmente percorribili, la sua rampa di accesso, i suoi soggiorni e le 2 spaziose camere da letto.<\/p>\n<p>L&#8217;immobile \u00e8 composto da un soggiorno arredato, climatizzato e dotato di divano ad angolo (trasformabile in letto singolo per il 9 \u00b0 occupante), poltrone, Smart TV a schermo piatto. Una cucina completamente attrezzata per preparare i vostri pasti e coccolare i vostri ospiti.<br \/>\n<br \/>La camera da letto principale \u00e8 dotata di aria condizionata con letto king size, armadio e cassetta di sicurezza per riporre i vostri oggetti di valore. La seconda camera da letto \u00e8 dotata di un letto Queen Size e di un armadio. Il soppalco climatizzato pu\u00f2 anche ospitare 4 persone c&#8217;\u00e8 1 letto queen size e 1 letto matrimoniale, 1 cassapanca e una mensola per i vostri effetti personali.<br \/>\n<br \/>Il bagno della villa \u00e8 composto da 2 lavandini, un WC, una vasca e una cabina doccia. \u00c8 disponibile una seconda toilette indipendente con lavabo. Una lavatrice \u00e8 a vostra disposizione in casa.<br \/>\n<br \/>La terrazza \u00e8 coperta e sar\u00e0 il vostro luogo preferito per i vostri aperitivi, pasti o anche per un momento di lettura o di riposo. Tavoli, sedie e divani arredano questo luogo dove puoi guardare i tuoi bambini mentre nuotano.<br \/>\n<br \/>La piscina, interamente piastrellata, con un&#8217;area adatta ai bambini piccoli, delizier\u00e0 grandi e piccini. Un ombrellone e lettini ti aspettano! Ogni prima serata sar\u00e0 animata da un multicolore gioco di luci, ammira e goditi questi momenti.<br \/>\n<br \/>Il giardino \u00e8 completamente recintato, i tuoi bambini sono al sicuro. C&#8217;\u00e8 un riparo per il tuo veicolo.<\/p>\n<p>L&#8217;ESSENZIALE<br \/>\n<br \/>* Villa ecologica ed energeticamente autonoma in armonia con la nostra Fenua<br \/>\n<br \/>* Adattato per ospitare una persona a mobilit\u00e0 ridotta (PRM)<br \/>\n<br \/>* Piscina privata con spettacolo di luci multicolori ogni sera presto<br \/>\n<br \/>* Aria condizionata in tutto con sistema split telecomandato<br \/>\n<br \/>* Attrezzature di qualit\u00e0<br \/>\n<br \/>* Internet in fibra ottica illimitato<br \/>\n<br \/>* Smart TV con Netflix<br \/>\n<br \/>*Barbecue<br \/>\n<br \/>* Bere acqua di rubinetto<br \/>\n<br \/>* Manutenzione regolare della piscina (controllo dell&#8217;acqua e pulizia)<br \/>\n<br \/>* Galli e galline, visitatori occasionali del giardino, fanno parte del quartiere e della vita dell&#8217;isola.<\/p>\n<p>Numero di registrazione : 1417DTO-MT<\/p>\n","protected":false},"excerpt":{"rendered":"<p>MOOREA &#8211; Villa Maoe Pool (PMR) UNA VILLA ECOLOGICA ACCESSIBILE A PERSONE A MOBILIT\u00c0 RIDOTTA A MOOREA! Prenota per la tua vacanza o breve soggiorno una villa ecologica e architettonica con piscina privata e giardino recintato, che pu\u00f2 ospitare comodamente 9 persone. Ideale per soggiorni in famiglia o tra amici, questo luogo vi offrir\u00e0 convivialit\u00e0 [&hellip;]<\/p>\n","protected":false},"featured_media":9320,"comment_status":"open","ping_status":"closed","template":"","meta":{"inline_featured_image":false},"country":[],"product_brand":[],"product_cat":[217],"product_tag":[],"class_list":{"0":"post-9322","1":"product","2":"type-product","3":"status-publish","4":"has-post-thumbnail","6":"product_cat-alloggi","8":"first","9":"instock","10":"shipping-taxable","11":"purchasable","12":"product-type-simple"},"acf":[],"_links":{"self":[{"href":"https:\/\/stayinn.travel\/it\/wp-json\/wp\/v2\/product\/9322","targetHints":{"allow":["GET"]}}],"collection":[{"href":"https:\/\/stayinn.travel\/it\/wp-json\/wp\/v2\/product"}],"about":[{"href":"https:\/\/stayinn.travel\/it\/wp-json\/wp\/v2\/types\/product"}],"replies":[{"embeddable":true,"href":"https:\/\/stayinn.travel\/it\/wp-json\/wp\/v2\/comments?post=9322"}],"wp:featuredmedia":[{"embeddable":true,"href":"https:\/\/stayinn.travel\/it\/wp-json\/wp\/v2\/media\/9320"}],"wp:attachment":[{"href":"https:\/\/stayinn.travel\/it\/wp-json\/wp\/v2\/media?parent=9322"}],"wp:term":[{"taxonomy":"country","embeddable":true,"href":"https:\/\/stayinn.travel\/it\/wp-json\/wp\/v2\/country?post=9322"},{"taxonomy":"product_brand","embeddable":true,"href":"https:\/\/stayinn.travel\/it\/wp-json\/wp\/v2\/product_brand?post=9322"},{"taxonomy":"product_cat","embeddable":true,"href":"https:\/\/stayinn.travel\/it\/wp-json\/wp\/v2\/product_cat?post=9322"},{"taxonomy":"product_tag","embeddable":true,"href":"https:\/\/stayinn.travel\/it\/wp-json\/wp\/v2\/product_tag?post=9322"}],"curies":[{"name":"wp","href":"https:\/\/api.w.org\/{rel}","templated":true}]}}