{"id":9330,"date":"2025-10-20T15:57:57","date_gmt":"2025-10-20T15:57:57","guid":{"rendered":"https:\/\/stayinn.travel\/product\/tahiti-5-oclock-in-paradise-2\/"},"modified":"2025-10-20T16:08:38","modified_gmt":"2025-10-20T16:08:38","slug":"tahiti-5-oclock-in-paradise-2","status":"publish","type":"product","link":"https:\/\/stayinn.travel\/it\/product\/tahiti-5-oclock-in-paradise-2\/","title":{"rendered":"TAHITI &#8211; 5 O&#8217;Clock In Paradise&#8230;"},"content":{"rendered":"<p>TAHITI &#8211; 5 O\u2019Clock In Paradise&#8230;<br \/>\n<br \/>Svegliarsi ogni giorno davanti a questo panorama eccezionale\u2026 sono le 5 del mattino In Paradiso, si apre il giorno per una nuova Avventura a Tahiti!<br \/>\n<br \/>La storia della tua vacanza \u00e8 scritta qui in questo ambiente eccezionalmente decorato &#8230;<\/p>\n<p>Situata nel quartiere di Paea, questa bellissima villa in stile coloniale sar\u00e0 il luogo ideale per i vostri soggiorni a Tahiti con la famiglia o gli amici. Tutto \u00e8 l\u00ec per trascorrere i momenti pi\u00f9 piacevoli. Un ampio parco paesaggistico che si apre su una bellissima laguna turchese, una piscina privata, una vista dell&#8217;isola di Moorea, spazi di vita all&#8217;aperto disposti per sfruttare al meglio questa vista superba e i maestosi tramonti!<\/p>\n<p>Il terrazzo principale di 70 mq, coperto e arredato, sar\u00e0 il vostro luogo preferito di ritrovo per i vostri pasti, tutto ci\u00f2 di cui avrete bisogno \u00e8 un tavolo, sedie e zone relax con divano e poltrona.<br \/>\n<br \/>Il 2 \u00b0 terrazzo all&#8217;aperto con una sala relax con 3 divani, 1 tavolo alto e 4 posti a sedere sar\u00e0 preferito per il relax a fine giornata.<\/p>\n<p>La villa \u00e8 composta da 4 camere da letto climatizzate, 2 delle quali sono suite con letto king size e dotate di bagno con wc privato. La terza camera da letto \u00e8 inoltre dotata di un letto king size, un com\u00f2 e 1 poltrona. La 4a camera da letto \u00e8 adatta alle famiglie, con 2 letti matrimoniali 140 x 200. Questi condivideranno il 3 \u00b0 bagno della villa e il 3 \u00b0 WC indipendente.<br \/>\n<br \/>Il soggiorno offre 2 spazi distinti, ognuno composto da un divano ad angolo o da un divano e poltrone, uno di loro \u00e8 dotato di Smart TV con Netflix per i pi\u00f9 appassionati. .<br \/>\n<br \/>La cucina, completamente attrezzata e dotata di lavastoviglie, ha anche un&#8217;isola centrale con 4 sedie da bar. Preparerai facilmente tutti i tuoi pasti l\u00ec per deliziare tutti i tuoi piccoli.<\/p>\n<p>La piscina, con sale e misura 8 x 5 metri delizier\u00e0 grandi e piccini, cos\u00ec come le sue 3 sdraio disposte intorno per la vostra sessione di abbronzatura. La doccia esterna sar\u00e0 apprezzata per il risciacquo dopo il bagno in laguna, per rimuovere la sabbia dopo una passeggiata sulla spiaggia &#8230;<\/p>\n<p>Il giardino offre diverse zone attrezzate con sdraio e poltroncine da esterno per riposarsi, leggere un libro o addirittura bere un bicchiere di vino sotto l&#8217;albero di Ficus ammirando il sole al tramonto!<\/p>\n<p>Un intero programma ti aspetta a TAHITI &#8211; 5 O\u2019Clock In Paradise &#8230;<\/p>\n<p>I vantaggi di questo alloggio:<br \/>\n<br \/>&#8211; Attrezzature di qualit\u00e0<br \/>\n<br \/>&#8211; Posizione eccezionale sulla laguna<br \/>\n<br \/>&#8211; Cancello elettrico + allarme<br \/>\n<br \/>&#8211; Un garage per 2 veicoli<br \/>\n<br \/>&#8211; Un barbecue a disposizione<br \/>\n<br \/>&#8211; 1 kayak doppio, 1 kayak singolo e 2 pagaie<br \/>\n<br \/>&#8211; Un servizio di portineria al tuo fianco per assisterti e organizzare i tuoi desideri di esperienze autentiche e di benessere<br \/>\n<br \/>&#8211; A met\u00e0 strada tra la penisola selvaggia e autentica e l&#8217;agglomerato di Papeete con i suoi negozi e servizi.<\/p>\n<p>Tutte le prenotazioni sono soggette all&#8217;accettazione illimitata delle nostre condizioni generali di vendita visibili sul nostro sito Stayinn.Vacations cliccando sulle condizioni generali.<\/p>\n<p>Numero di registrazione: 1275DTO-MT<\/p>\n<p>* Alloggi idonei alla quarantena.<\/p>\n","protected":false},"excerpt":{"rendered":"<p>TAHITI &#8211; 5 O\u2019Clock In Paradise&#8230; Svegliarsi ogni giorno davanti a questo panorama eccezionale\u2026 sono le 5 del mattino In Paradiso, si apre il giorno per una nuova Avventura a Tahiti! La storia della tua vacanza \u00e8 scritta qui in questo ambiente eccezionalmente decorato &#8230; Situata nel quartiere di Paea, questa bellissima villa in stile [&hellip;]<\/p>\n","protected":false},"featured_media":9328,"comment_status":"open","ping_status":"closed","template":"","meta":{"inline_featured_image":false},"country":[],"product_brand":[],"product_cat":[217],"product_tag":[],"class_list":{"0":"post-9330","1":"product","2":"type-product","3":"status-publish","4":"has-post-thumbnail","6":"product_cat-alloggi","8":"first","9":"instock","10":"shipping-taxable","11":"purchasable","12":"product-type-simple"},"acf":[],"_links":{"self":[{"href":"https:\/\/stayinn.travel\/it\/wp-json\/wp\/v2\/product\/9330","targetHints":{"allow":["GET"]}}],"collection":[{"href":"https:\/\/stayinn.travel\/it\/wp-json\/wp\/v2\/product"}],"about":[{"href":"https:\/\/stayinn.travel\/it\/wp-json\/wp\/v2\/types\/product"}],"replies":[{"embeddable":true,"href":"https:\/\/stayinn.travel\/it\/wp-json\/wp\/v2\/comments?post=9330"}],"wp:featuredmedia":[{"embeddable":true,"href":"https:\/\/stayinn.travel\/it\/wp-json\/wp\/v2\/media\/9328"}],"wp:attachment":[{"href":"https:\/\/stayinn.travel\/it\/wp-json\/wp\/v2\/media?parent=9330"}],"wp:term":[{"taxonomy":"country","embeddable":true,"href":"https:\/\/stayinn.travel\/it\/wp-json\/wp\/v2\/country?post=9330"},{"taxonomy":"product_brand","embeddable":true,"href":"https:\/\/stayinn.travel\/it\/wp-json\/wp\/v2\/product_brand?post=9330"},{"taxonomy":"product_cat","embeddable":true,"href":"https:\/\/stayinn.travel\/it\/wp-json\/wp\/v2\/product_cat?post=9330"},{"taxonomy":"product_tag","embeddable":true,"href":"https:\/\/stayinn.travel\/it\/wp-json\/wp\/v2\/product_tag?post=9330"}],"curies":[{"name":"wp","href":"https:\/\/api.w.org\/{rel}","templated":true}]}}