{"id":9354,"date":"2025-10-20T15:57:57","date_gmt":"2025-10-20T15:57:57","guid":{"rendered":"https:\/\/stayinn.travel\/product\/moorea-fare-te-utuafare-2\/"},"modified":"2026-04-16T10:35:07","modified_gmt":"2026-04-16T10:35:07","slug":"moorea-fare-te-utuafare-2","status":"publish","type":"product","link":"https:\/\/stayinn.travel\/it\/product\/moorea-fare-te-utuafare-2\/","title":{"rendered":"MOOREA &#8211; Fare Te Utuafare"},"content":{"rendered":"<p>Moorea \u00e8 una destinazione paradisiaca, ideale per vacanze in famiglia, sport acquatici, relax su spiagge di sabbia bianca, passeggiate sulle montagne selvagge o semplicemente scoperte culturali! Quest&#8217;isola vi stupir\u00e0 per la bellezza dei suoi paesaggi, la ricchezza della sua laguna e la gentilezza dei suoi abitanti.<\/p>\n<p>Fare Te Utuafare \u00e8 una casa familiare ideale per gruppi ed eventi familiari con una capacit\u00e0 di 12 persone (e pi\u00f9 a un costo aggiuntivo).<\/p>\n<p>L&#8217;alloggio dispone di un bellissimo spazio esterno con alberi e una bella piscina sul ponte di legno che invita a rilassarsi in questo ambiente verde. Diverse aree con tavoli e sedie permettono a famiglie e amici di riunirsi e condividere momenti indimenticabili.<\/p>\n<p>All&#8217;ingresso della villa si trova un&#8217;ampia terrazza chiusa con divani, tavolo e sedie, oltre a 3 letti singoli. Un bagno con doccia e una toilette si trovano nella continuit\u00e0 di questa stanza con un piccolo spazio di relax e un pouf per dedicarsi alla lettura. <\/p>\n<p>Da questa terrazza si accede alla piscina, alle sue sedie a sdraio e ai suoi mobili da giardino sotto la pergola.<\/p>\n<p>Nel soggiorno della casa, un divano, un letto supplementare, dei pouf permettono di trascorrere serate al cinema grazie alla grande TV a schermo piatto. <\/p>\n<p>La cucina in legno \u00e8 aperta sul soggiorno ed \u00e8 dotata di frigorifero-congelatore, forno, microonde, bollitore, tostapane e tutti gli utensili necessari. Un tavolo e delle sedie vi permetteranno di consumare i vostri pasti. Dalla cucina si accede al cortile interno della casa con un giardino e un&#8217;ampia terrazza coperta con numerosi tavoli e sedie per riunirsi.<\/p>\n<p>La casa \u00e8 composta da 4 camere da letto tutte dotate di ventilatore:<\/p>\n<p>La prima camera si trova tra il soggiorno e la cucina ed \u00e8 arredata con un letto matrimoniale, una cassettiera per riporre i vostri effetti personali e un accesso privato al bagno verde.<\/p>\n<p>La camera da letto principale si trova a destra del soggiorno. Dispone di un letto queen-size, di un ampio spazio per riporre i propri oggetti personali e di un bagno privato con doccia, lavandino e WC. <\/p>\n<p>Le due camere da letto successive condividono un bagno con doccia e una toilette ed entrambe hanno accesso diretto alla terrazza e al giardino interno della casa. Entrambe sono dotate di letti queen-size e una di esse ha una scrivania e una TV a schermo piatto.<\/p>\n<p>Nel cortile interno \u00e8 disponibile una lavanderia con lavatrice. <\/p>\n<p>Vi consigliamo di noleggiare un&#8217;auto per raggiungere pi\u00f9 facilmente il vostro alloggio, fare shopping e infine scoprire in piena libert\u00e0 i magnifici paesaggi che offre l&#8217;isola di Moorea.<\/p>\n<p>GLI ELEMENTI ESSENZIALI :<br \/>\n<br \/>* Spazioso<br \/>\n<br \/>* Piscina<br \/>\n<br \/>* Internet wifi<br \/>\n<br \/>* Vicino alle spiagge<\/p>\n<p>VICINO:<br \/>\n<br \/>* Supermercato Tiahura &#8211; 100 m<br \/>\n<br \/>* Spiaggia di Tipaniers &#8211; 800 m<br \/>\n<br \/>* Villaggio Tiki &#8211; 6 km<br \/>\n<br \/>* Te Fare Natura &#8211; Ecomuseo &#8211; 7 km<br \/>\n<br \/>* Spiaggia di Ta&#8217;ahiamanu &#8211; 10 km<br \/>\n<br \/>* Negozio Super U &#8211; 15 km<br \/>\n<br \/>* Spiaggia di Temae &#8211; 25 km<br \/>\n<br \/>* Molo dei traghetti &#8211; 30 km<\/p>\n<p>Tutte le prenotazioni sono soggette alla piena accettazione dei nostri termini e condizioni di vendita, che possono essere visualizzati sul nostro sito web Stayinn.Vacations cliccando su termini e condizioni di vendita.<\/p>\n<p>Numero di registrazione: 1528DT0-MT<\/p>\n","protected":false},"excerpt":{"rendered":"<p>Moorea \u00e8 una destinazione paradisiaca, ideale per vacanze in famiglia, sport acquatici, relax su spiagge di sabbia bianca, passeggiate sulle montagne selvagge o semplicemente scoperte culturali! Quest&#8217;isola vi stupir\u00e0 per la bellezza dei suoi paesaggi, la ricchezza della sua laguna e la gentilezza dei suoi abitanti. Fare Te Utuafare \u00e8 una casa familiare ideale per [&hellip;]<\/p>\n","protected":false},"featured_media":9352,"comment_status":"open","ping_status":"closed","template":"","meta":{"inline_featured_image":false},"country":[],"product_brand":[],"product_cat":[217],"product_tag":[],"class_list":{"0":"post-9354","1":"product","2":"type-product","3":"status-publish","4":"has-post-thumbnail","6":"product_cat-alloggi","8":"first","9":"instock","10":"shipping-taxable","11":"purchasable","12":"product-type-simple"},"acf":[],"_links":{"self":[{"href":"https:\/\/stayinn.travel\/it\/wp-json\/wp\/v2\/product\/9354","targetHints":{"allow":["GET"]}}],"collection":[{"href":"https:\/\/stayinn.travel\/it\/wp-json\/wp\/v2\/product"}],"about":[{"href":"https:\/\/stayinn.travel\/it\/wp-json\/wp\/v2\/types\/product"}],"replies":[{"embeddable":true,"href":"https:\/\/stayinn.travel\/it\/wp-json\/wp\/v2\/comments?post=9354"}],"wp:featuredmedia":[{"embeddable":true,"href":"https:\/\/stayinn.travel\/it\/wp-json\/wp\/v2\/media\/9352"}],"wp:attachment":[{"href":"https:\/\/stayinn.travel\/it\/wp-json\/wp\/v2\/media?parent=9354"}],"wp:term":[{"taxonomy":"country","embeddable":true,"href":"https:\/\/stayinn.travel\/it\/wp-json\/wp\/v2\/country?post=9354"},{"taxonomy":"product_brand","embeddable":true,"href":"https:\/\/stayinn.travel\/it\/wp-json\/wp\/v2\/product_brand?post=9354"},{"taxonomy":"product_cat","embeddable":true,"href":"https:\/\/stayinn.travel\/it\/wp-json\/wp\/v2\/product_cat?post=9354"},{"taxonomy":"product_tag","embeddable":true,"href":"https:\/\/stayinn.travel\/it\/wp-json\/wp\/v2\/product_tag?post=9354"}],"curies":[{"name":"wp","href":"https:\/\/api.w.org\/{rel}","templated":true}]}}