{"id":9370,"date":"2025-10-20T15:57:57","date_gmt":"2025-10-20T15:57:57","guid":{"rendered":"https:\/\/stayinn.travel\/product\/tahiti-sannys-place-family-room-pool-2\/"},"modified":"2026-04-16T10:34:49","modified_gmt":"2026-04-16T10:34:49","slug":"tahiti-sannys-place-family-room-pool-2","status":"publish","type":"product","link":"https:\/\/stayinn.travel\/it\/product\/tahiti-sannys-place-family-room-pool-2\/","title":{"rendered":"TAHITI &#8211; Sanny&#8217;s Place Family Room &#038; Pool"},"content":{"rendered":"<p>TAHITI \u2013 Sanny\u2019s Place Family Room &#038; Pool<\/p>\n<p>Ideale per un soggiorno in famiglia o professionale sulla costa occidentale di Tahiti, benvenuto a Sanny\u2019s Place! <\/p>\n<p>Il tuo alloggio si trova a soli 10 minuti dall&#8217;aeroporto di Tahiti, l&#8217;accesso \u00e8 facile (senza salire sulle alture dell&#8217;isola).<br \/>\n<br \/>Il quartiere di Punauuia \u00e8 piacevole e ricercato per la sua vicinanza alla capitale di Papeete, l&#8217;unica spiaggia di sabbia bianca Vaiava a PK 18, i migliori ristoranti, attivit\u00e0 turistiche e centri commerciali. Si consiglia comunque un&#8217;auto per visitare l&#8217;isola e i centri di interesse (spiagge, mercato di Papeete, siti storici, culturali &#8230;).<\/p>\n<p>Sanny&#8217;s Place offre una spaziosa camera familiare climatizzata con accesso indipendente dalla piscina. Si compone di un letto king size, un letto matrimoniale e un armadio. Una televisione e uno spazio ufficio sono a vostra disposizione. Inoltre troverai un frigorifero e un bagno privato con doccia, lavandino e wc.<\/p>\n<p>L&#8217;accesso alla piscina della struttura \u00e8 gratuito per tutti i viaggiatori che soggiornano presso Sanny\u2019s Place, nonch\u00e9 l&#8217;uso del barbecue e della cucina, che saranno condivisi con i viaggiatori della seconda camera da letto, anche in affitto. Una lavatrice \u00e8 inoltre disponibile.<br \/>\n<br \/>Un parcheggio sar\u00e0 disponibile per 1 veicolo. Internet \u00e8 wifi e gratuito per tutti i viaggiatori.<\/p>\n<p>Alloggiare a Sanny\u2019s Place \u00e8 la certezza di essere vicino ai migliori ristoranti, la spiaggia pi\u00f9 bella della West Coast (Plage Vaiava PK 18) e vicino ai negozi e alle attivit\u00e0 di Tahiti.<\/p>\n<p>Vicino al tuo alloggio, sulla costa occidentale dell&#8217;isola troverai:<br \/>\n<br \/>&#8211; Negozio del fine settimana, Puna&#8217;auia a 750 metri<br \/>\n<br \/>&#8211; LS PROXI Punaauia, Puna&#8217;auia a 1.9 Km<br \/>\n<br \/>&#8211; Centro commerciale Carrefour Punaauia Moana Nui a 5.9 Km<br \/>\n<br \/>&#8211; Ristorante Blue Banana a 350 metri<br \/>\n<br \/>&#8211; Captain Bligh Bar and Restaurant a 500 metri di distanza<br \/>\n<br \/>&#8211; Ristorante Le Red 1.9 km<br \/>\n<br \/>&#8211; Ristorante Le Coco a 2 km<br \/>\n<br \/>&#8211; Spiaggia di Vaiava a PK 18 a 8.2 Km<br \/>\n<br \/>&#8211; Tahiti La Plage a 2.1 Km<br \/>\n<br \/>&#8211; Museo di Tahiti e le isole a 5,6 km di distanza<br \/>\n<br \/>&#8211; Spiaggia dei musei a 5,7 km<br \/>\n<br \/>&#8211; Parco del Mahana a 7,4 km<br \/>\n<br \/>&#8211; Le Marae Arahurahu di Paea a 13 km<br \/>\n<br \/>&#8211; Le grotte di Maraa in Paea a 18,8 km<\/p>\n<p>Tutte le prenotazioni sono soggette all&#8217;accettazione senza restrizioni delle nostre condizioni generali di vendita visibili sul nostro sito Stayinn.Vacations facendo clic sulle condizioni generali.<\/p>\n<p>Numero di registrazione: 909DTO-MT<\/p>\n<p>* Alloggi non idonei alla quarantena.<\/p>\n","protected":false},"excerpt":{"rendered":"<p>TAHITI \u2013 Sanny\u2019s Place Family Room &#038; Pool Ideale per un soggiorno in famiglia o professionale sulla costa occidentale di Tahiti, benvenuto a Sanny\u2019s Place! Il tuo alloggio si trova a soli 10 minuti dall&#8217;aeroporto di Tahiti, l&#8217;accesso \u00e8 facile (senza salire sulle alture dell&#8217;isola). Il quartiere di Punauuia \u00e8 piacevole e ricercato per la [&hellip;]<\/p>\n","protected":false},"featured_media":9368,"comment_status":"open","ping_status":"closed","template":"","meta":{"inline_featured_image":false},"country":[],"product_brand":[],"product_cat":[217],"product_tag":[],"class_list":{"0":"post-9370","1":"product","2":"type-product","3":"status-publish","4":"has-post-thumbnail","6":"product_cat-alloggi","8":"first","9":"instock","10":"shipping-taxable","11":"purchasable","12":"product-type-simple"},"acf":[],"_links":{"self":[{"href":"https:\/\/stayinn.travel\/it\/wp-json\/wp\/v2\/product\/9370","targetHints":{"allow":["GET"]}}],"collection":[{"href":"https:\/\/stayinn.travel\/it\/wp-json\/wp\/v2\/product"}],"about":[{"href":"https:\/\/stayinn.travel\/it\/wp-json\/wp\/v2\/types\/product"}],"replies":[{"embeddable":true,"href":"https:\/\/stayinn.travel\/it\/wp-json\/wp\/v2\/comments?post=9370"}],"wp:featuredmedia":[{"embeddable":true,"href":"https:\/\/stayinn.travel\/it\/wp-json\/wp\/v2\/media\/9368"}],"wp:attachment":[{"href":"https:\/\/stayinn.travel\/it\/wp-json\/wp\/v2\/media?parent=9370"}],"wp:term":[{"taxonomy":"country","embeddable":true,"href":"https:\/\/stayinn.travel\/it\/wp-json\/wp\/v2\/country?post=9370"},{"taxonomy":"product_brand","embeddable":true,"href":"https:\/\/stayinn.travel\/it\/wp-json\/wp\/v2\/product_brand?post=9370"},{"taxonomy":"product_cat","embeddable":true,"href":"https:\/\/stayinn.travel\/it\/wp-json\/wp\/v2\/product_cat?post=9370"},{"taxonomy":"product_tag","embeddable":true,"href":"https:\/\/stayinn.travel\/it\/wp-json\/wp\/v2\/product_tag?post=9370"}],"curies":[{"name":"wp","href":"https:\/\/api.w.org\/{rel}","templated":true}]}}