{"id":9394,"date":"2025-10-20T15:57:57","date_gmt":"2025-10-20T15:57:57","guid":{"rendered":"https:\/\/stayinn.travel\/product\/tahiti-studio-manomano-maoti-2\/"},"modified":"2026-04-16T10:36:29","modified_gmt":"2026-04-16T10:36:29","slug":"tahiti-studio-manomano-maoti-2","status":"publish","type":"product","link":"https:\/\/stayinn.travel\/it\/product\/tahiti-studio-manomano-maoti-2\/","title":{"rendered":"TAHITI &#8211; Studio ManoMano Maoti"},"content":{"rendered":"<p>TAHITI &#8211; Studio Manomano Maoti<br \/>\n<br \/>Situato sulla costa occidentale di Tahiti, a Papara, lo Studio Manomano Maoti vi offre un quadro privilegiato sul bordo della spiaggia, nel cuore di una propriet\u00e0 familiare tranquilla e verdeggiante. Potrete usufruire di un accesso quasi privato alla sabbia bianca e a una laguna eccezionale, ideale per il relax, lo snorkeling o un&#8217;uscita in kayak.<\/p>\n<p>Con i suoi 45 m\u00b2 abitabili, lo studio climatizzato permette di ospitare fino a 4 persone grazie ai suoi posti letto in soppalco<\/p>\n<p>Lo studio lato giardino \u00e8 composto da una cucina attrezzata (piano cottura a gas, frigorifero, bollitore, macchina da caff\u00e8 e tostapane), da una sala da pranzo e da una terrazza aperta sul giardino.<\/p>\n<p>Il soggiorno comprende 2 letti singoli con possibilit\u00e0 di assemblarli e 1 letto matrimoniale al livello della mezzanina.<\/p>\n<p>Il bagno \u00e8 dotato di tutto il necessario (gel doccia \/ shampoo) e un cambio di biancheria da letto ogni 3 giorni.<\/p>\n<p>Su richiesta, possiamo mettervi gratuitamente a disposizione un lettino da viaggio, un asciugacapelli e un forno a microonde. Un servizio di lavanderia \u00e8 inoltre disponibile a pagamento. \u00c8 possibile aggiungere materassi supplementari (1.500 XPF a persona), da pagare direttamente in loco.<\/p>\n<p>Nelle vicinanze del lodge (a -100 m a piedi)<br \/>\n<br \/>Marae Mahaeatea del lodge<br \/>\n<br \/>Spiaggia di Taharuu e nuoto in fiume<br \/>\n<br \/>Negozio LS PROXI TAHARUU<br \/>\n<br \/>Snack BEACH BURGER<br \/>\n<br \/>Pizzeria La Ventienne<\/p>\n<p>Gli essenziali:<br \/>\n<br \/>colazione + cena possibile su richiesta in loco<br \/>\n<br \/>Servizio di pulizia eseguito ogni 3 giorni per soggiorni lunghi<br \/>\n<br \/>Wifi illimitato gratuito<br \/>\n<br \/>Vicino al punto di surf Taharuu<br \/>\n<br \/>noleggio attrezzature nautiche (paddle, kayak, tavola da surf)<br \/>\n<br \/>punto di snorkeling proprio di fronte<\/p>\n<p>Gli eventi o qualsiasi altra festa sono vietati all&#8217;interno del bungalow<br \/>\n<br \/>\u00c8 richiesta una cauzione per ogni pagamento in contanti, bonifico o assegno. Questa non verr\u00e0 incassata e vi verr\u00e0 restituita al check-out presso l&#8217;agenzia STAYINN VACATIONS<br \/>\n<br \/>Ogni prenotazione \u00e8 obbligatoriamente soggetta all&#8217;accettazione senza restrizioni delle nostre condizioni generali di vendita visibili sul nostro sito Stayinn.Vacations cliccando sulle condizioni generali.<\/p>\n","protected":false},"excerpt":{"rendered":"<p>TAHITI &#8211; Studio Manomano Maoti Situato sulla costa occidentale di Tahiti, a Papara, lo Studio Manomano Maoti vi offre un quadro privilegiato sul bordo della spiaggia, nel cuore di una propriet\u00e0 familiare tranquilla e verdeggiante. Potrete usufruire di un accesso quasi privato alla sabbia bianca e a una laguna eccezionale, ideale per il relax, lo [&hellip;]<\/p>\n","protected":false},"featured_media":9392,"comment_status":"open","ping_status":"closed","template":"","meta":{"inline_featured_image":false},"country":[],"product_brand":[],"product_cat":[217],"product_tag":[],"class_list":{"0":"post-9394","1":"product","2":"type-product","3":"status-publish","4":"has-post-thumbnail","6":"product_cat-alloggi","8":"first","9":"instock","10":"shipping-taxable","11":"purchasable","12":"product-type-simple"},"acf":[],"_links":{"self":[{"href":"https:\/\/stayinn.travel\/it\/wp-json\/wp\/v2\/product\/9394","targetHints":{"allow":["GET"]}}],"collection":[{"href":"https:\/\/stayinn.travel\/it\/wp-json\/wp\/v2\/product"}],"about":[{"href":"https:\/\/stayinn.travel\/it\/wp-json\/wp\/v2\/types\/product"}],"replies":[{"embeddable":true,"href":"https:\/\/stayinn.travel\/it\/wp-json\/wp\/v2\/comments?post=9394"}],"wp:featuredmedia":[{"embeddable":true,"href":"https:\/\/stayinn.travel\/it\/wp-json\/wp\/v2\/media\/9392"}],"wp:attachment":[{"href":"https:\/\/stayinn.travel\/it\/wp-json\/wp\/v2\/media?parent=9394"}],"wp:term":[{"taxonomy":"country","embeddable":true,"href":"https:\/\/stayinn.travel\/it\/wp-json\/wp\/v2\/country?post=9394"},{"taxonomy":"product_brand","embeddable":true,"href":"https:\/\/stayinn.travel\/it\/wp-json\/wp\/v2\/product_brand?post=9394"},{"taxonomy":"product_cat","embeddable":true,"href":"https:\/\/stayinn.travel\/it\/wp-json\/wp\/v2\/product_cat?post=9394"},{"taxonomy":"product_tag","embeddable":true,"href":"https:\/\/stayinn.travel\/it\/wp-json\/wp\/v2\/product_tag?post=9394"}],"curies":[{"name":"wp","href":"https:\/\/api.w.org\/{rel}","templated":true}]}}