{"id":9490,"date":"2025-10-20T15:57:58","date_gmt":"2025-10-20T15:57:58","guid":{"rendered":"https:\/\/stayinn.travel\/product\/huahine-fish-lodge-2\/"},"modified":"2026-04-16T10:35:52","modified_gmt":"2026-04-16T10:35:52","slug":"huahine-fish-lodge-2","status":"publish","type":"product","link":"https:\/\/stayinn.travel\/it\/product\/huahine-fish-lodge-2\/","title":{"rendered":"HUAHINE-FISH LODGE"},"content":{"rendered":"<p>Benvenuti a Huahine, sulle alture di Maroe, in un contesto pacifico tra laguna e verde. Il Bungalow Fish Lodge vi invita a vivere un&#8217;esperienza autentica, combinando comfort moderno e fascino polinesiano, nel cuore di un giardino lussureggiante.<\/p>\n<p>Progettato per un massimo di 2 persone, questo bungalow tipo studio offre uno spazio aperto climatizzato con letto matrimoniale, angolo notte e zona pranzo, nonch\u00e9 un bagno privato. Una kitchenette attrezzata (microonde, stoviglie, utensili) \u00e8 a disposizione per maggiore autonomia. Il wifi, la biancheria da casa e gli asciugamani sono inclusi.<\/p>\n<p>Ogni mattina, viene servita una colazione completa. Al vostro arrivo, sarete accolti con un collare di fiori tradizionale, simbolo dell&#8217;ospitalit\u00e0 polinesiana. Sono disponibili biciclette per esplorare l&#8217;isola in piena libert\u00e0. Una lavatrice e un asciugatrice possono essere utilizzate in aggiunta, ed \u00e8 possibile prenotare una cena casalinga a base di prodotti locali (su prenotazione 12 ore in anticipo).<\/p>\n<p>La posizione \u00e8 ideale per godere della tranquillit\u00e0, rimanendo comunque vicini ai servizi: il villaggio principale, con il suo mercato locale, i negozi e diversi ristoranti tradizionali, si trova a circa 15 minuti di auto. Le piantagioni di vaniglia sono ugualmente accessibili nelle vicinanze.<\/p>\n<p>\u26a0\ufe0f Un servizio di trasferimento a pagamento \u00e8 disponibile come extra e deve essere prenotato al momento della prenotazione del proprio soggiorno.<\/p>\n<p>\u2728 Tra laguna e verde, il Bungalow Fish Lodge \u00e8 l&#8217;indirizzo ideale per una fuga tranquilla e autentica a Huahine.<\/p>\n<p>Punti di forza dell&#8217;alloggio<\/p>\n<p>Monolocale tipo bungalow per un massimo di 2 persone<\/p>\n<p>Spazio aperto climatizzato con letto matrimoniale e angolo pranzo<\/p>\n<p>Bagno privato, angolo cottura attrezzato, wifi incluso<\/p>\n<p>Colazione completa inclusa, cena locale su prenotazione<\/p>\n<p>Accoglienza calorosa con collana di fiori, biciclette a disposizione<\/p>\n<p>Nelle vicinanze<\/p>\n<p>Principale del villaggio (Far\u00e9): mercato, negozi e ristoranti tradizionali a circa 15 minuti in auto<\/p>\n<p>Spiaggia: raggiungibile in ~15 min in auto<\/p>\n<p>Piantagioni di vaniglia: passeggiate e visite culturali nelle vicinanze<\/p>\n<p>Le feste e gli assembramenti sono strettamente vietati all&#8217;interno dell&#8217;alloggio.<\/p>\n<p>Ogni prenotazione \u00e8 obbligatoriamente soggetta all&#8217;accettazione senza restrizioni delle nostre condizioni generali di vendita visibili sul nostro sito Stayinn.Vacations facendo clic su condizioni generali.<\/p>\n<p>Numero di registrazione: 3745DTO-MT<\/p>\n","protected":false},"excerpt":{"rendered":"<p>Benvenuti a Huahine, sulle alture di Maroe, in un contesto pacifico tra laguna e verde. Il Bungalow Fish Lodge vi invita a vivere un&#8217;esperienza autentica, combinando comfort moderno e fascino polinesiano, nel cuore di un giardino lussureggiante. Progettato per un massimo di 2 persone, questo bungalow tipo studio offre uno spazio aperto climatizzato con letto [&hellip;]<\/p>\n","protected":false},"featured_media":9488,"comment_status":"open","ping_status":"closed","template":"","meta":{"inline_featured_image":false},"country":[],"product_brand":[],"product_cat":[217],"product_tag":[],"class_list":{"0":"post-9490","1":"product","2":"type-product","3":"status-publish","4":"has-post-thumbnail","6":"product_cat-alloggi","8":"first","9":"instock","10":"shipping-taxable","11":"purchasable","12":"product-type-simple"},"acf":[],"_links":{"self":[{"href":"https:\/\/stayinn.travel\/it\/wp-json\/wp\/v2\/product\/9490","targetHints":{"allow":["GET"]}}],"collection":[{"href":"https:\/\/stayinn.travel\/it\/wp-json\/wp\/v2\/product"}],"about":[{"href":"https:\/\/stayinn.travel\/it\/wp-json\/wp\/v2\/types\/product"}],"replies":[{"embeddable":true,"href":"https:\/\/stayinn.travel\/it\/wp-json\/wp\/v2\/comments?post=9490"}],"wp:featuredmedia":[{"embeddable":true,"href":"https:\/\/stayinn.travel\/it\/wp-json\/wp\/v2\/media\/9488"}],"wp:attachment":[{"href":"https:\/\/stayinn.travel\/it\/wp-json\/wp\/v2\/media?parent=9490"}],"wp:term":[{"taxonomy":"country","embeddable":true,"href":"https:\/\/stayinn.travel\/it\/wp-json\/wp\/v2\/country?post=9490"},{"taxonomy":"product_brand","embeddable":true,"href":"https:\/\/stayinn.travel\/it\/wp-json\/wp\/v2\/product_brand?post=9490"},{"taxonomy":"product_cat","embeddable":true,"href":"https:\/\/stayinn.travel\/it\/wp-json\/wp\/v2\/product_cat?post=9490"},{"taxonomy":"product_tag","embeddable":true,"href":"https:\/\/stayinn.travel\/it\/wp-json\/wp\/v2\/product_tag?post=9490"}],"curies":[{"name":"wp","href":"https:\/\/api.w.org\/{rel}","templated":true}]}}