{"id":9626,"date":"2025-10-20T15:57:58","date_gmt":"2025-10-20T15:57:58","guid":{"rendered":"https:\/\/stayinn.travel\/product\/bora-bora-bora-horizon-lodge-7-2\/"},"modified":"2026-04-16T10:36:09","modified_gmt":"2026-04-16T10:36:09","slug":"bora-bora-bora-horizon-lodge-7-2","status":"publish","type":"product","link":"https:\/\/stayinn.travel\/it\/product\/bora-bora-bora-horizon-lodge-7-2\/","title":{"rendered":"BORA-BORA Bora Horizon Lodge Hitu"},"content":{"rendered":"<p>Lo Studio pu\u00f2 ospitare fino a 3 persone e offre tutto il comfort necessario per un soggiorno riuscito a Bora Bora. Beneficerete di una terrazza panoramica comune alla residenza, ideale per ammirare la vista spettacolare sulla laguna e le montagne o per godersi i tramonti.<\/p>\n<p>L&#8217;alloggio comprende un soggiorno luminoso arredato con cura, dotato di un letto matrimoniale e della possibilit\u00e0 di aggiungere un letto supplementare. La cucina attrezzata permette di preparare i pasti in tutta convivialit\u00e0. Il bagno \u00e8 dotato di doccia, lavabo e servizi igienici, in un allestimento pratico e confortevole.<\/p>\n<p>La residenza \u00e8 incastonata in un giardino tropicale lussureggiante, che crea un&#8217;atmosfera tranquilla e raffinata. I viaggiatori beneficiano di un alloggio privato e di spazi comuni accoglienti: barbecue, aree condivise e giardini verdeggianti. Il wifi e il servizio di lavanderia sono inclusi per completare il vostro soggiorno.<\/p>\n<p>\u2728 Questo alloggio combina l&#8217;autenticit\u00e0 polinesiana e un contesto tropicale, a soli 10 minuti dalla spiaggia di Matira.<\/p>\n<p>Punti di forza dell&#8217;alloggio<\/p>\n<p>Studio per fino a 3 persone<\/p>\n<p>Terrazza panoramica comune con vista laguna e montagne<\/p>\n<p>Regina + letto supplementare possibile<\/p>\n<p>Cucina attrezzata, wifi e lavanderia inclusi<\/p>\n<p>Giardino tropicale lussureggiante e spazi comuni conviviali (barbecue, zone condivise)<\/p>\n<p>Nelle vicinanze<\/p>\n<p>Spiaggia di Matira: a 10 minuti<\/p>\n<p>Negozi e ristoranti: accessibili in pochi minuti in auto<\/p>\n<p>Attivit\u00e0 nautiche: snorkeling, immersione, escursioni in laguna<\/p>\n<p>Menzioni obbligatorie<\/p>\n<p>Le feste e gli assembramenti sono strettamente vietati all&#8217;interno dell&#8217;alloggio.<\/p>\n<p>Ogni prenotazione \u00e8 obbligatoriamente soggetta all&#8217;accettazione senza restrizioni delle nostre condizioni generali di vendita visibili sul nostro sito Stayinn.Vacations facendo clic su condizioni generali.<\/p>\n<p>Numero TAHITI: T 131862 001<\/p>\n","protected":false},"excerpt":{"rendered":"<p>Lo Studio pu\u00f2 ospitare fino a 3 persone e offre tutto il comfort necessario per un soggiorno riuscito a Bora Bora. Beneficerete di una terrazza panoramica comune alla residenza, ideale per ammirare la vista spettacolare sulla laguna e le montagne o per godersi i tramonti. L&#8217;alloggio comprende un soggiorno luminoso arredato con cura, dotato di [&hellip;]<\/p>\n","protected":false},"featured_media":9624,"comment_status":"open","ping_status":"closed","template":"","meta":{"inline_featured_image":false},"country":[],"product_brand":[],"product_cat":[217],"product_tag":[],"class_list":{"0":"post-9626","1":"product","2":"type-product","3":"status-publish","4":"has-post-thumbnail","6":"product_cat-alloggi","8":"first","9":"instock","10":"shipping-taxable","11":"purchasable","12":"product-type-simple"},"acf":[],"_links":{"self":[{"href":"https:\/\/stayinn.travel\/it\/wp-json\/wp\/v2\/product\/9626","targetHints":{"allow":["GET"]}}],"collection":[{"href":"https:\/\/stayinn.travel\/it\/wp-json\/wp\/v2\/product"}],"about":[{"href":"https:\/\/stayinn.travel\/it\/wp-json\/wp\/v2\/types\/product"}],"replies":[{"embeddable":true,"href":"https:\/\/stayinn.travel\/it\/wp-json\/wp\/v2\/comments?post=9626"}],"wp:featuredmedia":[{"embeddable":true,"href":"https:\/\/stayinn.travel\/it\/wp-json\/wp\/v2\/media\/9624"}],"wp:attachment":[{"href":"https:\/\/stayinn.travel\/it\/wp-json\/wp\/v2\/media?parent=9626"}],"wp:term":[{"taxonomy":"country","embeddable":true,"href":"https:\/\/stayinn.travel\/it\/wp-json\/wp\/v2\/country?post=9626"},{"taxonomy":"product_brand","embeddable":true,"href":"https:\/\/stayinn.travel\/it\/wp-json\/wp\/v2\/product_brand?post=9626"},{"taxonomy":"product_cat","embeddable":true,"href":"https:\/\/stayinn.travel\/it\/wp-json\/wp\/v2\/product_cat?post=9626"},{"taxonomy":"product_tag","embeddable":true,"href":"https:\/\/stayinn.travel\/it\/wp-json\/wp\/v2\/product_tag?post=9626"}],"curies":[{"name":"wp","href":"https:\/\/api.w.org\/{rel}","templated":true}]}}