{"id":9746,"date":"2025-10-20T15:57:59","date_gmt":"2025-10-20T15:57:59","guid":{"rendered":"https:\/\/stayinn.travel\/product\/tahaa-bungalow-moana-beach-2-2\/"},"modified":"2026-04-16T10:34:48","modified_gmt":"2026-04-16T10:34:48","slug":"tahaa-bungalow-moana-beach-2-2","status":"publish","type":"product","link":"https:\/\/stayinn.travel\/it\/product\/tahaa-bungalow-moana-beach-2-2\/","title":{"rendered":"TAHAA &#8211; Bungalow Moana Beach 2"},"content":{"rendered":"<p>TAHAA \u2013 Moana Beach Bungalow 2<\/p>\n<p>L&#8217;isola di Tahaa, o come la chiamiamo qui isola della vaniglia, \u00e8 uno dei gioielli delle Isole Sottovento. Condivide la stessa laguna di sua sorella Raiatea, che consente di visitare 2 isole alla volta. L&#8217;aria alla vaniglia mescolata alla brezza ti accompagner\u00e0 durante il tuo soggiorno.<\/p>\n<p>L&#8217;autentico bungalow polinesiano, di recente costruzione, promette un soggiorno tradizionale al ritmo della vita sull&#8217;isola.<br \/>\n<br \/>Idealmente situato al bordo della laguna nel quartiere di Tiva. Questa affascinante sistemazione \u00e8 composta da una confortevole camera da letto con letto matrimoniale e zanzariera, una zona salotto e una scrivania; e un bagno privato con doccia. L&#8217;atmosfera \u00e8 elegante e rilassante. Apprezzerai la calma e la tranquillit\u00e0 dei luoghi. La terrazza privata sar\u00e0 il tuo posto preferito per ammirare la laguna, sorseggiare un aperitivo o semplicemente rilassarti.<\/p>\n<p>Una zona cucina, dotata di macchina per il caff\u00e8, frigorifero e fornello a gas \u00e8 a vostra disposizione. Questo posto \u00e8 condiviso con gli occupanti del secondo bungalow.<br \/>\n<br \/>La connessione internet \u00e8 wifi, gratuita e illimitata durante l&#8217;intero soggiorno.<br \/>\n<br \/>Un parcheggio \u00e8 previsto per te. Le biciclette sono disponibili gratuitamente.<\/p>\n<p>Per un soggiorno in completa libert\u00e0, ti consigliamo di noleggiare un veicolo (scooter o auto) almeno un giorno. \u00c8 quindi possibile esplorare i segreti dell&#8217;isola su strada. Per maggiori informazioni contattaci.<br \/>\n<br \/>Se prendi le navette: Enota Maritime Transport, possibilit\u00e0 di trasferimento delle banchine Tapuamu o Haamene all&#8217;alloggio:<br \/>\n<br \/>Tapuamu Vota 500 fr a persona<br \/>\n<br \/>Prezzo di Haamene 1000fr a persona<\/p>\n<p>Da vedere e punti di interesse dell&#8217;isola:<br \/>\n<br \/>&#8211; Rum Mana&#8217;o a 2.3 Km<br \/>\n<br \/>&#8211; Stazione totale Tapuamu 2.3 Km<br \/>\n<br \/>&#8211; Supermercato a 3 Km<br \/>\n<br \/>&#8211; Ia Orana Pearl Farm 5.5 Km<br \/>\n<br \/>&#8211; Bank of Tahiti (DAB) 8 Km<br \/>\n<br \/>&#8211; Farmacia di Tahaa 8.2 Km<br \/>\n<br \/>&#8211; Ristorante Tahaa Maitai 8.3 Km<br \/>\n<br \/>&#8211; Superette Haamene 8,3 km<br \/>\n<br \/>&#8211; DAB Bank Socredo 13 Km<br \/>\n<br \/>&#8211; Valle della vaniglia a Faaaha 14.3 km<br \/>\n<br \/>&#8211; Champon pearl farm a 16 Km<\/p>\n<p>Tutte le prenotazioni sono soggette all&#8217;accettazione senza restrizioni delle nostre condizioni generali di vendita visibili sul nostro sito web Stayinn.Vacations facendo clic sulle condizioni generali.<\/p>\n<p>Numero di TAHITI : C71491<\/p>\n","protected":false},"excerpt":{"rendered":"<p>TAHAA \u2013 Moana Beach Bungalow 2 L&#8217;isola di Tahaa, o come la chiamiamo qui isola della vaniglia, \u00e8 uno dei gioielli delle Isole Sottovento. Condivide la stessa laguna di sua sorella Raiatea, che consente di visitare 2 isole alla volta. L&#8217;aria alla vaniglia mescolata alla brezza ti accompagner\u00e0 durante il tuo soggiorno. L&#8217;autentico bungalow polinesiano, [&hellip;]<\/p>\n","protected":false},"featured_media":9744,"comment_status":"open","ping_status":"closed","template":"","meta":{"inline_featured_image":false},"country":[],"product_brand":[],"product_cat":[217],"product_tag":[],"class_list":{"0":"post-9746","1":"product","2":"type-product","3":"status-publish","4":"has-post-thumbnail","6":"product_cat-alloggi","8":"first","9":"instock","10":"shipping-taxable","11":"purchasable","12":"product-type-simple"},"acf":[],"_links":{"self":[{"href":"https:\/\/stayinn.travel\/it\/wp-json\/wp\/v2\/product\/9746","targetHints":{"allow":["GET"]}}],"collection":[{"href":"https:\/\/stayinn.travel\/it\/wp-json\/wp\/v2\/product"}],"about":[{"href":"https:\/\/stayinn.travel\/it\/wp-json\/wp\/v2\/types\/product"}],"replies":[{"embeddable":true,"href":"https:\/\/stayinn.travel\/it\/wp-json\/wp\/v2\/comments?post=9746"}],"wp:featuredmedia":[{"embeddable":true,"href":"https:\/\/stayinn.travel\/it\/wp-json\/wp\/v2\/media\/9744"}],"wp:attachment":[{"href":"https:\/\/stayinn.travel\/it\/wp-json\/wp\/v2\/media?parent=9746"}],"wp:term":[{"taxonomy":"country","embeddable":true,"href":"https:\/\/stayinn.travel\/it\/wp-json\/wp\/v2\/country?post=9746"},{"taxonomy":"product_brand","embeddable":true,"href":"https:\/\/stayinn.travel\/it\/wp-json\/wp\/v2\/product_brand?post=9746"},{"taxonomy":"product_cat","embeddable":true,"href":"https:\/\/stayinn.travel\/it\/wp-json\/wp\/v2\/product_cat?post=9746"},{"taxonomy":"product_tag","embeddable":true,"href":"https:\/\/stayinn.travel\/it\/wp-json\/wp\/v2\/product_tag?post=9746"}],"curies":[{"name":"wp","href":"https:\/\/api.w.org\/{rel}","templated":true}]}}