{"id":9762,"date":"2025-10-20T15:57:59","date_gmt":"2025-10-20T15:57:59","guid":{"rendered":"https:\/\/stayinn.travel\/product\/manihi-manihi-pool-lodge-2\/"},"modified":"2026-04-16T10:35:37","modified_gmt":"2026-04-16T10:35:37","slug":"manihi-manihi-pool-lodge-2","status":"publish","type":"product","link":"https:\/\/stayinn.travel\/it\/product\/manihi-manihi-pool-lodge-2\/","title":{"rendered":"MANIHI &#8211; Manihi Pool Lodge"},"content":{"rendered":"<p>Benvenuti a Manihi, isolotto di sabbia paradisiaco nell&#8217;arcipelago delle Tuamotu! Soggiornerete in un grazioso bungalow di 45 m\u00b2 a bordo piscina, immerso in un contesto tropicale eccezionale per una fuga in famiglia o tra amici. Questo alloggio pu\u00f2 ospitare fino a 4 persone e vi offre un comfort ottimale per un soggiorno indimenticabile.<\/p>\n<p>Il bungalow comprende una camera piacevole con un letto di qualit\u00e0, uno spazio giardino privato con mobili per i vostri momenti di relax all&#8217;aperto, nonch\u00e9 una cassaforte per i vostri effetti personali e un accesso internet Wi-Fi. Potrete usufruire di una piscina condivisa per rinfrescarvi, nonch\u00e9 di una televisione per le vostre serate. L&#8217;alloggio accoglier\u00e0 2 bambini di et\u00e0 inferiore ai 12 anni su un divano letto in soggiorno.<\/p>\n<p>Approfittate della pensione completa inclusa nella vostra prenotazione.<br \/>\n<br \/>La pensione mette in risalto una ristorazione di qualit\u00e0, che unisce la raffinatezza francese e le ispirazioni polinesiane. Gustate piatti raffinati elaborati con prodotti locali e serviti in un contesto paradisiaco e accogliente. Per esaltare la vostra esperienza, una bella cantina propone una selezione di vini accuratamente scelti, perfetti per accompagnare i vostri pasti e farvi scoprire nuovi sapori.<\/p>\n<p>In programma: pesca, maschera e boccaglio, ozio sotto i cocchi, visita dell&#8217;isola, l&#8217;allevamento di perle, picnic sui Motu, scoperta dell&#8217;atollo in barca&#8230;<br \/>\n<br \/>Una palestra \u00e8 a vostra disposizione nella pensione.<br \/>\n<br \/>Il club di immersioni subacquee dell&#8217;isola sapr\u00e0 portarvi sui migliori spot per scoprire le meraviglie dell&#8217;atollo!<\/p>\n<p>\u00c8 il luogo ideale per rigenerarvi ed esplorare la bellezza della Polinesia.<\/p>\n","protected":false},"excerpt":{"rendered":"<p>Benvenuti a Manihi, isolotto di sabbia paradisiaco nell&#8217;arcipelago delle Tuamotu! Soggiornerete in un grazioso bungalow di 45 m\u00b2 a bordo piscina, immerso in un contesto tropicale eccezionale per una fuga in famiglia o tra amici. Questo alloggio pu\u00f2 ospitare fino a 4 persone e vi offre un comfort ottimale per un soggiorno indimenticabile. Il bungalow [&hellip;]<\/p>\n","protected":false},"featured_media":9760,"comment_status":"open","ping_status":"closed","template":"","meta":{"inline_featured_image":false},"country":[],"product_brand":[],"product_cat":[217],"product_tag":[],"class_list":{"0":"post-9762","1":"product","2":"type-product","3":"status-publish","4":"has-post-thumbnail","6":"product_cat-alloggi","8":"first","9":"instock","10":"shipping-taxable","11":"purchasable","12":"product-type-simple"},"acf":[],"_links":{"self":[{"href":"https:\/\/stayinn.travel\/it\/wp-json\/wp\/v2\/product\/9762","targetHints":{"allow":["GET"]}}],"collection":[{"href":"https:\/\/stayinn.travel\/it\/wp-json\/wp\/v2\/product"}],"about":[{"href":"https:\/\/stayinn.travel\/it\/wp-json\/wp\/v2\/types\/product"}],"replies":[{"embeddable":true,"href":"https:\/\/stayinn.travel\/it\/wp-json\/wp\/v2\/comments?post=9762"}],"wp:featuredmedia":[{"embeddable":true,"href":"https:\/\/stayinn.travel\/it\/wp-json\/wp\/v2\/media\/9760"}],"wp:attachment":[{"href":"https:\/\/stayinn.travel\/it\/wp-json\/wp\/v2\/media?parent=9762"}],"wp:term":[{"taxonomy":"country","embeddable":true,"href":"https:\/\/stayinn.travel\/it\/wp-json\/wp\/v2\/country?post=9762"},{"taxonomy":"product_brand","embeddable":true,"href":"https:\/\/stayinn.travel\/it\/wp-json\/wp\/v2\/product_brand?post=9762"},{"taxonomy":"product_cat","embeddable":true,"href":"https:\/\/stayinn.travel\/it\/wp-json\/wp\/v2\/product_cat?post=9762"},{"taxonomy":"product_tag","embeddable":true,"href":"https:\/\/stayinn.travel\/it\/wp-json\/wp\/v2\/product_tag?post=9762"}],"curies":[{"name":"wp","href":"https:\/\/api.w.org\/{rel}","templated":true}]}}