{"id":9938,"date":"2025-10-20T15:58:01","date_gmt":"2025-10-20T15:58:01","guid":{"rendered":"https:\/\/stayinn.travel\/product\/maupiti-fare-motu-maupiti-2\/"},"modified":"2026-04-16T10:35:53","modified_gmt":"2026-04-16T10:35:53","slug":"maupiti-fare-motu-maupiti-2","status":"publish","type":"product","link":"https:\/\/stayinn.travel\/it\/product\/maupiti-fare-motu-maupiti-2\/","title":{"rendered":"MAUPITI &#8211; Fare Motu Tarona"},"content":{"rendered":"<p>Situato sul tranquillo Motu Tuanai, a soli 5 minuti di barca dall&#8217;isola principale, il Fare Motu Maupiti \u00e8 una casa dallo stile tropicale-chic, pensata per il relax e l&#8217;evasione. In perfetta armonia con la natura circostante e le sublimi sfumature di blu della laguna, offre un accesso diretto a una spiaggia di sabbia bianca.<\/p>\n<p>La casa pu\u00f2 ospitare fino a 4 persone con le sue due camere confortevoli: una al piano terra, l&#8217;altra in soppalco. La cucina attrezzata (frigorifero, fornello a gas, utensili) permette di preparare i pasti come a casa. Il bagno separato, accessibile da un piccolo sentiero, dispone di acqua calda, asciugamani e gel doccia.<\/p>\n<p>La terrazza, orientata verso Bora Bora quando il cielo \u00e8 sereno, \u00e8 il luogo ideale per gustare una colazione in tutta intimit\u00e0 o condividere un pasto conviviale di fronte alla laguna.<\/p>\n<p>I trasferimenti di andata e ritorno dall&#8217;aeroporto o dal molo sono inclusi per un arrivo in tutta tranquillit\u00e0. La colazione da preparare da s\u00e9 (caff\u00e8, latte, zucchero, cioccolato, fette biscottate, burro e marmellata) \u00e8 inoltre compresa nella tariffa. Qualsiasi altro trasferimento \u00e8 addebitato 1200 XPF per tratta. Per le vostre cene, \u00e8 possibile ordinare presso il Ristorante Tarona, con consegna direttamente a casa.<\/p>\n<p>\u2728 Un vero rifugio di pace, ideale per coloro che cercano la tranquillit\u00e0 di un motu preservato e la magia di una laguna polinesiana.<\/p>\n<p>Punti di forza dell&#8217;alloggio<\/p>\n<p>Casa tropicale-chic su motu privato, accesso diretto alla spiaggia<\/p>\n<p>2 camere (piano terra + soppalco) per 4 persone<\/p>\n<p>Cucina attrezzata e terrazza con vista su Bora Bora<\/p>\n<p>Trasferimenti di andata e ritorno inclusi + colazione fornita<\/p>\n<p>Consegna possibile dal Ristorante Tarona<\/p>\n<p>Nelle vicinanze<\/p>\n<p>Isola principale: raggiungibile in 5 minuti di barca<\/p>\n<p>Ristorante Tarona: cena con opzione di consegna<\/p>\n<p>Esplorazione della laguna: spiaggia di sabbia bianca e snorkeling a portata di mano<\/p>\n<p>Le feste e gli assembramenti sono strettamente vietati all&#8217;interno dell&#8217;alloggio.<\/p>\n<p>Ogni prenotazione \u00e8 obbligatoriamente soggetta all&#8217;accettazione senza restrizioni delle nostre condizioni generali di vendita visibili sul nostro sito Stayinn.Vacations facendo clic su condizioni generali.<\/p>\n<p>Numero di registrazione: in corso<\/p>\n","protected":false},"excerpt":{"rendered":"<p>Situato sul tranquillo Motu Tuanai, a soli 5 minuti di barca dall&#8217;isola principale, il Fare Motu Maupiti \u00e8 una casa dallo stile tropicale-chic, pensata per il relax e l&#8217;evasione. In perfetta armonia con la natura circostante e le sublimi sfumature di blu della laguna, offre un accesso diretto a una spiaggia di sabbia bianca. La [&hellip;]<\/p>\n","protected":false},"featured_media":9936,"comment_status":"open","ping_status":"closed","template":"","meta":{"inline_featured_image":false},"country":[],"product_brand":[],"product_cat":[217],"product_tag":[],"class_list":{"0":"post-9938","1":"product","2":"type-product","3":"status-publish","4":"has-post-thumbnail","6":"product_cat-alloggi","8":"first","9":"instock","10":"shipping-taxable","11":"purchasable","12":"product-type-simple"},"acf":[],"_links":{"self":[{"href":"https:\/\/stayinn.travel\/it\/wp-json\/wp\/v2\/product\/9938","targetHints":{"allow":["GET"]}}],"collection":[{"href":"https:\/\/stayinn.travel\/it\/wp-json\/wp\/v2\/product"}],"about":[{"href":"https:\/\/stayinn.travel\/it\/wp-json\/wp\/v2\/types\/product"}],"replies":[{"embeddable":true,"href":"https:\/\/stayinn.travel\/it\/wp-json\/wp\/v2\/comments?post=9938"}],"wp:featuredmedia":[{"embeddable":true,"href":"https:\/\/stayinn.travel\/it\/wp-json\/wp\/v2\/media\/9936"}],"wp:attachment":[{"href":"https:\/\/stayinn.travel\/it\/wp-json\/wp\/v2\/media?parent=9938"}],"wp:term":[{"taxonomy":"country","embeddable":true,"href":"https:\/\/stayinn.travel\/it\/wp-json\/wp\/v2\/country?post=9938"},{"taxonomy":"product_brand","embeddable":true,"href":"https:\/\/stayinn.travel\/it\/wp-json\/wp\/v2\/product_brand?post=9938"},{"taxonomy":"product_cat","embeddable":true,"href":"https:\/\/stayinn.travel\/it\/wp-json\/wp\/v2\/product_cat?post=9938"},{"taxonomy":"product_tag","embeddable":true,"href":"https:\/\/stayinn.travel\/it\/wp-json\/wp\/v2\/product_tag?post=9938"}],"curies":[{"name":"wp","href":"https:\/\/api.w.org\/{rel}","templated":true}]}}