{"id":9946,"date":"2025-10-20T15:58:01","date_gmt":"2025-10-20T15:58:01","guid":{"rendered":"https:\/\/stayinn.travel\/product\/huahine-angele-house-2\/"},"modified":"2026-04-16T10:36:17","modified_gmt":"2026-04-16T10:36:17","slug":"huahine-angele-house-2","status":"publish","type":"product","link":"https:\/\/stayinn.travel\/it\/product\/huahine-angele-house-2\/","title":{"rendered":"HUAHINE- Ang\u00e8le House"},"content":{"rendered":"<p>Situata nel cuore di Maeva a Huahine, Ang\u00e8le House vi invita a vivere una parentesi autentica in un contesto verdeggiante e tranquillo. Sin dal vostro arrivo, sarete sedotti dal fascino semplice e accogliente di questa casa polinesiana, ideale per condividere un soggiorno in famiglia o tra amici.<\/p>\n<p>La casa pu\u00f2 ospitare fino a 4 persone e dispone di due camere climatizzate, ciascuna dotata di un comodo letto matrimoniale per notti riposanti dopo le vostre giornate di scoperta. Il bagno comprende una doccia, un lavabo e dei servizi igienici.<\/p>\n<p>All&#8217;esterno, potrete usufruire di una cucina estiva coperta e attrezzata, perfetta per preparare i vostri pasti in tutta convivialit\u00e0, nonch\u00e9 di una terrazza riparata che si affaccia su un giardino recintato, dove si possono gustare la calma e l&#8217;intimit\u00e0. Angel House \u00e8 situata su un terreno familiare, il che aggiunge un&#8217;atmosfera accogliente e rassicurante al vostro soggiorno.<\/p>\n<p>Per il tuo comfort, la casa \u00e8 dotata di aria condizionata, lavatrice e tutti gli essenziali per un soggiorno autonomo.<\/p>\n<p>\u2728 Soggiorno di relax o scoperta attiva, Ang\u00e8le House ti offre un punto di partenza ideale per esplorare Huahine in tutta la sua autenticit\u00e0! Consigliamo il noleggio di un&#8217;auto.<\/p>\n<p>Punti di forza dell&#8217;alloggio<br \/>\n<br \/>Due camere climatizzate con letti matrimoniali comodi<\/p>\n<p>Cucina esterna di tipo cucina estiva e terrazza coperta<\/p>\n<p>Giardino recintato che offre tranquillit\u00e0 e sicurezza<\/p>\n<p>Lavatrice a disposizione per maggiore autonomia<\/p>\n<p>Posizione autentica su terreno familiare, vicino alla spiaggia e ai siti culturali<\/p>\n<p>Nelle vicinanze<br \/>\n<br \/>Spiaggia del Sofitel: solo pochi minuti in macchina<\/p>\n<p>Maree e parchi ittici tradizionali: accessibili a piedi<\/p>\n<p>Villaggio di Fare: a circa 6 km, con negozi, ristoranti e servizi<\/p>\n<p>Menzioni obbligatorie<br \/>\n<br \/>Le feste e gli assembramenti sono rigorosamente vietati all&#8217;interno dell&#8217;alloggio.<\/p>\n<p>Ogni prenotazione \u00e8 obbligatoriamente soggetta all&#8217;accettazione senza restrizioni delle nostre condizioni generali di vendita visibili sul nostro sito Stayinn.Vacations facendo clic su condizioni generali.<\/p>\n<p>Numero di registrazione: 2411DTO-MT<\/p>\n","protected":false},"excerpt":{"rendered":"<p>Situata nel cuore di Maeva a Huahine, Ang\u00e8le House vi invita a vivere una parentesi autentica in un contesto verdeggiante e tranquillo. Sin dal vostro arrivo, sarete sedotti dal fascino semplice e accogliente di questa casa polinesiana, ideale per condividere un soggiorno in famiglia o tra amici. La casa pu\u00f2 ospitare fino a 4 persone [&hellip;]<\/p>\n","protected":false},"featured_media":9944,"comment_status":"open","ping_status":"closed","template":"","meta":{"inline_featured_image":false},"country":[],"product_brand":[],"product_cat":[217],"product_tag":[],"class_list":{"0":"post-9946","1":"product","2":"type-product","3":"status-publish","4":"has-post-thumbnail","6":"product_cat-alloggi","8":"first","9":"instock","10":"shipping-taxable","11":"purchasable","12":"product-type-simple"},"acf":[],"_links":{"self":[{"href":"https:\/\/stayinn.travel\/it\/wp-json\/wp\/v2\/product\/9946","targetHints":{"allow":["GET"]}}],"collection":[{"href":"https:\/\/stayinn.travel\/it\/wp-json\/wp\/v2\/product"}],"about":[{"href":"https:\/\/stayinn.travel\/it\/wp-json\/wp\/v2\/types\/product"}],"replies":[{"embeddable":true,"href":"https:\/\/stayinn.travel\/it\/wp-json\/wp\/v2\/comments?post=9946"}],"wp:featuredmedia":[{"embeddable":true,"href":"https:\/\/stayinn.travel\/it\/wp-json\/wp\/v2\/media\/9944"}],"wp:attachment":[{"href":"https:\/\/stayinn.travel\/it\/wp-json\/wp\/v2\/media?parent=9946"}],"wp:term":[{"taxonomy":"country","embeddable":true,"href":"https:\/\/stayinn.travel\/it\/wp-json\/wp\/v2\/country?post=9946"},{"taxonomy":"product_brand","embeddable":true,"href":"https:\/\/stayinn.travel\/it\/wp-json\/wp\/v2\/product_brand?post=9946"},{"taxonomy":"product_cat","embeddable":true,"href":"https:\/\/stayinn.travel\/it\/wp-json\/wp\/v2\/product_cat?post=9946"},{"taxonomy":"product_tag","embeddable":true,"href":"https:\/\/stayinn.travel\/it\/wp-json\/wp\/v2\/product_tag?post=9946"}],"curies":[{"name":"wp","href":"https:\/\/api.w.org\/{rel}","templated":true}]}}