{"id":13052,"date":"2024-11-18T10:32:10","date_gmt":"2024-11-18T10:32:10","guid":{"rendered":"https:\/\/stayinn.travel\/tro-thanh-doi-tac-cua-chung-toi\/"},"modified":"2026-04-16T02:46:26","modified_gmt":"2026-04-16T02:46:26","slug":"tro-thanh-doi-tac-cua-chung-toi","status":"publish","type":"page","link":"https:\/\/stayinn.travel\/vi\/tro-thanh-doi-tac-cua-chung-toi\/","title":{"rendered":"Tr\u1edf th\u00e0nh \u0111\u1ed1i t\u00e1c c\u1ee7a ch\u00fang t\u00f4i"},"content":{"rendered":"","protected":false},"excerpt":{"rendered":"<p>H\u00e3y tham gia c\u00f9ng ch\u00fang t\u00f4i v\u1edbi t\u01b0 c\u00e1ch l\u00e0 \u0111\u1ed1i t\u00e1c \u0111\u1ec3 ph\u00e1t tri\u1ec3n doanh nghi\u1ec7p c\u1ee7a b\u1ea1n, m\u1edf r\u1ed9ng c\u01a1 h\u1ed9i v\u00e0 c\u00f9ng h\u01b0\u1edbng t\u1edbi th\u00e0nh c\u00f4ng b\u1ec1n v\u1eefng.<\/p>\n","protected":false},"author":1,"featured_media":0,"parent":0,"menu_order":0,"comment_status":"closed","ping_status":"closed","template":"template-partners.php","meta":{"inline_featured_image":false,"footnotes":""},"class_list":["post-13052","page","type-page","status-publish","hentry"],"acf":[],"_links":{"self":[{"href":"https:\/\/stayinn.travel\/vi\/wp-json\/wp\/v2\/pages\/13052","targetHints":{"allow":["GET"]}}],"collection":[{"href":"https:\/\/stayinn.travel\/vi\/wp-json\/wp\/v2\/pages"}],"about":[{"href":"https:\/\/stayinn.travel\/vi\/wp-json\/wp\/v2\/types\/page"}],"author":[{"embeddable":true,"href":"https:\/\/stayinn.travel\/vi\/wp-json\/wp\/v2\/users\/1"}],"replies":[{"embeddable":true,"href":"https:\/\/stayinn.travel\/vi\/wp-json\/wp\/v2\/comments?post=13052"}],"version-history":[{"count":1,"href":"https:\/\/stayinn.travel\/vi\/wp-json\/wp\/v2\/pages\/13052\/revisions"}],"predecessor-version":[{"id":16264,"href":"https:\/\/stayinn.travel\/vi\/wp-json\/wp\/v2\/pages\/13052\/revisions\/16264"}],"wp:attachment":[{"href":"https:\/\/stayinn.travel\/vi\/wp-json\/wp\/v2\/media?parent=13052"}],"curies":[{"name":"wp","href":"https:\/\/api.w.org\/{rel}","templated":true}]}}