{"id":13202,"date":"2024-11-18T10:28:15","date_gmt":"2024-11-18T10:28:15","guid":{"rendered":"https:\/\/stayinn.travel\/chinh-sach-cookie\/"},"modified":"2026-04-16T02:44:30","modified_gmt":"2026-04-16T02:44:30","slug":"chinh-sach-cookie","status":"publish","type":"page","link":"https:\/\/stayinn.travel\/vi\/chinh-sach-cookie\/","title":{"rendered":"Ch\u00ednh s\u00e1ch Cookie<br> <br> <br>"},"content":{"rendered":"\n<h2 class=\"wp-block-heading\"><strong>1. \u0110\u1ecbnh ngh\u0129a v\u1ec1 Cookie<br\/> <br\/> <br\/><\/strong><br\/><\/h2>\n\n<p>Ch\u00ednh s\u00e1ch Cookie n\u00e0y gi\u1ea3i th\u00edch c\u00e1ch STAYINN TRAVEL, c\u00f3 tr\u1ee5 s\u1edf t\u1ea1i Polyn\u00e9sie thu\u1ed9c Ph\u00e1p, s\u1eed d\u1ee5ng cookie v\u00e0 c\u00e1c c\u00f4ng ngh\u1ec7 t\u01b0\u01a1ng t\u1ef1 tr\u00ean trang web www.stayinn.travel<\/p>\n\n<p>Ch\u00ednh s\u00e1ch n\u00e0y n\u00eau r\u00f5 c\u00e1c lo\u1ea1i cookie m\u00e0 ch\u00fang t\u00f4i s\u1eed d\u1ee5ng, m\u1ee5c \u0111\u00edch c\u1ee7a ch\u00fang v\u00e0 c\u00e1c l\u1ef1a ch\u1ecdn m\u00e0 ng\u01b0\u1eddi d\u00f9ng c\u00f3 th\u1ec3 th\u1ef1c hi\u1ec7n.<br\/> <br\/> <br\/><\/p>\n\n<p>Cookie l\u00e0 m\u1ed9t t\u1ec7p v\u0103n b\u1ea3n \u0111\u01b0\u1ee3c l\u01b0u tr\u00ean thi\u1ebft b\u1ecb c\u1ee7a b\u1ea1n (m\u00e1y t\u00ednh, \u0111i\u1ec7n tho\u1ea1i ho\u1eb7c m\u00e1y t\u00ednh b\u1ea3ng) khi b\u1ea1n truy c\u1eadp trang web c\u1ee7a ch\u00fang t\u00f4i.<br\/>Cookie cho ph\u00e9p:<br\/> <br\/><\/p>\n\n<ul class=\"wp-block-list\">\n<li>&#8211; \u0111\u1ea3m b\u1ea3o trang web ho\u1ea1t \u0111\u1ed9ng ch\u00ednh x\u00e1c v\u1ec1 m\u1eb7t k\u1ef9 thu\u1eadt,<br\/> <br\/> <br\/><\/li>\n\n\n\n<li>&#8211; t\u1ea1o \u0111i\u1ec1u ki\u1ec7n cho vi\u1ec7c duy\u1ec7t web v\u00e0 c\u1ea3i thi\u1ec7n tr\u1ea3i nghi\u1ec7m ng\u01b0\u1eddi d\u00f9ng,<br\/> <br\/> <br\/><\/li>\n\n\n\n<li>&#8211; ph\u00e2n t\u00edch l\u01b0u l\u01b0\u1ee3ng truy c\u1eadp v\u00e0 hi\u1ec7u su\u1ea5t,<br\/><\/li>\n\n\n\n<li>-c\u00e1 nh\u00e2n h\u00f3a n\u1ed9i dung v\u00e0 d\u1ecbch v\u1ee5.<br\/> <br\/> <br\/><\/li>\n<\/ul>\n\n<p>Cookie c\u00f3 th\u1ec3 \u0111\u01b0\u1ee3c \u0111\u1eb7t tr\u1ef1c ti\u1ebfp b\u1edfi trang web c\u1ee7a ch\u00fang t\u00f4i ho\u1eb7c b\u1edfi c\u00e1c nh\u00e0 cung c\u1ea5p b\u00ean th\u1ee9 ba.<\/p>\n\n<hr class=\"wp-block-separator has-alpha-channel-opacity\"\/>\n\n<p><\/p><h2><strong>2. Khung quy \u0111\u1ecbnh \u00e1p d\u1ee5ng t\u1ea1i Polyn\u00e9sie thu\u1ed9c Ph\u00e1p<br\/><br\/><br\/><\/strong><br\/><\/h2>French Polynesia has its own data protection authority, the Commission Nationale de l\u2019Informatique et des Libert\u00e9s de Polyn\u00e9sie fran\u00e7aise (CNIL-PF).<br\/>We are committed to complying with:\n\n<ul class=\"wp-block-list\">\n<li>&#8211; Ngh\u1ecb quy\u1ebft s\u1ed1 2006-43 APF v\u1ec1 vi\u1ec7c b\u1ea3o v\u1ec7 c\u00e1 nh\u00e2n \u0111\u1ed1i v\u1edbi vi\u1ec7c x\u1eed l\u00fd d\u1eef li\u1ec7u c\u00e1 nh\u00e2n,<br\/> <br\/> <br\/><\/li>\n\n\n\n<li>&#8211; c\u00e1c khuy\u1ebfn ngh\u1ecb do CNIL-PF ban h\u00e0nh,<br\/> <br\/> <br\/><\/li>\n\n\n\n<li>&#8211; c\u00e1c ti\u00eau chu\u1ea9n qu\u1ed1c t\u1ebf v\u1ec1 quy\u1ec1n ri\u00eang t\u01b0, bao g\u1ed3m nh\u1eefng ti\u00eau chu\u1ea9n \u0111\u01b0\u1ee3c x\u00e2y d\u1ef1ng d\u1ef1a tr\u00ean GDPR v\u00e0 \u0111\u01b0\u1ee3c \u0111i\u1ec1u ch\u1ec9nh ph\u00f9 h\u1ee3p v\u1edbi b\u1ed1i c\u1ea3nh \u0111\u1ecba ph\u01b0\u01a1ng.<\/li>\n<\/ul>\n\n<hr class=\"wp-block-separator has-alpha-channel-opacity\"\/>\n\n<h2 class=\"wp-block-heading\">3. C\u00e1c lo\u1ea1i Cookie \u0111\u01b0\u1ee3c s\u1eed d\u1ee5ng<br\/>3.1 Cookie tuy\u1ec7t \u0111\u1ed1i c\u1ea7n thi\u1ebft<br\/><\/h2>\n\n<p>C\u00e1c cookie n\u00e0y l\u00e0 c\u1ea7n thi\u1ebft cho vi\u1ec7c v\u1eadn h\u00e0nh \u0111\u00fang \u0111\u1eafn c\u1ee7a trang web. Ch\u00fang cho ph\u00e9p, v\u00ed d\u1ee5: <\/p>\n\n<ul class=\"wp-block-list\">\n<li>&#8211; truy c\u1eadp v\u00e0o m\u1ed9t s\u1ed1 t\u00ednh n\u0103ng nh\u1ea5t \u0111\u1ecbnh,<\/li>\n\n\n\n<li>&#8211; qu\u1ea3n l\u00fd x\u00e1c th\u1ef1c,<\/li>\n\n\n\n<li>&#8211; c\u00e1c thao t\u00e1c \u0111\u1eb7t ch\u1ed7 ho\u1eb7c thanh to\u00e1n,<br\/> <br\/> <br\/><\/li>\n\n\n\n<li>&#8211; duy tr\u00ec gi\u1ecf h\u00e0ng.<\/li>\n<\/ul>\n\n<p>Ch\u00fang kh\u00f4ng c\u1ea7n s\u1ef1 \u0111\u1ed3ng \u00fd v\u00ec ch\u00fang l\u00e0 thi\u1ebft y\u1ebfu cho vi\u1ec7c duy\u1ec7t web.<br\/><\/p>\n\n<h2 class=\"wp-block-heading\"><strong>3.2 Cookie \u0111o l\u01b0\u1eddng l\u01b0\u1ee3ng truy c\u1eadp v\u00e0 ph\u00e2n t\u00edch<br\/> <br\/> <br\/><\/strong><br\/><\/h2>\n\n<p>C\u00e1c cookie n\u00e0y gi\u00fap ch\u00fang t\u00f4i hi\u1ec3u c\u00e1ch ng\u01b0\u1eddi d\u00f9ng s\u1eed d\u1ee5ng trang web v\u00e0 c\u1ea3i thi\u1ec7n d\u1ecbch v\u1ee5 c\u1ee7a ch\u00fang t\u00f4i.<\/p>\n\n<p>V\u00ed d\u1ee5 c\u00f3 th\u1ec3 bao g\u1ed3m:<\/p>\n\n<ul class=\"wp-block-list\">\n<li>&#8211; Google Analytics,<\/li>\n\n\n\n<li>&#8211; Th\u1ed1ng k\u00ea WordPress,<\/li>\n\n\n\n<li>&#8211; C\u00e1c c\u00f4ng c\u1ee5 theo d\u00f5i n\u1ed9i b\u1ed9.<\/li>\n<\/ul>\n\n<p>Theo c\u00e1c khuy\u1ebfn ngh\u1ecb \u0111\u1ecba ph\u01b0\u01a1ng, c\u00e1c cookie n\u00e0y c\u00f3 th\u1ec3 y\u00eau c\u1ea7u s\u1ef1 \u0111\u1ed3ng \u00fd c\u1ee7a b\u1ea1n.<br\/><\/p>\n\n<h2 class=\"wp-block-heading\"><strong>3.3 Cookie c\u00e1 nh\u00e2n h\u00f3a<\/strong><br\/><\/h2>\n\n<p>C\u00e1c cookie n\u00e0y cho ph\u00e9p trang web \u0111i\u1ec1u ch\u1ec9nh theo s\u1edf th\u00edch c\u1ee7a b\u1ea1n, ch\u1eb3ng h\u1ea1n nh\u01b0:<\/p>\n\n<ul class=\"wp-block-list\">\n<li>&#8211; ng\u00f4n ng\u1eef hi\u1ec3n th\u1ecb,<\/li>\n\n\n\n<li>&#8211; c\u00e1c \u0111i\u1ec3m \u0111\u1ebfn \u0111\u00e3 xem,<br\/> <br\/> <br\/><\/li>\n\n\n\n<li>&#8211; c\u00e0i \u0111\u1eb7t duy\u1ec7t web.<\/li>\n<\/ul>\n\n<h2 class=\"wp-block-heading\"><strong>3.4 Cookie ti\u1ebfp th\u1ecb v\u00e0 qu\u1ea3ng c\u00e1o<\/strong><br\/><\/h2>\n\n<p>C\u00e1c cookie n\u00e0y cho ph\u00e9p ch\u00fang t\u00f4i cung c\u1ea5p n\u1ed9i dung ho\u1eb7c \u01b0u \u0111\u00e3i ph\u00f9 h\u1ee3p v\u1edbi s\u1edf th\u00edch c\u1ee7a b\u1ea1n.<\/p>\n\n<p>V\u00ed d\u1ee5 bao g\u1ed3m: <\/p>\n\n<ul class=\"wp-block-list\">\n<li>&#8211; Google Ads,<\/li>\n\n\n\n<li>&#8211; Meta\/Facebook Pixel,<\/li>\n\n\n\n<li>&#8211; C\u00e1c d\u1ecbch v\u1ee5 ti\u1ebfp th\u1ecb l\u1ea1i.<\/li>\n<\/ul>\n\n<p>C\u00e1c cookie n\u00e0y y\u00eau c\u1ea7u s\u1ef1 \u0111\u1ed3ng \u00fd tr\u01b0\u1edbc.<\/p>\n\n<hr class=\"wp-block-separator has-alpha-channel-opacity\"\/>\n\n<h2 class=\"wp-block-heading\"><strong>4. Cookie c\u1ee7a b\u00ean th\u1ee9 ba<\/strong><br\/><\/h2>\n\n<p>Ch\u00fang t\u00f4i c\u00f3 th\u1ec3 cho ph\u00e9p m\u1ed9t s\u1ed1 \u0111\u1ed1i t\u00e1c \u0111\u1eb7t cookie tr\u00ean trang web c\u1ee7a ch\u00fang t\u00f4i, bao g\u1ed3m:<\/p>\n\n<ul class=\"wp-block-list\">\n<li>&#8211; c\u00e1c n\u1ec1n t\u1ea3ng ph\u00e2n t\u00edch,<\/li>\n\n\n\n<li>&#8211; c\u00e1c c\u00f4ng c\u1ee5 \u0111\u1eb7t ch\u1ed7,<\/li>\n\n\n\n<li>&#8211; c\u00e1c m\u1ea1ng x\u00e3 h\u1ed9i (Facebook, Instagram, YouTube),<\/li>\n\n\n\n<li>&#8211; c\u00e1c \u0111\u1ed1i t\u00e1c ti\u1ebfp th\u1ecb.<\/li>\n<\/ul>\n\n<p>C\u00e1c b\u00ean th\u1ee9 ba n\u00e0y c\u00f3 ch\u00ednh s\u00e1ch quy\u1ec1n ri\u00eang t\u01b0 ri\u00eang, v\u00e0 ch\u00fang t\u00f4i khuy\u1ebfn kh\u00edch b\u1ea1n xem qua.<\/p>\n\n<hr class=\"wp-block-separator has-alpha-channel-opacity\"\/>\n\n<h2 class=\"wp-block-heading\"><strong>5. Qu\u1ea3n l\u00fd s\u1ef1 \u0111\u1ed3ng \u00fd<\/strong><br\/><\/h2>\n\n<p>Khi b\u1ea1n l\u1ea7n \u0111\u1ea7u truy c\u1eadp trang web, m\u1ed9t banner cookie s\u1ebd cho ph\u00e9p b\u1ea1n:<\/p>\n\n<ul class=\"wp-block-list\">\n<li>&#8211; ch\u1ea5p nh\u1eadn t\u1ea5t c\u1ea3 cookie,<\/li>\n\n\n\n<li>&#8211; t\u1eeb ch\u1ed1i t\u1ea5t c\u1ea3 cookie kh\u00f4ng thi\u1ebft y\u1ebfu,<\/li>\n\n\n\n<li>&#8211; t\u00f9y ch\u1ec9nh l\u1ef1a ch\u1ecdn c\u1ee7a b\u1ea1n.<\/li>\n<\/ul>\n\n<p>B\u1ea1n c\u00f3 th\u1ec3 thay \u0111\u1ed5i t\u00f9y ch\u1ecdn c\u1ee7a m\u00ecnh b\u1ea5t k\u1ef3 l\u00fac n\u00e0o th\u00f4ng qua li\u00ean k\u1ebft Qu\u1ea3n l\u00fd Cookie c\u00f3 \u1edf cu\u1ed1i trang.<\/p>\n\n<p>B\u1ea1n c\u0169ng c\u00f3 th\u1ec3 c\u1ea5u h\u00ecnh tr\u00ecnh duy\u1ec7t c\u1ee7a m\u00ecnh \u0111\u1ec3 ch\u1eb7n cookie: <\/p>\n\n<ul class=\"wp-block-list\">\n<li>&#8211; Chrome: <a href=\"https:\/\/support.google.com\/chrome\/answer\/95647\">https:\/\/support.google.com\/chrome\/answer\/95647<\/a><\/li>\n\n\n\n<li>&#8211; Firefox: <a>https:\/\/support.mozilla.org\/kb\/cookies<\/a><\/li>\n\n\n\n<li>&#8211; Safari: <a>https:\/\/support.apple.com\/guide\/safari\/sfri11471\/mac<\/a><\/li>\n\n\n\n<li>&#8211; Edge: <a>https:\/\/support.microsoft.com\/microsoft-edge<\/a><\/li>\n<\/ul>\n\n<p>Xin l\u01b0u \u00fd: vi\u1ec7c t\u1eeb ch\u1ed1i m\u1ed9t s\u1ed1 cookie c\u00f3 th\u1ec3 h\u1ea1n ch\u1ebf m\u1ed9t s\u1ed1 ch\u1ee9c n\u0103ng c\u1ee7a trang web.<\/p>\n\n<p><\/p>\n\n<hr class=\"wp-block-separator has-alpha-channel-opacity\"\/>\n\n<h2 class=\"wp-block-heading\"><strong>6. Th\u1eddi gian l\u01b0u tr\u1eef<\/strong><\/h2>\n\n<ul class=\"wp-block-list\">\n<li>&#8211; Cookie phi\u00ean: b\u1ecb x\u00f3a khi tr\u00ecnh duy\u1ec7t \u0111\u01b0\u1ee3c \u0111\u00f3ng.<\/li>\n\n\n\n<li>&#8211; Cookie c\u1ed1 \u0111\u1ecbnh: \u0111\u01b0\u1ee3c l\u01b0u tr\u1eef trong t\u1ed1i \u0111a 13 th\u00e1ng, ph\u00f9 h\u1ee3p v\u1edbi c\u00e1c ti\u00eau chu\u1ea9n \u00e1p d\u1ee5ng t\u1ea1i Polyn\u00e9sie thu\u1ed9c Ph\u00e1p.<\/li>\n<\/ul>\n\n<hr class=\"wp-block-separator has-alpha-channel-opacity\"\/>\n\n<h2 class=\"wp-block-heading\"><strong>7. D\u1eef li\u1ec7u c\u00e1 nh\u00e2n v\u00e0 Cookie<\/strong><br\/><\/h2>\n\n<p>Khi vi\u1ec7c s\u1eed d\u1ee5ng cookie li\u00ean quan \u0111\u1ebfn vi\u1ec7c thu th\u1eadp d\u1eef li\u1ec7u c\u00e1 nh\u00e2n, nh\u1eefng d\u1eef li\u1ec7u n\u00e0y s\u1ebd \u0111\u01b0\u1ee3c x\u1eed l\u00fd ph\u00f9 h\u1ee3p v\u1edbi:<\/p>\n\n<ul class=\"wp-block-list\">\n<li>&#8211; c\u00e1c quy \u0111\u1ecbnh \u00e1p d\u1ee5ng t\u1ea1i Polyn\u00e9sie thu\u1ed9c Ph\u00e1p,<\/li>\n\n\n\n<li>&#8211; Ch\u00ednh s\u00e1ch Quy\u1ec1n ri\u00eang t\u01b0 c\u1ee7a ch\u00fang t\u00f4i.<\/li>\n<\/ul>\n\n<hr class=\"wp-block-separator has-alpha-channel-opacity\"\/>\n\n<h2 class=\"wp-block-heading\"><strong>8. Li\u00ean h\u1ec7<\/strong><br\/><\/h2>\n\n<p>\u0110\u1ec3 bi\u1ebft th\u00eam th\u00f4ng tin li\u00ean quan \u0111\u1ebfn Ch\u00ednh s\u00e1ch Cookie n\u00e0y ho\u1eb7c \u0111\u1ec3 th\u1ef1c hi\u1ec7n c\u00e1c quy\u1ec1n c\u1ee7a b\u1ea1n, b\u1ea1n c\u00f3 th\u1ec3 li\u00ean h\u1ec7 v\u1edbi ch\u00fang t\u00f4i:<\/p>\n\n<p>STAYINN TRAVEL<br\/>Email: contact@stayinn.travel<br\/>\u0110i\u1ec7n tho\u1ea1i: +89 499 065<br\/>\u0110\u1ecba ch\u1ec9: 30 rue Paul Gauguin, 98713 Papeete, Polyn\u00e9sie thu\u1ed9c Ph\u00e1p<\/p>\n","protected":false},"excerpt":{"rendered":"<p>1. \u0110\u1ecbnh ngh\u0129a v\u1ec1 Cookie Ch\u00ednh s\u00e1ch Cookie n\u00e0y gi\u1ea3i th\u00edch c\u00e1ch STAYINN TRAVEL, c\u00f3 tr\u1ee5 s\u1edf t\u1ea1i Polyn\u00e9sie thu\u1ed9c Ph\u00e1p, s\u1eed d\u1ee5ng cookie v\u00e0 c\u00e1c c\u00f4ng ngh\u1ec7 t\u01b0\u01a1ng t\u1ef1 tr\u00ean trang web www.stayinn.travel Ch\u00ednh s\u00e1ch n\u00e0y n\u00eau r\u00f5 c\u00e1c lo\u1ea1i cookie m\u00e0 ch\u00fang t\u00f4i s\u1eed d\u1ee5ng, m\u1ee5c \u0111\u00edch c\u1ee7a ch\u00fang v\u00e0 c\u00e1c l\u1ef1a ch\u1ecdn [&hellip;]<\/p>\n","protected":false},"author":1,"featured_media":13590,"parent":0,"menu_order":0,"comment_status":"closed","ping_status":"closed","template":"","meta":{"inline_featured_image":false,"footnotes":""},"class_list":["post-13202","page","type-page","status-publish","has-post-thumbnail","hentry"],"acf":[],"_links":{"self":[{"href":"https:\/\/stayinn.travel\/vi\/wp-json\/wp\/v2\/pages\/13202","targetHints":{"allow":["GET"]}}],"collection":[{"href":"https:\/\/stayinn.travel\/vi\/wp-json\/wp\/v2\/pages"}],"about":[{"href":"https:\/\/stayinn.travel\/vi\/wp-json\/wp\/v2\/types\/page"}],"author":[{"embeddable":true,"href":"https:\/\/stayinn.travel\/vi\/wp-json\/wp\/v2\/users\/1"}],"replies":[{"embeddable":true,"href":"https:\/\/stayinn.travel\/vi\/wp-json\/wp\/v2\/comments?post=13202"}],"version-history":[{"count":2,"href":"https:\/\/stayinn.travel\/vi\/wp-json\/wp\/v2\/pages\/13202\/revisions"}],"predecessor-version":[{"id":13205,"href":"https:\/\/stayinn.travel\/vi\/wp-json\/wp\/v2\/pages\/13202\/revisions\/13205"}],"wp:featuredmedia":[{"embeddable":true,"href":"https:\/\/stayinn.travel\/vi\/wp-json\/wp\/v2\/media\/13590"}],"wp:attachment":[{"href":"https:\/\/stayinn.travel\/vi\/wp-json\/wp\/v2\/media?parent=13202"}],"curies":[{"name":"wp","href":"https:\/\/api.w.org\/{rel}","templated":true}]}}