{"id":13243,"date":"2024-11-18T10:28:46","date_gmt":"2024-11-18T10:28:46","guid":{"rendered":"https:\/\/stayinn.travel\/thong-bao-phap-ly\/"},"modified":"2026-04-16T02:45:35","modified_gmt":"2026-04-16T02:45:35","slug":"thong-bao-phap-ly","status":"publish","type":"page","link":"https:\/\/stayinn.travel\/vi\/thong-bao-phap-ly\/","title":{"rendered":"Th\u00f4ng b\u00e1o ph\u00e1p l\u00fd"},"content":{"rendered":"\n<p>Vi\u1ec7c mua m\u1ed9t chuy\u1ebfn \u0111i t\u1eeb StayInn Travel \u0111\u1ed3ng ngh\u0129a v\u1edbi vi\u1ec7c ch\u1ea5p nh\u1eadn \u0111\u1ea7y \u0111\u1ee7 c\u00e1c \u0111i\u1ec1u kho\u1ea3n v\u00e0 \u0111i\u1ec1u ki\u1ec7n chung v\u1ec1 b\u00e1n h\u00e0ng v\u00e0 v\u1eadn chuy\u1ec3n c\u1ee7a ch\u00fang t\u00f4i. Khi \u0111\u1eb7t ch\u1ed7, kh\u00e1ch h\u00e0ng x\u00e1c nh\u1eadn v\u00e0 ch\u1ea5p nh\u1eadn t\u1ea5t c\u1ea3 c\u00e1c \u0111i\u1ec1u kho\u1ea3n trong \u0111\u00f3 m\u00e0 kh\u00f4ng c\u00f3 b\u1ea5t k\u1ef3 b\u1ea3o l\u01b0u n\u00e0o. <\/p>\n\n<p>StayInn Travel c\u00f3 quy\u1ec1n s\u1eeda \u0111\u1ed5i c\u00e1c \u0111i\u1ec1u ki\u1ec7n n\u00e0y b\u1ea5t k\u1ef3 l\u00fac n\u00e0o v\u00e0 kh\u00f4ng c\u1ea7n th\u00f4ng b\u00e1o tr\u01b0\u1edbc. Do \u0111\u00f3, ch\u00fang t\u00f4i khuy\u1ebfn ngh\u1ecb b\u1ea1n th\u01b0\u1eddng xuy\u00ean xem l\u1ea1i c\u00e1c \u0111i\u1ec1u ki\u1ec7n n\u00e0y khi truy c\u1eadp trang web c\u1ee7a ch\u00fang t\u00f4i. <\/p>\n\n<p>T\u1ea5t c\u1ea3 n\u1ed9i dung tr\u00ean trang web n\u00e0y, c\u0169ng nh\u01b0 c\u00e1c quy\u1ec1n s\u1edf h\u1eefu tr\u00ed tu\u1ec7 li\u00ean quan, thu\u1ed9c s\u1edf h\u1eefu c\u1ee7a StayInn Travel ho\u1eb7c c\u00e1c \u0111\u1ed1i t\u00e1c c\u1ee7a c\u00f4ng ty.<\/p>\n\n<p>Kh\u00f4ng c\u00f3 b\u1ea5t k\u1ef3 quy\u1ec1n s\u1eed d\u1ee5ng ho\u1eb7c quy\u1ec1n s\u1edf h\u1eefu n\u00e0o \u0111\u1ed1i v\u1edbi n\u1ed9i dung n\u00e0y \u0111\u01b0\u1ee3c c\u1ea5p. M\u1ecdi h\u00e0nh vi s\u1eed d\u1ee5ng tr\u00e1i ph\u00e9p, d\u00f9 to\u00e0n b\u1ed9 hay m\u1ed9t ph\u1ea7n, \u0111\u1ed1i v\u1edbi trang web ho\u1eb7c c\u00e1c y\u1ebfu t\u1ed1 \u0111\u01b0\u1ee3c b\u1ea3o v\u1ec7 c\u1ee7a trang web c\u00f3 th\u1ec3 d\u1eabn \u0111\u1ebfn h\u00e0nh \u0111\u1ed9ng ph\u00e1p l\u00fd. <\/p>\n\n<hr class=\"wp-block-separator has-alpha-channel-opacity\"\/>\n\n<h2 class=\"wp-block-heading\"><strong>1. Nh\u00e0 xu\u1ea5t b\u1ea3n trang web<\/strong><\/h2>\n\n<p>T\u00ean c\u00f4ng ty: STAYINN TRAVEL<\/p>\n\n<p>Lo\u1ea1i h\u00ecnh ph\u00e1p l\u00fd: SARL<\/p>\n\n<p>V\u1ed1n \u0111i\u1ec1u l\u1ec7: 50 000 XPF<\/p>\n\n<p>\u0110\u1ecba ch\u1ec9 \u0111\u0103ng k\u00fd: Route Villierme, R\u00e9sidence Fare Ata, C\u0103n h\u1ed9 102 &#8211; Papeete.<\/p>\n\n<p>\u0110\u0103ng k\u00fd: S\u1ed1 TAHITI E10924 \/ SIRET 931 698 070<\/p>\n\n<p>Gi\u1ea5y ph\u00e9p \/ S\u1ed1 \u0111\u0103ng k\u00fd c\u1ee7a c\u00f4ng ty du l\u1ecbch: 566\/PR<\/p>\n\n<p>Email : contact@stayinn.travel<\/p>\n\n<p>\u0110i\u1ec7n tho\u1ea1i: +689 89 499 065<\/p>\n\n<hr class=\"wp-block-separator has-alpha-channel-opacity\"\/>\n\n<h2 class=\"wp-block-heading\"><strong>2. Gi\u00e1m \u0111\u1ed1c xu\u1ea5t b\u1ea3n<\/strong><\/h2>\n\n<p>T\u00ean: ng\u01b0\u1eddi \u0111\u1ea1i di\u1ec7n ph\u00e1p l\u00fd<\/p>\n\n<p>Ch\u1ee9c v\u1ee5: ng\u01b0\u1eddi \u0111\u1ea1i di\u1ec7n ph\u00e1p l\u00fd<\/p>\n\n<hr class=\"wp-block-separator has-alpha-channel-opacity\"\/>\n\n<h2 class=\"wp-block-heading\"><strong>3. Nh\u00e0 cung c\u1ea5p d\u1ecbch v\u1ee5 l\u01b0u tr\u1eef trang web<\/strong><\/h2>\n\n<p>T\u00ean: Hostinger International Ltd.<\/p>\n\n<p>\u0110\u1ecba ch\u1ec9: 61 Lordou Vironos Street, 6023 Larnaca, S\u00edp<\/p>\n\n<p>\u0110i\u1ec7n tho\u1ea1i : +370 645 03378<\/p>\n\n<p>Email : <a href=\"mailto:support@hostinger.com\" target=\"_blank\" rel=\"noreferrer noopener\">support@hostinger.com<\/a><\/p>\n\n<hr class=\"wp-block-separator has-alpha-channel-opacity\"\/>\n\n<h2 class=\"wp-block-heading\"><strong>4. S\u1edf h\u1eefu tr\u00ed tu\u1ec7<\/strong><br\/><\/h2>\n\n<p>T\u1ea5t c\u1ea3 n\u1ed9i dung tr\u00ean trang web n\u00e0y (v\u0103n b\u1ea3n, h\u00ecnh \u1ea3nh, logo, video, bi\u1ec3u t\u01b0\u1ee3ng, v.v.) thu\u1ed9c s\u1edf h\u1eefu c\u1ee7a STAYINN TRAVEL ho\u1eb7c c\u00e1c \u0111\u1ed1i t\u00e1c c\u1ee7a c\u00f4ng ty. M\u1ecdi h\u00e0nh vi sao ch\u00e9p, ph\u00e2n ph\u1ed1i, ch\u1ec9nh s\u1eeda ho\u1eb7c s\u1eed d\u1ee5ng tr\u00e1i ph\u00e9p \u0111\u1ec1u b\u1ecb nghi\u00eam c\u1ea5m. <\/p>\n\n<hr class=\"wp-block-separator has-alpha-channel-opacity\"\/>\n\n<h2 class=\"wp-block-heading\"><strong>5. D\u1eef li\u1ec7u c\u00e1 nh\u00e2n<\/strong><br\/><\/h2>\n\n<p>Theo c\u00e1c quy \u0111\u1ecbnh hi\u1ec7n h\u00e0nh t\u1ea1i Polyn\u00e9sie thu\u1ed9c Ph\u00e1p v\u00e0 theo khuy\u1ebfn ngh\u1ecb c\u1ee7a CNIL-PF, d\u1eef li\u1ec7u \u0111\u01b0\u1ee3c thu th\u1eadp qua trang web n\u00e0y (bi\u1ec3u m\u1eabu, cookie, b\u1ea3n tin) ch\u1ec9 \u0111\u01b0\u1ee3c s\u1eed d\u1ee5ng cho c\u00e1c d\u1ecbch v\u1ee5 do STAYINN TRAVEL cung c\u1ea5p.<br\/>\u0110\u1ec3 bi\u1ebft th\u00eam th\u00f4ng tin, vui l\u00f2ng xem Ch\u00ednh s\u00e1ch B\u1ea3o m\u1eadt c\u1ee7a ch\u00fang t\u00f4i: <a href=\"https:\/\/stayinn.travel\/vi\/chinh-sach-bao-mat\/\">https:\/\/stayinn.travel\/privacy-policy\/<\/a><\/p>\n\n<hr class=\"wp-block-separator has-alpha-channel-opacity\"\/>\n\n<h2 class=\"wp-block-heading\"><strong>6. Tr\u00e1ch nhi\u1ec7m<\/strong><br\/><\/h2>\n\n<p>STAYINN TRAVEL kh\u00f4ng ch\u1ecbu tr\u00e1ch nhi\u1ec7m \u0111\u1ed1i v\u1edbi c\u00e1c l\u1ed7i, thi\u1ebfu s\u00f3t ho\u1eb7c th\u00f4ng tin l\u1ed7i th\u1eddi tr\u00ean trang web n\u00e0y. C\u00e1c li\u00ean k\u1ebft \u0111\u1ebfn nh\u1eefng trang web kh\u00e1c ch\u1ec9 \u0111\u01b0\u1ee3c cung c\u1ea5p nh\u1eb1m m\u1ee5c \u0111\u00edch tham kh\u1ea3o v\u00e0 STAYINN TRAVEL kh\u00f4ng ch\u1ecbu tr\u00e1ch nhi\u1ec7m v\u1ec1 n\u1ed9i dung c\u1ee7a c\u00e1c trang \u0111\u00f3. <\/p>\n\n<hr class=\"wp-block-separator has-alpha-channel-opacity\"\/>\n\n<h2 class=\"wp-block-heading\"><strong>7. Th\u00f4ng tin c\u1ee5 th\u1ec3 c\u1ee7a c\u00f4ng ty du l\u1ecbch<\/strong><\/h2>\n\n<p>B\u1ea3o l\u00e3nh t\u00e0i ch\u00ednh: 50 000 XPF<\/p>\n\n<p>B\u1ea3o hi\u1ec3m ngh\u1ec1 nghi\u1ec7p: AU004386<\/p>\n\n<p><\/p>\n","protected":false},"excerpt":{"rendered":"<p>Vi\u1ec7c mua m\u1ed9t chuy\u1ebfn \u0111i t\u1eeb StayInn Travel \u0111\u1ed3ng ngh\u0129a v\u1edbi vi\u1ec7c ch\u1ea5p nh\u1eadn \u0111\u1ea7y \u0111\u1ee7 c\u00e1c \u0111i\u1ec1u kho\u1ea3n v\u00e0 \u0111i\u1ec1u ki\u1ec7n chung v\u1ec1 b\u00e1n h\u00e0ng v\u00e0 v\u1eadn chuy\u1ec3n c\u1ee7a ch\u00fang t\u00f4i. Khi \u0111\u1eb7t ch\u1ed7, kh\u00e1ch h\u00e0ng x\u00e1c nh\u1eadn v\u00e0 ch\u1ea5p nh\u1eadn t\u1ea5t c\u1ea3 c\u00e1c \u0111i\u1ec1u kho\u1ea3n trong \u0111\u00f3 m\u00e0 kh\u00f4ng c\u00f3 b\u1ea5t k\u1ef3 b\u1ea3o [&hellip;]<\/p>\n","protected":false},"author":1,"featured_media":13402,"parent":0,"menu_order":0,"comment_status":"closed","ping_status":"closed","template":"","meta":{"inline_featured_image":false,"footnotes":""},"class_list":["post-13243","page","type-page","status-publish","has-post-thumbnail","hentry"],"acf":[],"_links":{"self":[{"href":"https:\/\/stayinn.travel\/vi\/wp-json\/wp\/v2\/pages\/13243","targetHints":{"allow":["GET"]}}],"collection":[{"href":"https:\/\/stayinn.travel\/vi\/wp-json\/wp\/v2\/pages"}],"about":[{"href":"https:\/\/stayinn.travel\/vi\/wp-json\/wp\/v2\/types\/page"}],"author":[{"embeddable":true,"href":"https:\/\/stayinn.travel\/vi\/wp-json\/wp\/v2\/users\/1"}],"replies":[{"embeddable":true,"href":"https:\/\/stayinn.travel\/vi\/wp-json\/wp\/v2\/comments?post=13243"}],"version-history":[{"count":1,"href":"https:\/\/stayinn.travel\/vi\/wp-json\/wp\/v2\/pages\/13243\/revisions"}],"predecessor-version":[{"id":13244,"href":"https:\/\/stayinn.travel\/vi\/wp-json\/wp\/v2\/pages\/13243\/revisions\/13244"}],"wp:featuredmedia":[{"embeddable":true,"href":"https:\/\/stayinn.travel\/vi\/wp-json\/wp\/v2\/media\/13402"}],"wp:attachment":[{"href":"https:\/\/stayinn.travel\/vi\/wp-json\/wp\/v2\/media?parent=13243"}],"curies":[{"name":"wp","href":"https:\/\/api.w.org\/{rel}","templated":true}]}}