{"id":13459,"date":"2024-11-13T16:42:17","date_gmt":"2024-11-13T16:42:17","guid":{"rendered":"https:\/\/stayinn.travel\/about\/"},"modified":"2026-04-22T02:28:20","modified_gmt":"2026-04-22T02:28:20","slug":"about","status":"publish","type":"page","link":"https:\/\/stayinn.travel\/vi\/about\/","title":{"rendered":"Gi\u1edbi thi\u1ec7u v\u1ec1 ch\u00fang t\u00f4i"},"content":{"rendered":"\n<p>StayInn Travel l\u00e0 m\u1ed9t c\u00f4ng ty l\u1eef h\u00e0nh \u0111\u1ecba ph\u01b0\u01a1ng s\u1edf h\u1eefu n\u1ec1n t\u1ea3ng cho thu\u00ea l\u01b0u tr\u00fa ng\u1eafn h\u1ea1n l\u1edbn nh\u1ea5t t\u1ea1i Polyn\u00e9sie thu\u1ed9c Ph\u00e1p, v\u1edbi h\u01a1n 300 ch\u1ed7 \u1edf \u0111\u1ed1i t\u00e1c.<\/p>\n\n\n\n<p>C\u00f4ng ty n\u1ed5i b\u1eadt nh\u1edd m\u00f4 h\u00ecnh \u0111\u1ed9c \u0111\u00e1o: l\u00e0 \u0111\u01a1n v\u1ecb duy nh\u1ea5t s\u1edf h\u1eefu n\u1ec1n t\u1ea3ng l\u01b0u tr\u00fa ri\u00eang, \u0111\u01b0\u1ee3c ph\u00e1t tri\u1ec3n t\u1eeb ho\u1ea1t \u0111\u1ed9ng qu\u1ea3n l\u00fd cho thu\u00ea c\u1ee7a m\u00ecnh.<\/p>\n\n\n\n<p>V\u1ecb th\u1ebf n\u00e0y cho ph\u00e9p ch\u00fang t\u00f4i cung c\u1ea5p quy\u1ec1n truy c\u1eadp \u0111\u1ed9c quy\u1ec1n v\u00e0o c\u00e1c ch\u1ed7 \u1edf \u0111\u00e3 \u0111\u01b0\u1ee3c \u0111\u1ed9i ng\u0169 c\u1ee7a ch\u00fang t\u00f4i ki\u1ec3m \u0111\u1ecbnh v\u00e0 tr\u1ef1c ti\u1ebfp qu\u1ea3n l\u00fd. S\u1ef1 k\u1ebft h\u1ee3p n\u00e0y gi\u00fap ch\u00fang t\u00f4i mang \u0111\u1ebfn nh\u1eefng k\u1ef3 ngh\u1ec9 \u0111\u1ed9c quy\u1ec1n, \u0111\u01b0\u1ee3c thi\u1ebft k\u1ebf theo y\u00eau c\u1ea7u v\u00e0 \u0111\u1eadm ch\u1ea5t b\u1ea3n \u0111\u1ecba v\u1edbi m\u1ee9c gi\u00e1 c\u1ea1nh tranh h\u00e0ng \u0111\u1ea7u tr\u00ean th\u1ecb tr\u01b0\u1eddng.<\/p>\n\n\n\n<p>Nh\u1edd chuy\u00ean m\u00f4n \u0111\u1ecba ph\u01b0\u01a1ng v\u00e0 m\u1ea1ng l\u01b0\u1edbi \u0111\u1ed1i t\u00e1c \u0111\u1eb7c quy\u1ec1n, ch\u00fang t\u00f4i t\u1ea1o ra nh\u1eefng tr\u1ea3i nghi\u1ec7m c\u00e1 nh\u00e2n h\u00f3a, \u0111\u1ed9c \u0111\u00e1o v\u00e0 v\u01b0\u1ee3t tr\u1ed9i, tr\u00e1nh xa du l\u1ecbch \u0111\u1ea1i tr\u00e0.<\/p>\n","protected":false},"excerpt":{"rendered":"<p>M\u1ed9t \u0111\u1ed9i ng\u0169 chuy\u00ean gia \u0111\u1ecba ph\u01b0\u01a1ng mang \u0111\u1ebfn nh\u1eefng ch\u1ed7 \u1edf \u0111\u01b0\u1ee3c tuy\u1ec3n ch\u1ecdn k\u1ef9 l\u01b0\u1ee1ng v\u00e0 c\u00e1c \u0111\u1ed1i t\u00e1c \u0111\u01b0\u1ee3c ch\u1ecdn l\u1ecdc c\u1ea9n th\u1eadn.<\/p>\n","protected":false},"author":1,"featured_media":13452,"parent":0,"menu_order":0,"comment_status":"closed","ping_status":"closed","template":"template-about.php","meta":{"inline_featured_image":false,"footnotes":""},"class_list":["post-13459","page","type-page","status-publish","has-post-thumbnail","hentry"],"acf":[],"_links":{"self":[{"href":"https:\/\/stayinn.travel\/vi\/wp-json\/wp\/v2\/pages\/13459","targetHints":{"allow":["GET"]}}],"collection":[{"href":"https:\/\/stayinn.travel\/vi\/wp-json\/wp\/v2\/pages"}],"about":[{"href":"https:\/\/stayinn.travel\/vi\/wp-json\/wp\/v2\/types\/page"}],"author":[{"embeddable":true,"href":"https:\/\/stayinn.travel\/vi\/wp-json\/wp\/v2\/users\/1"}],"replies":[{"embeddable":true,"href":"https:\/\/stayinn.travel\/vi\/wp-json\/wp\/v2\/comments?post=13459"}],"version-history":[{"count":12,"href":"https:\/\/stayinn.travel\/vi\/wp-json\/wp\/v2\/pages\/13459\/revisions"}],"predecessor-version":[{"id":17219,"href":"https:\/\/stayinn.travel\/vi\/wp-json\/wp\/v2\/pages\/13459\/revisions\/17219"}],"wp:featuredmedia":[{"embeddable":true,"href":"https:\/\/stayinn.travel\/vi\/wp-json\/wp\/v2\/media\/13452"}],"wp:attachment":[{"href":"https:\/\/stayinn.travel\/vi\/wp-json\/wp\/v2\/media?parent=13459"}],"curies":[{"name":"wp","href":"https:\/\/api.w.org\/{rel}","templated":true}]}}