{"id":13855,"date":"2025-04-15T11:10:42","date_gmt":"2025-04-15T11:10:42","guid":{"rendered":"https:\/\/stayinn.travel\/product\/nhung-diem-thiet-yeu-cua-quan-dao-society-danh-cho-cac-cap-doi\/"},"modified":"2026-04-25T00:01:21","modified_gmt":"2026-04-25T00:01:21","slug":"nhung-diem-thiet-yeu-cua-quan-dao-society-danh-cho-cac-cap-doi","status":"publish","type":"product","link":"https:\/\/stayinn.travel\/vi\/product\/nhung-diem-thiet-yeu-cua-quan-dao-society-danh-cho-cac-cap-doi\/","title":{"rendered":"Nh\u1eefng \u0111i\u1ec3m thi\u1ebft y\u1ebfu c\u1ee7a qu\u1ea7n \u0111\u1ea3o Society d\u00e0nh cho c\u00e1c c\u1eb7p \u0111\u00f4i"},"content":{"rendered":"<h3>\ud83c\udf34 <strong>Ch\u00e0o m\u1eebng \u0111\u1ebfn Thi\u00ean \u0111\u01b0\u1eddng tr\u00ean Tr\u00e1i \u0111\u1ea5t!<\/strong><\/h3>\n<p>\ud83c\udf0a<strong> <em data-start=\"364\" data-end=\"423\">\u201cChuy\u1ebfn island-hopping t\u1ed1i th\u01b0\u1ee3ng t\u1ea1i Polyn\u00e9sie thu\u1ed9c Ph\u00e1p.\u201d<\/em><\/strong><\/p>\n<p>Ch\u00fang t\u00f4i m\u1eddi b\u1ea1n kh\u00e1m ph\u00e1 v\u1ebb \u0111\u1eb9p quy\u1ebfn r\u0169 c\u1ee7a qu\u1ea7n \u0111\u1ea3o Society t\u1ea1i Polyn\u00e9sie thu\u1ed9c Ph\u00e1p v\u1edbi g\u00f3i island-hopping \u0111\u1ed9c quy\u1ec1n c\u1ee7a ch\u00fang t\u00f4i.<\/p>\n<p>H\u00e3y s\u1eb5n s\u00e0ng cho m\u1ed9t cu\u1ed9c phi\u00eau l\u01b0u kh\u00f3 qu\u00ean khi b\u1ea1n kh\u00e1m ph\u00e1 6 h\u00f2n \u0111\u1ea3o bi\u1ec3u t\u01b0\u1ee3ng: Tahiti, Moorea, Huahine, Raiatea, Taha&#8217;a v\u00e0 Bora Bora.<br \/>\nG\u00f3i tr\u1ecdn g\u00f3i n\u00e0y bao g\u1ed3m c\u00e1c chuy\u1ebfn bay li\u00ean \u0111\u1ea3o v\u00e0 ph\u01b0\u01a1ng ti\u1ec7n \u0111\u01b0a \u0111\u00f3n, ch\u1ed7 \u1edf, thu\u00ea xe v\u00e0 c\u00e1c ho\u1ea1t \u0111\u1ed9ng \u0111\u01b0\u1ee3c tuy\u1ec3n ch\u1ecdn.<br \/>\nDu l\u1ecbch theo nh\u1ecbp \u0111\u1ed9 c\u1ee7a ri\u00eang b\u1ea1n, v\u1edbi s\u1ef1 an t\u00e2m tuy\u1ec7t \u0111\u1ed1i!<\/p>\n<hr>\n<h3>\ud83c\udfdd\ufe0f C\u00c1C H\u00d2N \u0110\u1ea2O BAO G\u1ed2M:<\/h3>\n<ul>\n<li>Tahiti<\/li>\n<li>Moorea<\/li>\n<li>Huahine<\/li>\n<li>Raiatea<\/li>\n<li>Taha\u2019a<\/li>\n<li>Bora Bora<\/li>\n<\/ul>\n<hr>\n<h3>\u2705<strong> G\u00d3I BAO G\u1ed2M:<\/strong><\/h3>\n<ul>\n<li>15 \u0111\u00eam \/ 16 ng\u00e0y<\/li>\n<li>N\u01a1i l\u01b0u tr\u00fa<\/li>\n<li>Thu\u00ea xe<\/li>\n<li>Chuy\u1ebfn tham quan c\u00f3 h\u01b0\u1edbng d\u1eabn<\/li>\n<li>V\u00e9 m\u00e1y bay li\u00ean \u0111\u1ea3o v\u00e0 d\u1ecbch v\u1ee5 chuy\u1ec3n ph\u00e0<\/li>\n<\/ul>\n","protected":false},"excerpt":{"rendered":"<p>\ud83c\udf0a<em data-start=\"364\" data-end=\"423\">\u201cChuy\u1ebfn island-hopping t\u1ed1i th\u01b0\u1ee3ng t\u1ea1i Polyn\u00e9sie thu\u1ed9c Ph\u00e1p.\u201d<\/em><\/p>\n<p>&nbsp;<\/p>\n","protected":false},"featured_media":1246,"comment_status":"open","ping_status":"closed","template":"","meta":{"inline_featured_image":false},"country":[],"product_brand":[],"product_cat":[223],"product_tag":[],"class_list":{"0":"post-13855","1":"product","2":"type-product","3":"status-publish","4":"has-post-thumbnail","6":"product_cat-tron-goi","8":"first","9":"instock","10":"shipping-taxable","11":"purchasable","12":"product-type-simple"},"acf":[],"_links":{"self":[{"href":"https:\/\/stayinn.travel\/vi\/wp-json\/wp\/v2\/product\/13855","targetHints":{"allow":["GET"]}}],"collection":[{"href":"https:\/\/stayinn.travel\/vi\/wp-json\/wp\/v2\/product"}],"about":[{"href":"https:\/\/stayinn.travel\/vi\/wp-json\/wp\/v2\/types\/product"}],"replies":[{"embeddable":true,"href":"https:\/\/stayinn.travel\/vi\/wp-json\/wp\/v2\/comments?post=13855"}],"wp:featuredmedia":[{"embeddable":true,"href":"https:\/\/stayinn.travel\/vi\/wp-json\/wp\/v2\/media\/1246"}],"wp:attachment":[{"href":"https:\/\/stayinn.travel\/vi\/wp-json\/wp\/v2\/media?parent=13855"}],"wp:term":[{"taxonomy":"country","embeddable":true,"href":"https:\/\/stayinn.travel\/vi\/wp-json\/wp\/v2\/country?post=13855"},{"taxonomy":"product_brand","embeddable":true,"href":"https:\/\/stayinn.travel\/vi\/wp-json\/wp\/v2\/product_brand?post=13855"},{"taxonomy":"product_cat","embeddable":true,"href":"https:\/\/stayinn.travel\/vi\/wp-json\/wp\/v2\/product_cat?post=13855"},{"taxonomy":"product_tag","embeddable":true,"href":"https:\/\/stayinn.travel\/vi\/wp-json\/wp\/v2\/product_tag?post=13855"}],"curies":[{"name":"wp","href":"https:\/\/api.w.org\/{rel}","templated":true}]}}