{"id":14159,"date":"2025-05-13T06:36:17","date_gmt":"2025-05-13T06:36:17","guid":{"rendered":"https:\/\/stayinn.travel\/product\/thien-duong-polynesia-ky-nghi-dac-biet-danh-cho-nhom\/"},"modified":"2025-05-13T06:36:17","modified_gmt":"2025-05-13T06:36:17","slug":"thien-duong-polynesia-ky-nghi-dac-biet-danh-cho-nhom","status":"publish","type":"product","link":"https:\/\/stayinn.travel\/vi\/product\/thien-duong-polynesia-ky-nghi-dac-biet-danh-cho-nhom\/","title":{"rendered":"Thi\u00ean \u0110\u01b0\u1eddng Polynesia, K\u1ef3 Ngh\u1ec9 \u0110\u1eb7c Bi\u1ec7t D\u00e0nh Cho Nh\u00f3m"},"content":{"rendered":"<p class=\"\" data-start=\"124\" data-end=\"160\">\ud83c\udf34 <strong data-start=\"127\" data-end=\"160\">Ch\u00e0o m\u1eebng \u0111\u1ebfn Thi\u00ean \u0111\u01b0\u1eddng tr\u00ean Tr\u00e1i \u0111\u1ea5t!<\/strong><\/p>\n<p class=\"\" data-start=\"162\" data-end=\"252\">\u2728<em data-start=\"164\" data-end=\"252\">Kh\u00e1m ph\u00e1 v\u1ebb \u0111\u1eb9p m\u00ea ho\u1eb7c c\u1ee7a c\u00e1c \u0111\u1ea3o thu\u1ed9c qu\u1ea7n \u0111\u1ea3o X\u00e3 h\u1ed9i v\u00e0 qu\u1ea7n \u0111\u1ea3o Tuamotu hoang s\u01a1.<\/em><\/p>\n<p class=\"\" data-start=\"254\" data-end=\"356\">Ch\u00fang t\u00f4i m\u1eddi b\u1ea1n kh\u00e1m ph\u00e1 Polynesia thu\u1ed9c Ph\u00e1p v\u1edbi g\u00f3i \u0111\u1eb7c bi\u1ec7t d\u00e0nh cho c\u00e1c nh\u00f3m l\u00ean \u0111\u1ebfn 8 ng\u01b0\u1eddi.<\/p>\n<p class=\"\" data-start=\"358\" data-end=\"628\">H\u00e3y chu\u1ea9n b\u1ecb cho m\u1ed9t cu\u1ed9c phi\u00eau l\u01b0u kh\u00f4ng th\u1ec3 qu\u00ean khi b\u1ea1n tham quan 4 h\u00f2n \u0111\u1ea3o bi\u1ec3u t\u01b0\u1ee3ng: <strong data-start=\"434\" data-end=\"474\">Tahiti, Moorea, Taha&#8217;a v\u00e0 Rangiroa.<\/strong><br data-start=\"475\" data-end=\"478\">H\u00e3y t\u1eadn h\u01b0\u1edfng g\u00f3i tr\u1ecdn g\u00f3i bao g\u1ed3m <strong data-start=\"526\" data-end=\"544\">ch\u1ed7 \u1edf<\/strong>, <strong data-start=\"546\" data-end=\"590\">chuy\u1ebfn bay v\u00e0 chuy\u1ec3n ferry gi\u1eefa c\u00e1c \u0111\u1ea3o<\/strong>, <strong data-start=\"613\" data-end=\"627\">thu\u00ea xe v\u00e0 c\u00e1c ho\u1ea1t \u0111\u1ed9ng.<\/strong><\/p>\n<p class=\"\" data-start=\"630\" data-end=\"706\">\u26f1\ufe0fDu l\u1ecbch theo t\u1ed1c \u0111\u1ed9 c\u1ee7a b\u1ea1n, kh\u00f4ng lo \u00e2u v\u00e0 ho\u00e0n to\u00e0n h\u00f2a m\u00ecnh v\u00e0o ph\u00e9p m\u00e0u c\u1ee7a c\u00e1c h\u00f2n \u0111\u1ea3o.<\/p>\n<hr class=\"\" data-start=\"708\" data-end=\"711\">\n<p class=\"\" data-start=\"713\" data-end=\"738\">\ud83c\udfdd\ufe0f C\u00c1C H\u00d2N \u0110\u1ea2O BAO G\u1ed2M:<\/p>\n<ul data-start=\"740\" data-end=\"783\">\n<li class=\"\" data-start=\"740\" data-end=\"750\">\n<p class=\"\" data-start=\"742\" data-end=\"750\">Tahiti<\/p>\n<\/li>\n<li class=\"\" data-start=\"751\" data-end=\"761\">\n<p class=\"\" data-start=\"753\" data-end=\"761\">Moorea<\/p>\n<\/li>\n<li class=\"\" data-start=\"762\" data-end=\"772\">\n<p class=\"\" data-start=\"764\" data-end=\"772\">Taha\u2019a<\/p>\n<\/li>\n<li class=\"\" data-start=\"773\" data-end=\"783\">\n<p class=\"\" data-start=\"775\" data-end=\"783\">Rangiroa<\/p>\n<\/li>\n<\/ul>\n<p class=\"\" data-start=\"785\" data-end=\"808\">\u2705<strong data-start=\"787\" data-end=\"808\"> G\u00d3I BAO G\u1ed2M:<\/strong><\/p>\n<ul data-start=\"810\" data-end=\"976\">\n<li class=\"\" data-start=\"810\" data-end=\"833\">\n<p class=\"\" data-start=\"812\" data-end=\"833\">13 \u0111\u00eam \/ 14 ng\u00e0y<\/p>\n<\/li>\n<li class=\"\" data-start=\"834\" data-end=\"852\">\n<p class=\"\" data-start=\"836\" data-end=\"852\">N\u01a1i l\u01b0u tr\u00fa<\/p>\n<\/li>\n<li class=\"\" data-start=\"853\" data-end=\"897\">\n<p class=\"\" data-start=\"855\" data-end=\"897\">Chuy\u1ebfn bay v\u00e0 chuy\u1ec3n t\u00e0u ph\u00e0 gi\u1eefa c\u00e1c \u0111\u1ea3o<\/p>\n<\/li>\n<li class=\"\" data-start=\"898\" data-end=\"913\">\n<p class=\"\" data-start=\"900\" data-end=\"913\">Thu\u00ea xe<\/p>\n<\/li>\n<li class=\"\" data-start=\"914\" data-end=\"976\">\n<p class=\"\" data-start=\"916\" data-end=\"976\">C\u00e1c ho\u1ea1t \u0111\u1ed9ng (bao g\u1ed3m c\u00e1c tr\u1ea3i nghi\u1ec7m v\u0103n h\u00f3a v\u00e0 c\u00e1c chuy\u1ebfn tham quan c\u00f3 h\u01b0\u1edbng d\u1eabn)<\/p>\n<\/li>\n<\/ul>\n","protected":false},"excerpt":{"rendered":"<p>\ud83d\udc68\u200d\ud83d\udc69\u200d\ud83d\udc67\u200d\ud83d\udc66Cu\u1ed9c phi\u00eau l\u01b0u tr\u00ean \u0111\u1ea3o d\u00e0nh cho c\u00e1c nh\u00f3m \u2013 thi\u00ean \u0111\u01b0\u1eddng \u0111ang ch\u1edd \u0111\u00f3n!<\/p>\n","protected":false},"featured_media":14160,"comment_status":"open","ping_status":"closed","template":"","meta":{"inline_featured_image":false},"country":[],"product_brand":[],"product_cat":[223],"product_tag":[],"class_list":{"0":"post-14159","1":"product","2":"type-product","3":"status-publish","4":"has-post-thumbnail","6":"product_cat-tron-goi","8":"first","9":"instock","10":"shipping-taxable","11":"purchasable","12":"product-type-simple"},"acf":[],"_links":{"self":[{"href":"https:\/\/stayinn.travel\/vi\/wp-json\/wp\/v2\/product\/14159","targetHints":{"allow":["GET"]}}],"collection":[{"href":"https:\/\/stayinn.travel\/vi\/wp-json\/wp\/v2\/product"}],"about":[{"href":"https:\/\/stayinn.travel\/vi\/wp-json\/wp\/v2\/types\/product"}],"replies":[{"embeddable":true,"href":"https:\/\/stayinn.travel\/vi\/wp-json\/wp\/v2\/comments?post=14159"}],"wp:featuredmedia":[{"embeddable":true,"href":"https:\/\/stayinn.travel\/vi\/wp-json\/wp\/v2\/media\/14160"}],"wp:attachment":[{"href":"https:\/\/stayinn.travel\/vi\/wp-json\/wp\/v2\/media?parent=14159"}],"wp:term":[{"taxonomy":"country","embeddable":true,"href":"https:\/\/stayinn.travel\/vi\/wp-json\/wp\/v2\/country?post=14159"},{"taxonomy":"product_brand","embeddable":true,"href":"https:\/\/stayinn.travel\/vi\/wp-json\/wp\/v2\/product_brand?post=14159"},{"taxonomy":"product_cat","embeddable":true,"href":"https:\/\/stayinn.travel\/vi\/wp-json\/wp\/v2\/product_cat?post=14159"},{"taxonomy":"product_tag","embeddable":true,"href":"https:\/\/stayinn.travel\/vi\/wp-json\/wp\/v2\/product_tag?post=14159"}],"curies":[{"name":"wp","href":"https:\/\/api.w.org\/{rel}","templated":true}]}}