{"id":14438,"date":"2025-06-07T00:56:42","date_gmt":"2025-06-07T00:56:42","guid":{"rendered":"https:\/\/stayinn.travel\/product\/tahaa-tour-du-lich-bang-xe-atv-quad-va-jet-ski\/"},"modified":"2026-04-21T19:47:35","modified_gmt":"2026-04-21T19:47:35","slug":"tahaa-tour-du-lich-bang-xe-atv-quad-va-jet-ski","status":"publish","type":"product","link":"https:\/\/stayinn.travel\/vi\/product\/tahaa-tour-du-lich-bang-xe-atv-quad-va-jet-ski\/","title":{"rendered":"TAHA&#8217;A &#8211; Tour du l\u1ecbch b\u1eb1ng xe ATV Quad v\u00e0 Jet Ski"},"content":{"rendered":"<p data-start=\"93\" data-end=\"378\">Tr\u1ea3i nghi\u1ec7m s\u1ef1 k\u1ebft h\u1ee3p ho\u00e0n h\u1ea3o gi\u1eefa c\u1ea3m gi\u00e1c m\u1ea1nh v\u00e0 kh\u00e1m ph\u00e1 tr\u00ean c\u1ea3 \u0111\u1ea5t li\u1ec1n v\u00e0 bi\u1ec3n trong chuy\u1ebfn tham quan n\u1eeda ng\u00e0y \u0111\u1ea7y th\u00fa v\u1ecb quanh h\u00f2n \u0111\u1ea3o tuy\u1ec7t \u0111\u1eb9p Taha\u2019a! L\u01b0\u1edbt tr\u00ean nh\u1eefng l\u00e0n n\u01b0\u1edbc xanh ng\u1ecdc b\u00edch b\u1eb1ng Jet Ski, sau \u0111\u00f3 leo l\u00ean nh\u1eefng con \u0111\u01b0\u1eddng m\u00f2n n\u00fai b\u1eb1ng xe quad \u0111\u1ec3 \u0111\u1ebfn nh\u1eefng \u0111i\u1ec3m ng\u1eafm c\u1ea3nh tuy\u1ec7t \u0111\u1eb9p nh\u1ea5t c\u1ee7a h\u00f2n \u0111\u1ea3o. <\/p>\n<p data-start=\"380\" data-end=\"635\">B\u1eaft \u0111\u1ea7u ng\u00e0y m\u1edbi v\u1edbi m\u1ed9t chuy\u1ebfn phi\u00eau l\u01b0u b\u1eb1ng xe quad k\u00e9o d\u00e0i 1 gi\u1edd, \u0111i qua con \u0111\u01b0\u1eddng ch\u00ednh c\u1ee7a \u0111\u1ea3o \u0111\u1ec3 \u0111\u1ebfn \u0111\u00e8o Vaitoetoe, n\u01a1i b\u1ea1n s\u1ebd \u0111\u01b0\u1ee3c chi\u00eam ng\u01b0\u1ee1ng c\u1ea3nh quan h\u00f9ng v\u0129 v\u00e0 t\u00ecm hi\u1ec3u v\u1ec1 \u0111\u1ecba ch\u1ea5t c\u1ee7a \u0111\u1ea3o c\u0169ng nh\u01b0 qu\u00e1 tr\u00ecnh h\u00ecnh th\u00e0nh c\u1ee7a n\u00f3 c\u00f9ng v\u1edbi \u0111\u1ea3o Raiatea l\u00e2n c\u1eadn.<\/p>\n<p data-start=\"637\" data-end=\"896\">Then, switch to water mode with a <strong data-start=\"671\" data-end=\"694\">1-hour Jet Ski tour<\/strong>. Glide across the crystal-clear lagoon from <strong data-start=\"739\" data-end=\"776\">Haamene Bay to the northern motus<\/strong>, passing by the iconic Vahine Island hotel, and enjoy the thrill of navigating between coral reefs and secluded islets. <\/p>\n<p data-start=\"898\" data-end=\"1084\">K\u1ebft th\u00fac h\u00e0nh tr\u00ecnh c\u1ee7a b\u1ea1n b\u1eb1ng m\u1ed9t bu\u1ed5i th\u1eed tr\u00e1i c\u00e2y v\u00e0 n\u01b0\u1edbc \u00e9p t\u01b0\u01a1i m\u00e1t t\u1ea1i m\u1ed9t c\u1eeda h\u00e0ng qu\u00e0 l\u01b0u ni\u1ec7m \u0111\u1ecba ph\u01b0\u01a1ng, n\u01a1i b\u1ea1n s\u1ebd c\u00f3 nh\u1eefng kho\u1ea3nh kh\u1eafc \u1ea5m \u00e1p b\u00ean nh\u1eefng ng\u01b0\u1eddi d\u00e2n th\u00e2n thi\u1ec7n v\u00e0 mang v\u1ec1 nh\u1eefng k\u1ef7 ni\u1ec7m ng\u1ecdt ng\u00e0o v\u1ec1 Taha\u2019a.<\/p>\n<p>Gi\u00e1 cho 2 ng\u01b0\u1eddi \/ 1 xe ATV &amp; Jet Ski<\/p>\n","protected":false},"excerpt":{"rendered":"<p><strong>\ud83c\udf0a\ud83c\udfdd\ufe0f\ud83d\udef5 Tr\u1ea3i nghi\u1ec7m \u0111\u1ea7y h\u1ee9ng kh\u1edfi tr\u00ean \u0111\u1ea5t li\u1ec1n, t\u1ef1 do tr\u00ean bi\u1ec3n \u2014 kh\u00e1m ph\u00e1 Taha\u2019a theo c\u00e1ch ho\u00e0n to\u00e0n m\u1edbi! \ud83c\udf4d\ud83c\udf3a <\/strong><\/p>\n","protected":false},"featured_media":14109,"comment_status":"open","ping_status":"closed","template":"","meta":{"inline_featured_image":false},"country":[],"product_brand":[],"product_cat":[222],"product_tag":[274],"class_list":{"0":"post-14438","1":"product","2":"type-product","3":"status-publish","4":"has-post-thumbnail","6":"product_cat-hoat-dong","7":"product_tag-tahaa-vi","9":"first","10":"instock","11":"shipping-taxable","12":"purchasable","13":"product-type-simple"},"acf":[],"_links":{"self":[{"href":"https:\/\/stayinn.travel\/vi\/wp-json\/wp\/v2\/product\/14438","targetHints":{"allow":["GET"]}}],"collection":[{"href":"https:\/\/stayinn.travel\/vi\/wp-json\/wp\/v2\/product"}],"about":[{"href":"https:\/\/stayinn.travel\/vi\/wp-json\/wp\/v2\/types\/product"}],"replies":[{"embeddable":true,"href":"https:\/\/stayinn.travel\/vi\/wp-json\/wp\/v2\/comments?post=14438"}],"wp:featuredmedia":[{"embeddable":true,"href":"https:\/\/stayinn.travel\/vi\/wp-json\/wp\/v2\/media\/14109"}],"wp:attachment":[{"href":"https:\/\/stayinn.travel\/vi\/wp-json\/wp\/v2\/media?parent=14438"}],"wp:term":[{"taxonomy":"country","embeddable":true,"href":"https:\/\/stayinn.travel\/vi\/wp-json\/wp\/v2\/country?post=14438"},{"taxonomy":"product_brand","embeddable":true,"href":"https:\/\/stayinn.travel\/vi\/wp-json\/wp\/v2\/product_brand?post=14438"},{"taxonomy":"product_cat","embeddable":true,"href":"https:\/\/stayinn.travel\/vi\/wp-json\/wp\/v2\/product_cat?post=14438"},{"taxonomy":"product_tag","embeddable":true,"href":"https:\/\/stayinn.travel\/vi\/wp-json\/wp\/v2\/product_tag?post=14438"}],"curies":[{"name":"wp","href":"https:\/\/api.w.org\/{rel}","templated":true}]}}