{"id":14533,"date":"2025-06-11T05:14:08","date_gmt":"2025-06-11T05:14:08","guid":{"rendered":"https:\/\/stayinn.travel\/product\/tikehau-lan-bien-bang-binh-duong-khi\/"},"modified":"2026-04-21T18:48:38","modified_gmt":"2026-04-21T18:48:38","slug":"tikehau-lan-bien-bang-binh-duong-khi","status":"publish","type":"product","link":"https:\/\/stayinn.travel\/vi\/product\/tikehau-lan-bien-bang-binh-duong-khi\/","title":{"rendered":"TIKEHAU &#8211; L\u1eb7n bi\u1ec3n b\u1eb1ng b\u00ecnh d\u01b0\u1ee1ng kh\u00ed"},"content":{"rendered":"<p data-start=\"147\" data-end=\"503\">Thi\u00ean \u0111\u01b0\u1eddng th\u1ef1c s\u1ef1 cho nh\u1eefng ng\u01b0\u1eddi y\u00eau l\u1eb7n bi\u1ec3n, Polynesia Ph\u00e1p ch\u1eafc ch\u1eafn l\u00e0 \u0111i\u1ec3m \u0111\u1ebfn l\u00fd t\u01b0\u1edfng nh\u1ea5t \u0111\u1ec3 say m\u00ea m\u00f4n l\u1eb7n bi\u1ec3n. D\u00f9 b\u1ea1n l\u00e0 ng\u01b0\u1eddi m\u1edbi b\u1eaft \u0111\u1ea7u hay \u0111\u00e3 c\u00f3 kinh nghi\u1ec7m, \u0111\u1eebng b\u1ecf l\u1ee1 c\u01a1 h\u1ed9i kh\u00e1m ph\u00e1 v\u00f9ng \u0111\u1ea5t bi\u1ec3u t\u01b0\u1ee3ng n\u00e0y, n\u01a1i nh\u1eefng v\u1ecbnh bi\u1ec3n l\u1ea5p l\u00e1nh trong h\u00e0ng tr\u0103m s\u1eafc th\u00e1i xanh bi\u1ebfc v\u00e0 tr\u00e0n ng\u1eadp cu\u1ed9c s\u1ed1ng bi\u1ec3n \u0111a d\u1ea1ng v\u00e0 r\u1ef1c r\u1ee1 h\u01a1n b\u1ea5t k\u1ef3 n\u01a1i n\u00e0o kh\u00e1c tr\u00ean Tr\u00e1i \u0110\u1ea5t. <\/p>\n<p data-start=\"505\" data-end=\"905\">\u1ede Tikehau, th\u1ebf gi\u1edbi d\u01b0\u1edbi n\u01b0\u1edbc v\u00f4 c\u00f9ng phong ph\u00fa v\u00e0 hoang d\u00e3, mang \u0111\u1ebfn c\u01a1 h\u1ed9i g\u1eb7p g\u1ee1 c\u00e1c lo\u00e0i sinh v\u1eadt bi\u1ec3n l\u1edbn nh\u01b0 c\u00e1 m\u1eadp \u0111\u1ea7u b\u00faa kh\u1ed5ng l\u1ed3, c\u00e1 m\u1eadp h\u1ed5, c\u00e1 m\u1eadp r\u1ea1n san h\u00f4 x\u00e1m, c\u00e1 m\u1eadp \u0111u\u00f4i \u0111en v\u00e0 lo\u00e0i c\u00e1 m\u1eadp tapete hi\u1ebfm g\u1eb7p. B\u1ea1n c\u0169ng s\u1ebd b\u1eaft g\u1eb7p c\u00e1c lo\u00e0i c\u00e1 nhi\u1ec7t \u0111\u1edbi s\u1eb7c s\u1ee1, c\u00e1 Napoleon, r\u00f9a bi\u1ec3n, \u0111\u00e0n c\u00e1 d\u00ea kh\u1ed5ng l\u1ed3, c\u00e1 barracuda, c\u00e1 trevally m\u1eaft to\u2014v\u00e0 tr\u00ean h\u1ebft l\u00e0 nh\u1eefng con c\u00e1 manta uy nghi. <\/p>\n<p data-start=\"907\" data-end=\"990\">C\u00e1c bu\u1ed5i l\u1eb7n th\u1eed nghi\u1ec7m (bapt\u00eames) \u0111\u01b0\u1ee3c t\u1ed5 ch\u1ee9c t\u1ea1i khu v\u1ef1c c\u00e1 manta ho\u1eb7c t\u1ea1i eo bi\u1ec3n.<\/p>\n<p data-start=\"992\" data-end=\"1156\">C\u00e1c chuy\u1ebfn l\u1eb7n th\u00e1m hi\u1ec3m th\u01b0\u1eddng di\u1ec5n ra t\u1ea1i eo bi\u1ec3n Tuheiava, c\u00e1ch l\u00e0ng kho\u1ea3ng 20\u201325 ph\u00fat \u0111i thuy\u1ec1n. C\u00e1c chuy\u1ebfn tham quan n\u00e0y lu\u00f4n bao g\u1ed3m hai l\u1ea7n l\u1eb7n li\u00ean ti\u1ebfp. <\/p>\n<p data-start=\"1158\" data-end=\"1397\">\u0110\u1ed1i v\u1edbi c\u00e1c chuy\u1ebfn l\u1eb7n ng\u1eafm ho\u00e0ng h\u00f4n (t\u1eeb 3:30 chi\u1ec1u \u0111\u1ebfn 6:00 chi\u1ec1u), b\u1ea1n s\u1ebd \u0111\u01b0\u1ee3c ch\u1ee9ng ki\u1ebfn c\u1ea3nh c\u00e1 m\u1eadp v\u00e0 c\u00e1 v\u1eb9t sinh s\u1ea3n, c\u00f9ng nh\u1eefng thay \u0111\u1ed5i trong h\u00e0nh vi c\u1ee7a c\u00e1c lo\u00e0i c\u00e1 bi\u1ec3n nh\u01b0 c\u00e1 m\u1eadp s\u0103n m\u1ed3i \u0111\u00e0n c\u00e1 &#8220;Ature&#8221; (c\u00e1 thu), t\u1ea5t c\u1ea3 di\u1ec5n ra trong \u00e1nh ho\u00e0ng h\u00f4n v\u00e0ng r\u1ef1c r\u1ee1 v\u00e0 huy\u1ec1n \u1ea3o.<\/p>\n","protected":false},"excerpt":{"rendered":"<p><strong>\u2728 Entdecken Sie eine Welt voller Giganten, Farben und Wunder \u2013 die Unterwasserwelt von Tikehau ist ein wahres Wunderwerk! \ud83c\udf05\ud83e\udd88\ud83d\udc22\ud83c\udf0a <\/strong><\/p>\n","protected":false},"featured_media":2617,"comment_status":"open","ping_status":"closed","template":"","meta":{"inline_featured_image":false},"country":[],"product_brand":[],"product_cat":[222],"product_tag":[268],"class_list":{"0":"post-14533","1":"product","2":"type-product","3":"status-publish","4":"has-post-thumbnail","6":"product_cat-hoat-dong","7":"product_tag-tikehau-vi","9":"first","10":"instock","11":"shipping-taxable","12":"purchasable","13":"product-type-simple"},"acf":[],"_links":{"self":[{"href":"https:\/\/stayinn.travel\/vi\/wp-json\/wp\/v2\/product\/14533","targetHints":{"allow":["GET"]}}],"collection":[{"href":"https:\/\/stayinn.travel\/vi\/wp-json\/wp\/v2\/product"}],"about":[{"href":"https:\/\/stayinn.travel\/vi\/wp-json\/wp\/v2\/types\/product"}],"replies":[{"embeddable":true,"href":"https:\/\/stayinn.travel\/vi\/wp-json\/wp\/v2\/comments?post=14533"}],"wp:featuredmedia":[{"embeddable":true,"href":"https:\/\/stayinn.travel\/vi\/wp-json\/wp\/v2\/media\/2617"}],"wp:attachment":[{"href":"https:\/\/stayinn.travel\/vi\/wp-json\/wp\/v2\/media?parent=14533"}],"wp:term":[{"taxonomy":"country","embeddable":true,"href":"https:\/\/stayinn.travel\/vi\/wp-json\/wp\/v2\/country?post=14533"},{"taxonomy":"product_brand","embeddable":true,"href":"https:\/\/stayinn.travel\/vi\/wp-json\/wp\/v2\/product_brand?post=14533"},{"taxonomy":"product_cat","embeddable":true,"href":"https:\/\/stayinn.travel\/vi\/wp-json\/wp\/v2\/product_cat?post=14533"},{"taxonomy":"product_tag","embeddable":true,"href":"https:\/\/stayinn.travel\/vi\/wp-json\/wp\/v2\/product_tag?post=14533"}],"curies":[{"name":"wp","href":"https:\/\/api.w.org\/{rel}","templated":true}]}}