{"id":14536,"date":"2025-04-25T07:07:51","date_gmt":"2025-04-25T07:07:51","guid":{"rendered":"https:\/\/stayinn.travel\/product\/moorea-xe-may-dien-atv-quad\/"},"modified":"2026-04-24T18:56:55","modified_gmt":"2026-04-24T18:56:55","slug":"moorea-xe-may-dien-atv-quad","status":"publish","type":"product","link":"https:\/\/stayinn.travel\/vi\/product\/moorea-xe-may-dien-atv-quad\/","title":{"rendered":"MOOREA &#8211; Xe m\u00e1y \u0111i\u1ec7n ATV Quad"},"content":{"rendered":"<p>\u267b\ufe0f Th\u00e2n thi\u1ec7n v\u1edbi m\u00f4i tr\u01b0\u1eddng \ud83c\udf31<\/p>\n<p>Kh\u00e1m ph\u00e1 h\u00f2n \u0111\u1ea3o Moorea theo c\u00e1ch kh\u00e1c bi\u1ec7t, c\u00f3 tr\u00e1ch nhi\u1ec7m v\u00e0 th\u00e2n thi\u1ec7n v\u1edbi m\u00f4i tr\u01b0\u1eddng, kh\u00f4ng \u00f4 nhi\u1ec5m hay ti\u1ebfng \u1ed3n, \u0111\u1ec3 c\u00e1c gi\u00e1c quan c\u1ee7a b\u1ea1n \u0111\u01b0\u1ee3c th\u1ee9c t\u1ec9nh tr\u1ecdn v\u1eb9n. Kh\u00e1m ph\u00e1 thung l\u0169ng Opunohu tuy\u1ec7t \u0111\u1eb9p trong chuy\u1ebfn trekking \u0111\u1ed9c \u0111\u00e1o v\u00e0 duy nh\u1ea5t n\u00e0y, ph\u00f9 h\u1ee3p v\u1edbi m\u1ecdi tr\u00ecnh \u0111\u1ed9! B\u0103ng qua nh\u1eefng khu r\u1eebng xanh t\u01b0\u01a1i, su\u1ed1i v\u00e0 s\u00f4ng, gh\u00e9 th\u0103m c\u00e1c v\u01b0\u1eddn d\u1ee9a, d\u1eeba, chu\u1ed1i, \u0111u \u0111\u1ee7, b\u00e1nh m\u00ec, xo\u00e0i v\u00e0 v\u00f4 s\u1ed1 lo\u1ea1i c\u00e2y tr\u00e1i kh\u00e1c m\u00e0 h\u01b0\u1edbng d\u1eabn vi\u00ean c\u1ee7a b\u1ea1n s\u1ebd h\u00e2n h\u1ea1nh gi\u1edbi thi\u1ec7u.<br \/>\nCh\u01b0\u01a1ng tr\u00ecnh bao g\u1ed3m: Thung l\u0169ng, su\u1ed1i, s\u00f4ng, v\u01b0\u1eddn d\u1ee9a v\u00e0 th\u01b0\u1edfng th\u1ee9c t\u1ea1i Tr\u01b0\u1eddng Trung h\u1ecdc N\u00f4ng nghi\u1ec7p*. Th\u0103m c\u00e1c v\u01b0\u1eddn tr\u1ed3ng c\u1ee7a tr\u01b0\u1eddng trung h\u1ecdc n\u00f4ng nghi\u1ec7p, marae (\u0111\u1ec1n th\u1edd c\u1ed5 c\u1ee7a ng\u01b0\u1eddi Polynesia), c\u00e2y banyan h\u01a1n 350 n\u0103m tu\u1ed5i v\u00e0 c\u00e1 tr\u00ea m\u1eaft xanh.   <\/p>\n<p>&nbsp;<\/p>\n","protected":false},"excerpt":{"rendered":"<p><strong>Chuy\u1ebfn \u0111i xanh, kh\u00f4ng kh\u00ed tuy\u1ec7t v\u1eddi \ud83c\udf31\ud83c\udfcd\ufe0f M\u1ed9t chuy\u1ebfn \u0111i th\u00e2n thi\u1ec7n v\u1edbi m\u00f4i tr\u01b0\u1eddng v\u00e0 vui v\u1ebb \u267b\ufe0f<\/strong><\/p>\n","protected":false},"featured_media":1420,"comment_status":"open","ping_status":"closed","template":"","meta":{"inline_featured_image":false},"country":[],"product_brand":[],"product_cat":[222],"product_tag":[270],"class_list":{"0":"post-14536","1":"product","2":"type-product","3":"status-publish","4":"has-post-thumbnail","6":"product_cat-hoat-dong","7":"product_tag-moorea-vi","9":"first","10":"instock","11":"shipping-taxable","12":"purchasable","13":"product-type-simple"},"acf":[],"_links":{"self":[{"href":"https:\/\/stayinn.travel\/vi\/wp-json\/wp\/v2\/product\/14536","targetHints":{"allow":["GET"]}}],"collection":[{"href":"https:\/\/stayinn.travel\/vi\/wp-json\/wp\/v2\/product"}],"about":[{"href":"https:\/\/stayinn.travel\/vi\/wp-json\/wp\/v2\/types\/product"}],"replies":[{"embeddable":true,"href":"https:\/\/stayinn.travel\/vi\/wp-json\/wp\/v2\/comments?post=14536"}],"wp:featuredmedia":[{"embeddable":true,"href":"https:\/\/stayinn.travel\/vi\/wp-json\/wp\/v2\/media\/1420"}],"wp:attachment":[{"href":"https:\/\/stayinn.travel\/vi\/wp-json\/wp\/v2\/media?parent=14536"}],"wp:term":[{"taxonomy":"country","embeddable":true,"href":"https:\/\/stayinn.travel\/vi\/wp-json\/wp\/v2\/country?post=14536"},{"taxonomy":"product_brand","embeddable":true,"href":"https:\/\/stayinn.travel\/vi\/wp-json\/wp\/v2\/product_brand?post=14536"},{"taxonomy":"product_cat","embeddable":true,"href":"https:\/\/stayinn.travel\/vi\/wp-json\/wp\/v2\/product_cat?post=14536"},{"taxonomy":"product_tag","embeddable":true,"href":"https:\/\/stayinn.travel\/vi\/wp-json\/wp\/v2\/product_tag?post=14536"}],"curies":[{"name":"wp","href":"https:\/\/api.w.org\/{rel}","templated":true}]}}