{"id":14548,"date":"2025-05-22T21:56:35","date_gmt":"2025-05-22T21:56:35","guid":{"rendered":"https:\/\/stayinn.travel\/product\/bora-bora-chuyen-tham-quan-bang-thuyen-pontoon-rieng-4-gio\/"},"modified":"2026-04-21T21:27:20","modified_gmt":"2026-04-21T21:27:20","slug":"bora-bora-chuyen-tham-quan-bang-thuyen-pontoon-rieng-4-gio","status":"publish","type":"product","link":"https:\/\/stayinn.travel\/vi\/product\/bora-bora-chuyen-tham-quan-bang-thuyen-pontoon-rieng-4-gio\/","title":{"rendered":"BORA BORA &#8211; Chuy\u1ebfn tham quan b\u1eb1ng thuy\u1ec1n pontoon ri\u00eang &#8211; 4 gi\u1edd"},"content":{"rendered":"<p data-start=\"156\" data-end=\"311\">H\u00e3y l\u00ean thuy\u1ec1n \u0111\u1ec3 tr\u1ea3i nghi\u1ec7m m\u1ed9t chuy\u1ebfn du ngo\u1ea1n \u0111\u1ed9c quy\u1ec1n, sang tr\u1ecdng v\u00e0 ri\u00eang t\u01b0 quanh v\u1ecbnh huy\u1ec1n tho\u1ea1i Bora Bora tr\u00ean m\u1ed9t chi\u1ebfc thuy\u1ec1n phao ri\u00eang bi\u1ec7t \u0111\u01b0\u1ee3c trang b\u1ecb \u0111\u1ea7y \u0111\u1ee7 ti\u1ec7n nghi.<\/p>\n<p data-start=\"313\" data-end=\"412\">Trong chuy\u1ebfn tham quan 4 gi\u1edd n\u00e0y, h\u00e3y \u0111\u1ec3 m\u00ecnh \u0111\u01b0\u1ee3c d\u1eabn d\u1eaft qua nh\u1eefng \u0111i\u1ec3m \u0111\u1ebfn tuy\u1ec7t \u0111\u1eb9p nh\u1ea5t c\u1ee7a h\u00f2n \u0111\u1ea3o:<\/p>\n<p data-start=\"414\" data-end=\"663\">\ud83d\udc20 L\u1eb7n ng\u1eafm san h\u00f4 trong nh\u1eefng r\u1ea1n san h\u00f4 r\u1ef1c r\u1ee1,<br data-start=\"457\" data-end=\"460\">\ud83e\udd88 B\u01a1i c\u00f9ng c\u00e1 m\u1eadp v\u00e0 c\u00e1 \u0111u\u1ed1i,<br data-start=\"507\" data-end=\"510\">\ud83c\udf0a V\u00e0, n\u1ebfu \u0111i\u1ec1u ki\u1ec7n cho ph\u00e9p, m\u1ed9t cu\u1ed9c g\u1eb7p g\u1ee1 k\u1ef3 di\u1ec7u v\u1edbi nh\u1eefng con c\u00e1 manta uy nghi \u2014<br data-start=\"593\" data-end=\"596\">t\u1ea5t c\u1ea3 \u0111\u1ec1u di\u1ec5n ra t\u1ea1i nh\u1eefng \u0111\u1ecba \u0111i\u1ec3m hoang s\u01a1 v\u00e0 nguy\u00ean s\u01a1, ch\u1ec9 c\u00f3 th\u1ec3 ti\u1ebfp c\u1eadn b\u1eb1ng thuy\u1ec1n.<\/p>\n<p data-start=\"665\" data-end=\"848\">T\u1ea5t c\u1ea3 \u0111\u1ec1u \u0111\u01b0\u1ee3c chu\u1ea9n b\u1ecb chu \u0111\u00e1o \u0111\u1ec3 mang l\u1ea1i s\u1ef1 tho\u1ea3i m\u00e1i cho b\u1ea1n:<br data-start=\"718\" data-end=\"721\">\ud83e\udddc\u200d\u2642\ufe0f B\u1ed9 d\u1ee5ng c\u1ee5 l\u1eb7n bi\u1ec3n \u0111\u1ea7y \u0111\u1ee7,<br data-start=\"748\" data-end=\"751\">\ud83c\udf4d Tr\u00e1i c\u00e2y nhi\u1ec7t \u0111\u1edbi t\u01b0\u01a1i ngon,<br data-start=\"776\" data-end=\"779\">\ud83e\udd64 T\u1ee7 l\u1ea1nh mini ch\u1ee9a \u0111\u1ea7y n\u01b0\u1edbc gi\u1ea3i kh\u00e1t m\u00e1t l\u1ea1nh,<br data-start=\"826\" data-end=\"829\">\ud83e\uddfa Kh\u0103n t\u1eafm \u0111\u01b0\u1ee3c cung c\u1ea5p.<\/p>\n<p data-start=\"850\" data-end=\"1000\">M\u1ed9t kho\u1ea3nh kh\u1eafc th\u1ef1c s\u1ef1 \u0111\u1eb7c bi\u1ec7t, trong nh\u1eefng nh\u00f3m nh\u1ecf, \u0111\u1ec3 kh\u00e1m ph\u00e1 v\u1ebb \u0111\u1eb9p ch\u00e2n th\u1ef1c c\u1ee7a Bora Bora \u2014 xa kh\u1ecfi \u0111\u00e1m \u0111\u00f4ng. \ud83c\udf3a<\/p>\n<p data-start=\"850\" data-end=\"1000\"><strong>\u27a1\ufe0f T\u1ed1i \u0111a 6 ng\u01b0\u1eddi<\/strong><\/p>\n","protected":false},"excerpt":{"rendered":"<p><strong data-start=\"968\" data-end=\"1000\">\u2728\ud83d\udc8eRi\u00eang t\u01b0, \u0110\u1ed9c quy\u1ec1n, Huy\u1ec1n di\u1ec7u \ud83d\udc20\ud83c\udf4d <\/strong><\/p>\n","protected":false},"featured_media":2377,"comment_status":"open","ping_status":"closed","template":"","meta":{"inline_featured_image":false},"country":[],"product_brand":[],"product_cat":[222],"product_tag":[275],"class_list":{"0":"post-14548","1":"product","2":"type-product","3":"status-publish","4":"has-post-thumbnail","6":"product_cat-hoat-dong","7":"product_tag-bora-bora-vi","9":"first","10":"instock","11":"shipping-taxable","12":"purchasable","13":"product-type-simple"},"acf":[],"_links":{"self":[{"href":"https:\/\/stayinn.travel\/vi\/wp-json\/wp\/v2\/product\/14548","targetHints":{"allow":["GET"]}}],"collection":[{"href":"https:\/\/stayinn.travel\/vi\/wp-json\/wp\/v2\/product"}],"about":[{"href":"https:\/\/stayinn.travel\/vi\/wp-json\/wp\/v2\/types\/product"}],"replies":[{"embeddable":true,"href":"https:\/\/stayinn.travel\/vi\/wp-json\/wp\/v2\/comments?post=14548"}],"wp:featuredmedia":[{"embeddable":true,"href":"https:\/\/stayinn.travel\/vi\/wp-json\/wp\/v2\/media\/2377"}],"wp:attachment":[{"href":"https:\/\/stayinn.travel\/vi\/wp-json\/wp\/v2\/media?parent=14548"}],"wp:term":[{"taxonomy":"country","embeddable":true,"href":"https:\/\/stayinn.travel\/vi\/wp-json\/wp\/v2\/country?post=14548"},{"taxonomy":"product_brand","embeddable":true,"href":"https:\/\/stayinn.travel\/vi\/wp-json\/wp\/v2\/product_brand?post=14548"},{"taxonomy":"product_cat","embeddable":true,"href":"https:\/\/stayinn.travel\/vi\/wp-json\/wp\/v2\/product_cat?post=14548"},{"taxonomy":"product_tag","embeddable":true,"href":"https:\/\/stayinn.travel\/vi\/wp-json\/wp\/v2\/product_tag?post=14548"}],"curies":[{"name":"wp","href":"https:\/\/api.w.org\/{rel}","templated":true}]}}