{"id":14571,"date":"2025-05-22T21:59:46","date_gmt":"2025-05-22T21:59:46","guid":{"rendered":"https:\/\/stayinn.travel\/product\/bora-bora-chuyen-tham-quan-bang-thuyen-pontoon-rieng-6-gio\/"},"modified":"2026-04-21T21:20:51","modified_gmt":"2026-04-21T21:20:51","slug":"bora-bora-chuyen-tham-quan-bang-thuyen-pontoon-rieng-6-gio","status":"publish","type":"product","link":"https:\/\/stayinn.travel\/vi\/product\/bora-bora-chuyen-tham-quan-bang-thuyen-pontoon-rieng-6-gio\/","title":{"rendered":"BORA BORA &#8211; Chuy\u1ebfn tham quan b\u1eb1ng thuy\u1ec1n pontoon ri\u00eang &#8211; 6 gi\u1edd"},"content":{"rendered":"<p data-start=\"223\" data-end=\"392\">Kh\u00e1m ph\u00e1 h\u00e0nh tr\u00ecnh sang tr\u1ecdng, ri\u00eang t\u01b0 v\u00e0 kh\u00f3 qu\u00ean tr\u00ean v\u1ecbnh n\u01b0\u1edbc trong v\u1eaft c\u1ee7a Bora Bora b\u1eb1ng thuy\u1ec1n phao ri\u00eang bi\u1ec7t, tho\u1ea3i m\u00e1i v\u00e0 \u0111\u1ea7y \u0111\u1ee7 ti\u1ec7n nghi.<\/p>\n<p data-start=\"394\" data-end=\"489\">Trong chuy\u1ebfn phi\u00eau l\u01b0u k\u00e9o d\u00e0i 6 gi\u1edd n\u00e0y, h\u00e3y kh\u00e1m ph\u00e1 nh\u1eefng c\u1ea3nh quan tuy\u1ec7t \u0111\u1eb9p v\u00e0 nh\u1eefng kho b\u00e1u \u1ea9n gi\u1ea5u nh\u1ea5t c\u1ee7a h\u00f2n \u0111\u1ea3o:<\/p>\n<p data-start=\"491\" data-end=\"783\">\ud83d\udc20 L\u1eb7n \u1ed1ng th\u1edf trong nh\u1eefng r\u1ea1n san h\u00f4 r\u1ef1c r\u1ee1 \u0111\u1ea7y \u1eafp c\u00e1 nhi\u1ec7t \u0111\u1edbi,<br data-start=\"558\" data-end=\"561\">\ud83e\udd88 B\u01a1i c\u00f9ng c\u00e1 m\u1eadp v\u00e0 c\u00e1 \u0111u\u1ed1i trong m\u00f4i tr\u01b0\u1eddng t\u1ef1 nhi\u00ean c\u1ee7a ch\u00fang,<br data-start=\"624\" data-end=\"627\">\ud83c\udf0a V\u00e0\u2014n\u1ebfu thi\u00ean nhi\u00ean cho ph\u00e9p\u2014ch\u1ee9ng ki\u1ebfn nh\u1eefng con c\u00e1 manta uy\u1ec3n chuy\u1ec3n l\u01b0\u1edbt qua v\u1ecbnh.<br data-start=\"714\" data-end=\"717\">T\u1ea5t c\u1ea3 \u0111\u1ec1u n\u1eb1m \u1edf nh\u1eefng \u0111\u1ecba \u0111i\u1ec3m h\u1ebbo l\u00e1nh, hoang s\u01a1, ch\u1ec9 c\u00f3 th\u1ec3 ti\u1ebfp c\u1eadn b\u1eb1ng thuy\u1ec1n.<\/p>\n<p data-start=\"785\" data-end=\"894\">\u0110\u1ec3 l\u00e0m cho tr\u1ea3i nghi\u1ec7m n\u00e0y tr\u1edf n\u00ean \u0111\u1eb7c bi\u1ec7t h\u01a1n n\u1eefa, h\u00e3y th\u01b0\u1edfng th\u1ee9c b\u1eefa tr\u01b0a BBQ Polynesian ngon mi\u1ec7ng \u0111\u01b0\u1ee3c ph\u1ee5c v\u1ee5 t\u1ea1i thi\u00ean \u0111\u01b0\u1eddng:<\/p>\n<p data-start=\"896\" data-end=\"1035\">\ud83d\udd25 M\u00f3n n\u01b0\u1edbng \u0111\u1eb7c bi\u1ec7t \u0111\u01b0\u1ee3c ch\u1ebf bi\u1ebfn t\u01b0\u01a1i ngon,<br data-start=\"934\" data-end=\"937\">\ud83c\udf4d Tr\u00e1i c\u00e2y theo m\u00f9a v\u00e0 h\u01b0\u01a1ng v\u1ecb \u0111\u1ecba ph\u01b0\u01a1ng,<br data-start=\"974\" data-end=\"977\">\ud83e\udd65 Kh\u00f4ng gian truy\u1ec1n th\u1ed1ng c\u1ee7a \u0111\u1ea3o trong khung c\u1ea3nh motu th\u01a1 m\u1ed9ng.<\/p>\n<p data-start=\"1037\" data-end=\"1179\">T\u1ea5t c\u1ea3 \u0111\u00e3 \u0111\u01b0\u1ee3c chu\u1ea9n b\u1ecb s\u1eb5n s\u00e0ng \u0111\u1ec3 mang \u0111\u1ebfn cho b\u1ea1n s\u1ef1 tho\u1ea3i m\u00e1i tuy\u1ec7t \u0111\u1ed1i:<br data-start=\"1086\" data-end=\"1089\">\ud83e\udddc\u200d\u2642\ufe0f D\u1ee5ng c\u1ee5 l\u1eb7n bi\u1ec3n,<br data-start=\"1116\" data-end=\"1119\">\ud83e\udd64 T\u1ee7 l\u1ea1nh mini v\u1edbi n\u01b0\u1edbc u\u1ed1ng m\u00e1t l\u1ea1nh,<br data-start=\"1157\" data-end=\"1160\">\ud83e\uddfa Kh\u0103n t\u1eafm \u0111\u01b0\u1ee3c cung c\u1ea5p.<\/p>\n<p data-start=\"1181\" data-end=\"1334\">M\u1ed9t ng\u00e0y tr\u1ecdn v\u1eb9n v\u1edbi nh\u1eefng tr\u1ea3i nghi\u1ec7m \u0111\u1ed9c quy\u1ec1n, \u0111\u1eafm ch\u00ecm trong v\u0103n h\u00f3a v\u00e0 th\u01b0\u1edfng th\u1ee9c \u1ea9m th\u1ef1c tuy\u1ec7t v\u1eddi, xa kh\u1ecfi \u0111\u00e1m \u0111\u00f4ng. \ud83c\udf3a<\/p>\n<p data-start=\"850\" data-end=\"1000\"><strong>\u27a1\ufe0f T\u1ed1i \u0111a 4 ng\u01b0\u1eddi<\/strong><\/p>\n","protected":false},"excerpt":{"rendered":"<p><strong data-start=\"968\" data-end=\"1000\">\u2728\ud83d\udc8eRi\u00eang t\u01b0, \u0110\u1ed9c quy\u1ec1n, Huy\u1ec1n di\u1ec7u &amp; B\u1eefa tr\u01b0a BBQ phong c\u00e1ch Polyn\u00e9sian\ud83d\udc20\ud83c\udf4d <\/strong><\/p>\n","protected":false},"featured_media":2376,"comment_status":"open","ping_status":"closed","template":"","meta":{"inline_featured_image":false},"country":[],"product_brand":[],"product_cat":[222],"product_tag":[275],"class_list":{"0":"post-14571","1":"product","2":"type-product","3":"status-publish","4":"has-post-thumbnail","6":"product_cat-hoat-dong","7":"product_tag-bora-bora-vi","9":"first","10":"instock","11":"shipping-taxable","12":"purchasable","13":"product-type-simple"},"acf":[],"_links":{"self":[{"href":"https:\/\/stayinn.travel\/vi\/wp-json\/wp\/v2\/product\/14571","targetHints":{"allow":["GET"]}}],"collection":[{"href":"https:\/\/stayinn.travel\/vi\/wp-json\/wp\/v2\/product"}],"about":[{"href":"https:\/\/stayinn.travel\/vi\/wp-json\/wp\/v2\/types\/product"}],"replies":[{"embeddable":true,"href":"https:\/\/stayinn.travel\/vi\/wp-json\/wp\/v2\/comments?post=14571"}],"wp:featuredmedia":[{"embeddable":true,"href":"https:\/\/stayinn.travel\/vi\/wp-json\/wp\/v2\/media\/2376"}],"wp:attachment":[{"href":"https:\/\/stayinn.travel\/vi\/wp-json\/wp\/v2\/media?parent=14571"}],"wp:term":[{"taxonomy":"country","embeddable":true,"href":"https:\/\/stayinn.travel\/vi\/wp-json\/wp\/v2\/country?post=14571"},{"taxonomy":"product_brand","embeddable":true,"href":"https:\/\/stayinn.travel\/vi\/wp-json\/wp\/v2\/product_brand?post=14571"},{"taxonomy":"product_cat","embeddable":true,"href":"https:\/\/stayinn.travel\/vi\/wp-json\/wp\/v2\/product_cat?post=14571"},{"taxonomy":"product_tag","embeddable":true,"href":"https:\/\/stayinn.travel\/vi\/wp-json\/wp\/v2\/product_tag?post=14571"}],"curies":[{"name":"wp","href":"https:\/\/api.w.org\/{rel}","templated":true}]}}