{"id":14577,"date":"2025-05-22T23:01:08","date_gmt":"2025-05-22T23:01:08","guid":{"rendered":"https:\/\/stayinn.travel\/product\/moorea-lan-bien-bang-binh-duong-khi\/"},"modified":"2026-04-21T21:09:16","modified_gmt":"2026-04-21T21:09:16","slug":"moorea-lan-bien-bang-binh-duong-khi","status":"publish","type":"product","link":"https:\/\/stayinn.travel\/vi\/product\/moorea-lan-bien-bang-binh-duong-khi\/","title":{"rendered":"MOOREA &#8211; L\u1eb7n bi\u1ec3n b\u1eb1ng b\u00ecnh d\u01b0\u1ee1ng kh\u00ed"},"content":{"rendered":"<p>Thi\u00ean \u0111\u01b0\u1eddng c\u1ee7a th\u1ee3 l\u1eb7n, Polynesia ch\u1eafc ch\u1eafn l\u00e0 \u0111i\u1ec3m \u0111\u1ebfn l\u00fd t\u01b0\u1edfng \u0111\u1ec3 b\u1eaft \u0111\u1ea7u h\u00e0nh tr\u00ecnh l\u1eb7n bi\u1ec3n. D\u00f9 b\u1ea1n l\u00e0 ng\u01b0\u1eddi m\u1edbi b\u1eaft \u0111\u1ea7u hay \u0111\u00e3 c\u00f3 kinh nghi\u1ec7m, \u0111\u1eebng b\u1ecf l\u1ee1 c\u01a1 h\u1ed9i tr\u1ea3i nghi\u1ec7m l\u1ea7n l\u1eb7n \u0111\u1ea7u ti\u00ean t\u1ea1i \u0111i\u1ec3m \u0111\u1ebfn n\u1ed5i ti\u1ebfng n\u00e0y, n\u01a1i nh\u1eefng v\u1ecbnh bi\u1ec3n l\u1ea5p l\u00e1nh v\u1edbi h\u00e0ng tr\u0103m s\u1eafc th\u00e1i xanh bi\u1ebfc v\u00e0 tr\u00e0n ng\u1eadp cu\u1ed9c s\u1ed1ng bi\u1ec3n \u0111a d\u1ea1ng! Khi \u0111\u1ebfn \u0111i\u1ec3m l\u1eb7n, b\u1ea1n s\u1ebd m\u1eb7c \u00e1o phao, ng\u1ed3i tr\u00ean m\u00e9p v\u00e0 \u0111\u1ebfm \u0111\u1ebfn ba tr\u01b0\u1edbc khi nh\u1ea3y xu\u1ed1ng m\u1ed9t th\u1ebf gi\u1edbi ho\u00e0n to\u00e0n m\u1edbi! <\/p>\n<h3 data-start=\"171\" data-end=\"229\">\u0110\u1ed1i v\u1edbi L\u1edbp h\u1ecdc l\u1eb7n c\u01a1 b\u1ea3n (Discover Scuba Dive):<\/h3>\n<p>M\u1ed7i chi\u1ec1u l\u00fac 1:30, b\u1ea1n s\u1ebd \u0111\u1ebfn Th\u1ee7y cung Papetoai, m\u1ed9t \u0111i\u1ec3m l\u1eb7n bi\u1ec3n tuy\u1ec7t v\u1eddi n\u1ed5i ti\u1ebfng v\u1edbi m\u00e0u s\u1eafc r\u1ef1c r\u1ee1 c\u1ee7a san h\u00f4 v\u00e0 h\u00e0ng ngh\u00ecn lo\u00e0i c\u00e1 nhi\u1ec7t \u0111\u1edbi sinh s\u1ed1ng trong v\u00f9ng n\u01b0\u1edbc n\u00f4ng ch\u1ec9 s\u00e2u 6 m\u00e9t.<br data-start=\"448\" data-end=\"451\">N\u1ebfu may m\u1eafn, b\u1ea1n c\u00f3 th\u1ec3 g\u1eb7p g\u1ee1 m\u1ed9t con r\u00f9a bi\u1ec3n duy\u00ean d\u00e1ng trong l\u1ea7n l\u1eb7n bi\u1ec3n \u0111\u1ea7u ti\u00ean c\u1ee7a m\u00ecnh.<br data-start=\"567\" data-end=\"570\">C\u00e1c gi\u1ea3ng vi\u00ean \u0111\u01b0\u1ee3c c\u1ea5p ch\u1ee9ng ch\u1ec9 c\u1ee7a Nh\u00e0 n\u01b0\u1edbc c\u1ee7a ch\u00fang t\u00f4i s\u1ebd \u0111\u1ea3m b\u1ea3o 35 ph\u00fat \u0111\u1ea7u ti\u00ean c\u1ee7a b\u1ea1n d\u01b0\u1edbi m\u1eb7t n\u01b0\u1edbc s\u1ebd an to\u00e0n, b\u00ecnh y\u00ean v\u00e0 th\u1ef1c s\u1ef1 \u0111\u00e1ng nh\u1edb.<\/p>\n<p>&nbsp;<\/p>\n<h3 data-start=\"137\" data-end=\"170\">\u0110\u1ed1i v\u1edbi c\u00e1c chuy\u1ebfn l\u1eb7n th\u00e1m hi\u1ec3m:<\/h3>\n<p data-start=\"172\" data-end=\"596\">\ud83d\udd57 8:00 s\u00e1ng \u2013 L\u1eb7n bi\u1ec3n<br data-start=\"200\" data-end=\"203\">M\u1ed7i s\u00e1ng l\u00fac 8:00 s\u00e1ng, ch\u00fang t\u00f4i kh\u1edfi h\u00e0nh cho hai chuy\u1ebfn l\u1eb7n kh\u00e1m ph\u00e1 d\u1ecdc theo s\u01b0\u1eddn r\u1ea1n san h\u00f4 ngo\u00e0i kh\u01a1i tuy\u1ec7t \u0111\u1eb9p c\u1ee7a Moorea.<br data-start=\"311\" data-end=\"314\">Chuy\u1ebfn l\u1eb7n \u0111\u1ea7u ti\u00ean th\u01b0\u1eddng t\u1eadp trung v\u00e0o vi\u1ec7c g\u1eb7p g\u1ee1 c\u00e1 m\u1eadp chanh, trong khi chuy\u1ebfn l\u1eb7n th\u1ee9 hai kh\u00e1m ph\u00e1 r\u00f9a bi\u1ec3n v\u00e0 nh\u1eefng kho b\u00e1u \u1ea9n gi\u1ea5u c\u1ee7a r\u1ea1n san h\u00f4.<br data-start=\"458\" data-end=\"461\">\ud83d\udd5d 1:30 chi\u1ec1u \u2013 L\u1eb7n \u1edf v\u1ecbnh \/ L\u1eb7n bi\u1ec3n<br data-start=\"639\" data-end=\"642\">V\u00e0o l\u00fac 2:00 chi\u1ec1u, b\u1ea1n c\u00f3 th\u1ec3 tham gia m\u1ed9t chuy\u1ebfn l\u1eb7n kh\u00e1m ph\u00e1 t\u1ea1i \u0111\u1ecba \u0111i\u1ec3m b\u1ea1n ch\u1ecdn, v\u1edbi t\u1ed1i thi\u1ec3u 4 th\u1ee3 l\u1eb7n.<br data-start=\"747\" data-end=\"750\">C\u00e1c chuy\u1ebfn l\u1eb7n tr\u00f4i theo d\u00f2ng n\u01b0\u1edbc \u1edf v\u1ecbnh c\u0169ng \u0111\u01b0\u1ee3c t\u1ed5 ch\u1ee9c h\u00e0ng ng\u00e0y, ho\u00e0n h\u1ea3o \u0111\u1ec3 kh\u00e1m ph\u00e1 m\u1ed9t h\u1ec7 sinh th\u00e1i bi\u1ec3n ho\u00e0n to\u00e0n kh\u00e1c bi\u1ec7t v\u00e0 nh\u1eefng con c\u00e1 \u0111u\u1ed1i leopard thanh l\u1ecbch trong &#8220;Ray Corridor&#8221; n\u1ed5i ti\u1ebfng.<\/p>\n<p>\ud83c\udf05 4:00 chi\u1ec1u \u2013 L\u1eb7n ng\u1eafm ho\u00e0ng h\u00f4n<br data-start=\"962\" data-end=\"965\">T\u00f9y theo m\u00f9a, chuy\u1ebfn l\u1eb7n s\u1ebd kh\u1edfi h\u00e0nh v\u00e0o kho\u1ea3ng 4:00 chi\u1ec1u.<br data-start=\"1018\" data-end=\"1021\">Tr\u1ea3i nghi\u1ec7m s\u1ef1 chuy\u1ec3n \u0111\u1ed5i k\u1ef3 di\u1ec7u c\u1ee7a r\u1ea1n san h\u00f4 v\u00e0o l\u00fac ho\u00e0ng h\u00f4n \u2013 ch\u1ee9ng ki\u1ebfn c\u00e1 dao v\u00e0 c\u00e1 v\u1eb9t sinh s\u1ea3n, quan s\u00e1t nh\u1eefng thay \u0111\u1ed5i h\u00e0nh vi th\u00fa v\u1ecb v\u00e0 t\u1eadn h\u01b0\u1edfng kh\u00f4ng gian \u0111\u1ed9c \u0111\u00e1o \u0111\u01b0\u1ee3c t\u1ea1o n\u00ean b\u1edfi \u00e1nh s\u00e1ng v\u00e0ng c\u1ee7a gi\u1edd ho\u00e0ng h\u00f4n.<br data-start=\"1233\" data-end=\"1236\">M\u1ed9t ly cocktail m\u00e1t l\u1ea1nh \u0111ang ch\u1edd \u0111\u00f3n b\u1ea1n khi tr\u1edf v\u1ec1 (chuy\u1ebfn l\u1eb7n k\u00e9o d\u00e0i kho\u1ea3ng 2 gi\u1edd). T\u1ed1i thi\u1ec3u 4 th\u1ee3 l\u1eb7n. <\/p>\n<p>\ud83c\udf19 5:30 chi\u1ec1u \u2013 L\u1eb7n \u0111\u00eam<br data-start=\"1369\" data-end=\"1372\">Kh\u00e1m ph\u00e1 s\u1ef1 h\u1ed3i h\u1ed9p c\u1ee7a l\u1eb7n \u0111\u00eam, n\u01a1i m\u1ed9t th\u1ebf gi\u1edbi d\u01b0\u1edbi n\u01b0\u1edbc ho\u00e0n to\u00e0n kh\u00e1c bi\u1ec7t th\u1ee9c t\u1ec9nh. Kh\u00e1m ph\u00e1 s\u01b0\u1eddn r\u1ea1n san h\u00f4 trong s\u1ef1 t\u0129nh l\u1eb7ng tuy\u1ec7t \u0111\u1ed1i v\u00e0 chi\u00eam ng\u01b0\u1ee1ng s\u1ef1 \u0111a d\u1ea1ng sinh h\u1ecdc ban \u0111\u00eam b\u1eebng s\u00e1ng.<br data-start=\"1563\" data-end=\"1566\">M\u1ed9t ly cocktail m\u00e1t l\u1ea1nh s\u1ebd ch\u1edd \u0111\u00f3n b\u1ea1n sau chuy\u1ebfn l\u1eb7n. Chuy\u1ebfn \u0111i k\u00e9o d\u00e0i kho\u1ea3ng 2 gi\u1edd. T\u1ed1i thi\u1ec3u 4 th\u1ee3 l\u1eb7n.    <\/p>\n<p>&nbsp;<\/p>\n","protected":false},"excerpt":{"rendered":"<p class=\"my-0\"><strong>\ud83d\udca6 \ud83e\udd88H\u00e3y t\u1ea1o n\u00ean d\u1ea5u \u1ea5n t\u1ea1i Moorea\u2019s Blue! \ud83d\udc22\ud83e\udd3f <\/strong><\/p>\n","protected":false},"featured_media":14578,"comment_status":"open","ping_status":"closed","template":"","meta":{"inline_featured_image":false},"country":[],"product_brand":[],"product_cat":[222],"product_tag":[270],"class_list":{"0":"post-14577","1":"product","2":"type-product","3":"status-publish","4":"has-post-thumbnail","6":"product_cat-hoat-dong","7":"product_tag-moorea-vi","9":"first","10":"instock","11":"shipping-taxable","12":"purchasable","13":"product-type-simple"},"acf":[],"_links":{"self":[{"href":"https:\/\/stayinn.travel\/vi\/wp-json\/wp\/v2\/product\/14577","targetHints":{"allow":["GET"]}}],"collection":[{"href":"https:\/\/stayinn.travel\/vi\/wp-json\/wp\/v2\/product"}],"about":[{"href":"https:\/\/stayinn.travel\/vi\/wp-json\/wp\/v2\/types\/product"}],"replies":[{"embeddable":true,"href":"https:\/\/stayinn.travel\/vi\/wp-json\/wp\/v2\/comments?post=14577"}],"wp:featuredmedia":[{"embeddable":true,"href":"https:\/\/stayinn.travel\/vi\/wp-json\/wp\/v2\/media\/14578"}],"wp:attachment":[{"href":"https:\/\/stayinn.travel\/vi\/wp-json\/wp\/v2\/media?parent=14577"}],"wp:term":[{"taxonomy":"country","embeddable":true,"href":"https:\/\/stayinn.travel\/vi\/wp-json\/wp\/v2\/country?post=14577"},{"taxonomy":"product_brand","embeddable":true,"href":"https:\/\/stayinn.travel\/vi\/wp-json\/wp\/v2\/product_brand?post=14577"},{"taxonomy":"product_cat","embeddable":true,"href":"https:\/\/stayinn.travel\/vi\/wp-json\/wp\/v2\/product_cat?post=14577"},{"taxonomy":"product_tag","embeddable":true,"href":"https:\/\/stayinn.travel\/vi\/wp-json\/wp\/v2\/product_tag?post=14577"}],"curies":[{"name":"wp","href":"https:\/\/api.w.org\/{rel}","templated":true}]}}