{"id":14673,"date":"2025-06-07T00:29:45","date_gmt":"2025-06-07T00:29:45","guid":{"rendered":"https:\/\/stayinn.travel\/product\/tahaa-vinh-va-cau-ca-bien-sau-4-gio\/"},"modified":"2026-04-21T20:23:12","modified_gmt":"2026-04-21T20:23:12","slug":"tahaa-vinh-va-cau-ca-bien-sau-4-gio","status":"publish","type":"product","link":"https:\/\/stayinn.travel\/vi\/product\/tahaa-vinh-va-cau-ca-bien-sau-4-gio\/","title":{"rendered":"TAHA&#8217;A &#8211; V\u1ecbnh v\u00e0 c\u00e2u c\u00e1 bi\u1ec3n s\u00e2u &#8211; 4 gi\u1edd"},"content":{"rendered":"<p data-start=\"146\" data-end=\"350\">Chuy\u1ebfn tham quan c\u1ee7a qu\u00fd kh\u00e1ch s\u1ebd b\u1eaft \u0111\u1ea7u tr\u1ef1c ti\u1ebfp t\u1eeb n\u01a1i l\u01b0u tr\u00fa ho\u1eb7c c\u1ea3ng bi\u1ec3n g\u1ea7n \u0111\u00f3. Qu\u00fd kh\u00e1ch s\u1ebd g\u1eb7p h\u01b0\u1edbng d\u1eabn vi\u00ean \u0111\u1ecba ph\u01b0\u01a1ng, ng\u01b0\u1eddi s\u1ebd \u0111\u00f3n ti\u1ebfp qu\u00fd kh\u00e1ch l\u00ean t\u00e0u \u0111\u01b0\u1ee3c trang b\u1ecb \u0111\u1ea7y \u0111\u1ee7 v\u00e0 an to\u00e0n, \u0111\u1ed3ng th\u1eddi gi\u1edbi thi\u1ec7u l\u1ecbch tr\u00ecnh cho chuy\u1ebfn tham quan. <\/p>\n<p data-start=\"352\" data-end=\"569\">\u00d4ng \u1ea5y s\u1ebd gi\u1edbi thi\u1ec7u cho b\u1ea1n v\u1ec1 c\u00e1c lo\u00e0i c\u00e1 c\u00f3 th\u1ec3 g\u1eb7p ph\u1ea3i, h\u01b0\u1edbng d\u1eabn c\u00e1ch s\u1eed d\u1ee5ng d\u1ee5ng c\u1ee5 c\u00e2u c\u00e1 v\u00e0 chia s\u1ebb ki\u1ebfn th\u1ee9c \u0111\u1ecba ph\u01b0\u01a1ng c\u00f9ng k\u1ef9 thu\u1eadt c\u00e2u c\u00e1 c\u1ee7a m\u00ecnh. V\u1edbi s\u1ef1 h\u01b0\u1edbng d\u1eabn c\u00e1 nh\u00e2n h\u00f3a, b\u1ea1n s\u1ebd h\u1ecdc \u0111\u01b0\u1ee3c nh\u1eefng m\u1eb9o hay nh\u1ea5t \u0111\u1ec3 c\u00e2u \u0111\u01b0\u1ee3c c\u00e1! <\/p>\n<p data-start=\"571\" data-end=\"689\">Khi k\u1ebft th\u00fac chuy\u1ebfn tham quan, b\u1ea1n s\u1ebd quay tr\u1edf l\u1ea1i b\u1ebfn t\u00e0u xu\u1ea5t ph\u00e1t\u2014v\u00e0 b\u1ea1n c\u00f3 th\u1ec3 mang nh\u1eefng con c\u00e1 t\u01b0\u01a1i ngon nh\u1ea5t v\u1ec1 nh\u00e0!<\/p>\n<p data-start=\"696\" data-end=\"785\" data-is-last-node=\"\" data-is-only-node=\"\">2 L\u1ef0A CH\u1eccN:<br \/>\nC\u00e2u c\u00e1 trong v\u1ecbnh<br \/>\nC\u00e2u c\u00e1 ngo\u00e0i kh\u01a1i (ph\u00ed b\u1ed5 sung)<\/p>\n","protected":false},"excerpt":{"rendered":"<p>\ud83c\udfa3 <strong data-start=\"699\" data-end=\"785\" data-is-last-node=\"\">L\u1eb7n bi\u1ec3n nh\u01b0 ng\u01b0\u1eddi \u0111\u1ecba ph\u01b0\u01a1ng t\u1ea1i thi\u00ean \u0111\u01b0\u1eddng \u2013 T\u1eeb r\u1ea1n san h\u00f4 \u0111\u1ebfn \u0111\u1ea1i d\u01b0\u01a1ng s\u00e2u th\u1eb3m, h\u00e0nh tr\u00ecnh c\u1ee7a b\u1ea1n b\u1eaft \u0111\u1ea7u! \ud83c\udf0a\ud83d\udc1f <\/strong><\/p>\n","protected":false},"featured_media":14420,"comment_status":"open","ping_status":"closed","template":"","meta":{"inline_featured_image":false},"country":[],"product_brand":[],"product_cat":[222],"product_tag":[274],"class_list":{"0":"post-14673","1":"product","2":"type-product","3":"status-publish","4":"has-post-thumbnail","6":"product_cat-hoat-dong","7":"product_tag-tahaa-vi","9":"first","10":"instock","11":"shipping-taxable","12":"purchasable","13":"product-type-simple"},"acf":[],"_links":{"self":[{"href":"https:\/\/stayinn.travel\/vi\/wp-json\/wp\/v2\/product\/14673","targetHints":{"allow":["GET"]}}],"collection":[{"href":"https:\/\/stayinn.travel\/vi\/wp-json\/wp\/v2\/product"}],"about":[{"href":"https:\/\/stayinn.travel\/vi\/wp-json\/wp\/v2\/types\/product"}],"replies":[{"embeddable":true,"href":"https:\/\/stayinn.travel\/vi\/wp-json\/wp\/v2\/comments?post=14673"}],"wp:featuredmedia":[{"embeddable":true,"href":"https:\/\/stayinn.travel\/vi\/wp-json\/wp\/v2\/media\/14420"}],"wp:attachment":[{"href":"https:\/\/stayinn.travel\/vi\/wp-json\/wp\/v2\/media?parent=14673"}],"wp:term":[{"taxonomy":"country","embeddable":true,"href":"https:\/\/stayinn.travel\/vi\/wp-json\/wp\/v2\/country?post=14673"},{"taxonomy":"product_brand","embeddable":true,"href":"https:\/\/stayinn.travel\/vi\/wp-json\/wp\/v2\/product_brand?post=14673"},{"taxonomy":"product_cat","embeddable":true,"href":"https:\/\/stayinn.travel\/vi\/wp-json\/wp\/v2\/product_cat?post=14673"},{"taxonomy":"product_tag","embeddable":true,"href":"https:\/\/stayinn.travel\/vi\/wp-json\/wp\/v2\/product_tag?post=14673"}],"curies":[{"name":"wp","href":"https:\/\/api.w.org\/{rel}","templated":true}]}}