{"id":14752,"date":"2025-05-13T04:37:29","date_gmt":"2025-05-13T04:37:29","guid":{"rendered":"https:\/\/stayinn.travel\/product\/moorea-chuyen-bay-truc-thang-tham-quan-dao-20-phut\/"},"modified":"2026-04-24T01:10:58","modified_gmt":"2026-04-24T01:10:58","slug":"moorea-chuyen-bay-truc-thang-tham-quan-dao-20-phut","status":"publish","type":"product","link":"https:\/\/stayinn.travel\/vi\/product\/moorea-chuyen-bay-truc-thang-tham-quan-dao-20-phut\/","title":{"rendered":"MOOREA &#8211; Chuy\u1ebfn bay tr\u1ef1c th\u0103ng &#8220;Tham quan \u0111\u1ea3o &#8211; 20 ph\u00fat&#8221;"},"content":{"rendered":"<p>L\u00ean thuy\u1ec1n, l\u1eb7n xu\u1ed1ng V\u1ecbnh Vaiare v\u00e0 kh\u00e1m ph\u00e1 ng\u1ecdn n\u00fai n\u1ed5i ti\u1ebfng v\u1edbi nh\u1eefng v\u00e1ch \u0111\u00e1 xuy\u00ean th\u1ea5u. Ng\u1eafm nh\u00ecn nh\u1eefng v\u1ecbnh nh\u1ecf v\u00e0 r\u1ea1n san h\u00f4 \u1edf ph\u00eda t\u00e2y. V\u00e0o s\u00e2u trong l\u00f2ng \u0111\u1ea3o Moorea qua V\u1ecbnh Opunohu v\u00e0 kh\u00e1m ph\u00e1 nh\u1eefng v\u01b0\u1eddn d\u1ee9a. \u0110i thuy\u1ec1n qua Belv\u00e9d\u00e8re v\u00e0 r\u1eddi V\u1ecbnh Cook \u0111\u1ec3 kh\u00e1m ph\u00e1 N\u00fai Rotui. K\u1ebft th\u00fac chuy\u1ebfn tham quan \u0111\u1ea3o v\u1edbi khung c\u1ea3nh tuy\u1ec7t \u0111\u1eb9p c\u1ee7a v\u1ecbnh, s\u1ef1 h\u00f2a quy\u1ec7n gi\u1eefa m\u00e0u xanh d\u01b0\u01a1ng v\u00e0 xanh l\u1ee5c, v\u1edbi Tahiti l\u00e0m n\u1ec1n.    <\/p>\n","protected":false},"excerpt":{"rendered":"<p><strong>Kh\u00e1m ph\u00e1 Moorea t\u1eeb tr\u00ean cao \ud83c\udf34\u2728: Nh\u1eefng ng\u1ecdn n\u00fai h\u00f9ng v\u0129 \ud83c\udfd4\ufe0f, nh\u1eefng v\u1ecbnh bi\u1ec3n r\u1ef1c r\u1ee1 \ud83c\udf0a v\u00e0 nh\u1eefng khung c\u1ea3nh tuy\u1ec7t \u0111\u1eb9p \ud83c\udf05 \u0111ang ch\u1edd \u0111\u00f3n b\u1ea1n!<\/strong><\/p>\n","protected":false},"featured_media":1622,"comment_status":"open","ping_status":"closed","template":"","meta":{"inline_featured_image":false},"country":[],"product_brand":[],"product_cat":[222],"product_tag":[270],"class_list":{"0":"post-14752","1":"product","2":"type-product","3":"status-publish","4":"has-post-thumbnail","6":"product_cat-hoat-dong","7":"product_tag-moorea-vi","9":"first","10":"instock","11":"shipping-taxable","12":"purchasable","13":"product-type-simple"},"acf":[],"_links":{"self":[{"href":"https:\/\/stayinn.travel\/vi\/wp-json\/wp\/v2\/product\/14752","targetHints":{"allow":["GET"]}}],"collection":[{"href":"https:\/\/stayinn.travel\/vi\/wp-json\/wp\/v2\/product"}],"about":[{"href":"https:\/\/stayinn.travel\/vi\/wp-json\/wp\/v2\/types\/product"}],"replies":[{"embeddable":true,"href":"https:\/\/stayinn.travel\/vi\/wp-json\/wp\/v2\/comments?post=14752"}],"wp:featuredmedia":[{"embeddable":true,"href":"https:\/\/stayinn.travel\/vi\/wp-json\/wp\/v2\/media\/1622"}],"wp:attachment":[{"href":"https:\/\/stayinn.travel\/vi\/wp-json\/wp\/v2\/media?parent=14752"}],"wp:term":[{"taxonomy":"country","embeddable":true,"href":"https:\/\/stayinn.travel\/vi\/wp-json\/wp\/v2\/country?post=14752"},{"taxonomy":"product_brand","embeddable":true,"href":"https:\/\/stayinn.travel\/vi\/wp-json\/wp\/v2\/product_brand?post=14752"},{"taxonomy":"product_cat","embeddable":true,"href":"https:\/\/stayinn.travel\/vi\/wp-json\/wp\/v2\/product_cat?post=14752"},{"taxonomy":"product_tag","embeddable":true,"href":"https:\/\/stayinn.travel\/vi\/wp-json\/wp\/v2\/product_tag?post=14752"}],"curies":[{"name":"wp","href":"https:\/\/api.w.org\/{rel}","templated":true}]}}