{"id":14830,"date":"2025-05-20T02:34:18","date_gmt":"2025-05-20T02:34:18","guid":{"rendered":"https:\/\/stayinn.travel\/product\/bora-bora-jet-ski-2-gio\/"},"modified":"2026-04-21T22:23:13","modified_gmt":"2026-04-21T22:23:13","slug":"bora-bora-jet-ski-2-gio","status":"publish","type":"product","link":"https:\/\/stayinn.travel\/vi\/product\/bora-bora-jet-ski-2-gio\/","title":{"rendered":"BORA BORA &#8211; Jet Ski &#8211; 2 gi\u1edd"},"content":{"rendered":"<p class=\"\" data-start=\"157\" data-end=\"392\">Tr\u1ea3i nghi\u1ec7m m\u1ed9t chuy\u1ebfn phi\u00eau l\u01b0u jet ski \u0111\u1ea7y \u1ea5n t\u01b0\u1ee3ng k\u00e9o d\u00e0i 2 gi\u1edd tr\u00ean nh\u1eefng l\u00e0n n\u01b0\u1edbc trong v\u1eaft c\u1ee7a v\u1ecbnh Bora Bora! D\u01b0\u1edbi s\u1ef1 h\u01b0\u1edbng d\u1eabn c\u1ee7a m\u1ed9t chuy\u00ean gia \u0111\u1ecba ph\u01b0\u01a1ng \u0111\u1ea7y nhi\u1ec7t huy\u1ebft, b\u1ea1n s\u1ebd kh\u00e1m ph\u00e1 nh\u1eefng c\u1ea3nh quan tuy\u1ec7t \u0111\u1eb9p c\u1ee7a h\u00f2n \u0111\u1ea3o v\u00e0 d\u1eebng ch\u00e2n t\u1ea1i nhi\u1ec1u \u0111i\u1ec3m \u0111\u1ec3 l\u01b0u gi\u1eef nh\u1eefng kho\u1ea3nh kh\u1eafc k\u1ef3 di\u1ec7u. <\/p>\n<p class=\"\" data-start=\"394\" data-end=\"556\">H\u00e3y t\u1eadn h\u01b0\u1edfng m\u1ed9t bu\u1ed5i b\u01a1i l\u1ed9i trong khung c\u1ea3nh thi\u00ean \u0111\u01b0\u1eddng tuy\u1ec7t \u0111\u1eb9p tr\u01b0\u1edbc khi th\u01b0\u1edfng th\u1ee9c nh\u1eefng m\u00f3n \u0103n nh\u1eb9 ngon mi\u1ec7ng: n\u01b0\u1edbc l\u1ecdc, n\u01b0\u1edbc \u00e9p tr\u00e1i c\u00e2y \u0111\u1ecba ph\u01b0\u01a1ng, tr\u00e1i c\u00e2y nhi\u1ec7t \u0111\u1edbi v\u00e0 b\u00e1nh d\u1eeba th\u01a1m ngon.<\/p>\n<p class=\"\" data-start=\"558\" data-end=\"683\">M\u1ed9t chuy\u1ebfn tham quan \u0111\u1ed9c \u0111\u00e1o k\u1ebft h\u1ee3p gi\u1eefa c\u1ea3m gi\u00e1c m\u1ea1nh, kh\u00e1m ph\u00e1 v\u00e0 th\u01b0 gi\u00e3n, mang \u0111\u1ebfn tr\u1ea3i nghi\u1ec7m ch\u00e2n th\u1ef1c t\u1ea1i tr\u00e1i tim c\u1ee7a vi\u00ean ng\u1ecdc Polynesia.<\/p>\n<p class=\"\" data-start=\"685\" data-end=\"726\">\n","protected":false},"excerpt":{"rendered":"<article class=\"text-token-text-primary w-full\" dir=\"auto\" data-testid=\"conversation-turn-568\" data-scroll-anchor=\"false\">\n<div class=\"text-base my-auto mx-auto py-5 [--thread-content-margin:--spacing(4)] @[37rem]:[--thread-content-margin:--spacing(6)] @[72rem]:[--thread-content-margin:--spacing(16)] px-(--thread-content-margin)\">\n<div class=\"[--thread-content-max-width:32rem] @[34rem]:[--thread-content-max-width:40rem] @[64rem]:[--thread-content-max-width:48rem] mx-auto flex max-w-(--thread-content-max-width) flex-1 text-base gap-4 md:gap-5 lg:gap-6 group\/turn-messages focus-visible:outline-hidden\" tabindex=\"-1\">\n<div class=\"group\/conversation-turn relative flex w-full min-w-0 flex-col agent-turn\">\n<div class=\"relative flex-col gap-1 md:gap-3\">\n<div class=\"flex max-w-full flex-col grow\">\n<div class=\"min-h-8 text-message relative flex w-full flex-col items-end gap-2 text-start break-words whitespace-normal [.text-message+&amp;]:mt-5\" dir=\"auto\" data-message-author-role=\"assistant\" data-message-id=\"beb39942-692f-413d-a1ae-c7673faac4d7\" data-message-model-slug=\"gpt-4o\">\n<div class=\"flex w-full flex-col gap-1 empty:hidden first:pt-[3px]\">\n<div class=\"markdown prose dark:prose-invert w-full break-words light\">\n<p class=\"\" data-start=\"531\" data-end=\"584\"><strong data-start=\"685\" data-end=\"726\" data-is-last-node=\"\">L\u01b0\u1edbt s\u00f3ng, c\u1ea3m nh\u1eadn s\u1ee9c m\u1ea1nh Mana! \ud83c\udf0a\ud83c\udfdd\ufe0f\u2728 <\/strong><\/p>\n<\/div>\n<\/div>\n<\/div>\n<\/div>\n<\/div>\n<\/div>\n<\/div>\n<\/div>\n<\/article>\n<article class=\"text-token-text-primary w-full\" dir=\"auto\" data-testid=\"conversation-turn-569\" data-scroll-anchor=\"false\">\n<h5 class=\"sr-only\"><\/h5>\n<\/article>\n","protected":false},"featured_media":2156,"comment_status":"open","ping_status":"closed","template":"","meta":{"inline_featured_image":false},"country":[],"product_brand":[],"product_cat":[222],"product_tag":[275],"class_list":{"0":"post-14830","1":"product","2":"type-product","3":"status-publish","4":"has-post-thumbnail","6":"product_cat-hoat-dong","7":"product_tag-bora-bora-vi","9":"first","10":"instock","11":"shipping-taxable","12":"purchasable","13":"product-type-simple"},"acf":[],"_links":{"self":[{"href":"https:\/\/stayinn.travel\/vi\/wp-json\/wp\/v2\/product\/14830","targetHints":{"allow":["GET"]}}],"collection":[{"href":"https:\/\/stayinn.travel\/vi\/wp-json\/wp\/v2\/product"}],"about":[{"href":"https:\/\/stayinn.travel\/vi\/wp-json\/wp\/v2\/types\/product"}],"replies":[{"embeddable":true,"href":"https:\/\/stayinn.travel\/vi\/wp-json\/wp\/v2\/comments?post=14830"}],"wp:featuredmedia":[{"embeddable":true,"href":"https:\/\/stayinn.travel\/vi\/wp-json\/wp\/v2\/media\/2156"}],"wp:attachment":[{"href":"https:\/\/stayinn.travel\/vi\/wp-json\/wp\/v2\/media?parent=14830"}],"wp:term":[{"taxonomy":"country","embeddable":true,"href":"https:\/\/stayinn.travel\/vi\/wp-json\/wp\/v2\/country?post=14830"},{"taxonomy":"product_brand","embeddable":true,"href":"https:\/\/stayinn.travel\/vi\/wp-json\/wp\/v2\/product_brand?post=14830"},{"taxonomy":"product_cat","embeddable":true,"href":"https:\/\/stayinn.travel\/vi\/wp-json\/wp\/v2\/product_cat?post=14830"},{"taxonomy":"product_tag","embeddable":true,"href":"https:\/\/stayinn.travel\/vi\/wp-json\/wp\/v2\/product_tag?post=14830"}],"curies":[{"name":"wp","href":"https:\/\/api.w.org\/{rel}","templated":true}]}}