{"id":14954,"date":"2025-05-06T05:51:23","date_gmt":"2025-05-06T05:51:23","guid":{"rendered":"https:\/\/stayinn.travel\/product\/tahiti-chuyen-tham-quan-bang-truc-thang-moorea-tu-tahiti-35-phut\/"},"modified":"2026-04-24T17:45:14","modified_gmt":"2026-04-24T17:45:14","slug":"tahiti-chuyen-tham-quan-bang-truc-thang-moorea-tu-tahiti-35-phut","status":"publish","type":"product","link":"https:\/\/stayinn.travel\/vi\/product\/tahiti-chuyen-tham-quan-bang-truc-thang-moorea-tu-tahiti-35-phut\/","title":{"rendered":"TAHITI \u2013 Chuy\u1ebfn tham quan b\u1eb1ng tr\u1ef1c th\u0103ng \u201cMoorea t\u1eeb Tahiti\u201d \u2013 35 ph\u00fat"},"content":{"rendered":"<p class=\"\" data-start=\"75\" data-end=\"392\">L\u00ean tr\u1ef1c th\u0103ng v\u00e0 c\u1ea5t c\u00e1nh \u2014 \u0111i\u1ec3m \u0111\u1ebfn Moorea. Sau chuy\u1ebfn bay ng\u1eafm c\u1ea3nh k\u00e9o d\u00e0i 7 ph\u00fat v\u1edbi t\u1ea7m nh\u00ecn to\u00e0n c\u1ea3nh tuy\u1ec7t \u0111\u1eb9p c\u1ee7a Moorea, nh\u1eb9 nh\u00e0ng ti\u1ebfn v\u00e0o v\u1ecbnh Vaiare v\u00e0 chi\u00eam ng\u01b0\u1ee1ng ng\u1ecdn n\u00fai xuy\u00ean th\u1ee7ng mang t\u00ednh bi\u1ec3u t\u01b0\u1ee3ng. Bay l\u01b0\u1ee3n tr\u00ean khu v\u1ef1c ph\u00eda t\u00e2y v\u1edbi nh\u1eefng \u0111\u1ea7m ph\u00e1 xanh ng\u1ecdc v\u00e0 c\u00e1c r\u1ea1n san h\u00f4 r\u1ef1c r\u1ee1.  <\/p>\n<p class=\"\" data-start=\"394\" data-end=\"777\">Bay th\u1eb3ng v\u00e0o trung t\u00e2m Moorea qua v\u1ecbnh Opunohu v\u00e0 kh\u00e1m ph\u00e1 nh\u1eefng \u0111\u1ed3n \u0111i\u1ec1n d\u1ee9a xanh t\u01b0\u01a1i. Bay qua \u0111i\u1ec3m ng\u1eafm c\u1ea3nh n\u1ed5i ti\u1ebfng, r\u1eddi l\u1ea1i ph\u00eda sau v\u1ecbnh Cook v\u00e0 chi\u00eam ng\u01b0\u1ee1ng n\u00fai Rotui. Ho\u00e0n t\u1ea5t h\u00e0nh tr\u00ecnh bay v\u00f2ng quanh h\u00f2n \u0111\u1ea3o ch\u1ecb em v\u1edbi t\u1ea7m nh\u00ecn ngo\u1ea1n m\u1ee5c xu\u1ed1ng \u0111\u1ea7m ph\u00e1 r\u1ef1c r\u1ee1 trong c\u00e1c s\u1eafc xanh lam v\u00e0 xanh l\u1ee5c, tr\u01b0\u1edbc khi quay v\u1ec1 Tahiti v\u00e0 t\u1eadn h\u01b0\u1edfng l\u1ea7n cu\u1ed1i khung c\u1ea3nh to\u00e0n c\u1ea3nh c\u1ee7a h\u00f2n \u0111\u1ea3o.  <\/p>\n<p data-start=\"394\" data-end=\"777\">Ch\u1ec9 d\u00e0nh cho tour ri\u00eang<\/p>\n","protected":false},"excerpt":{"rendered":"<p><strong>T\u1eeb nh\u1eefng \u0111\u1ec9nh n\u00fai \u0111\u1ebfn c\u00e1c r\u1ea1n san h\u00f4 \ud83c\udfd4\ufe0f\ud83c\udf0a \u2013 Kh\u00e1m ph\u00e1 Moorea theo c\u00e1ch ch\u01b0a t\u1eebng c\u00f3 \ud83d\ude81<\/strong><\/p>\n","protected":false},"featured_media":1615,"comment_status":"open","ping_status":"closed","template":"","meta":{"inline_featured_image":false},"country":[],"product_brand":[],"product_cat":[222],"product_tag":[271],"class_list":{"0":"post-14954","1":"product","2":"type-product","3":"status-publish","4":"has-post-thumbnail","6":"product_cat-hoat-dong","7":"product_tag-tahiti-vi","9":"first","10":"instock","11":"shipping-taxable","12":"purchasable","13":"product-type-simple"},"acf":[],"_links":{"self":[{"href":"https:\/\/stayinn.travel\/vi\/wp-json\/wp\/v2\/product\/14954","targetHints":{"allow":["GET"]}}],"collection":[{"href":"https:\/\/stayinn.travel\/vi\/wp-json\/wp\/v2\/product"}],"about":[{"href":"https:\/\/stayinn.travel\/vi\/wp-json\/wp\/v2\/types\/product"}],"replies":[{"embeddable":true,"href":"https:\/\/stayinn.travel\/vi\/wp-json\/wp\/v2\/comments?post=14954"}],"wp:featuredmedia":[{"embeddable":true,"href":"https:\/\/stayinn.travel\/vi\/wp-json\/wp\/v2\/media\/1615"}],"wp:attachment":[{"href":"https:\/\/stayinn.travel\/vi\/wp-json\/wp\/v2\/media?parent=14954"}],"wp:term":[{"taxonomy":"country","embeddable":true,"href":"https:\/\/stayinn.travel\/vi\/wp-json\/wp\/v2\/country?post=14954"},{"taxonomy":"product_brand","embeddable":true,"href":"https:\/\/stayinn.travel\/vi\/wp-json\/wp\/v2\/product_brand?post=14954"},{"taxonomy":"product_cat","embeddable":true,"href":"https:\/\/stayinn.travel\/vi\/wp-json\/wp\/v2\/product_cat?post=14954"},{"taxonomy":"product_tag","embeddable":true,"href":"https:\/\/stayinn.travel\/vi\/wp-json\/wp\/v2\/product_tag?post=14954"}],"curies":[{"name":"wp","href":"https:\/\/api.w.org\/{rel}","templated":true}]}}