{"id":14966,"date":"2025-05-06T06:38:48","date_gmt":"2025-05-06T06:38:48","guid":{"rendered":"https:\/\/stayinn.travel\/product\/moorea-thuyen-pirogue-buom-truyen-thong-4-gio\/"},"modified":"2026-04-24T02:14:42","modified_gmt":"2026-04-24T02:14:42","slug":"moorea-thuyen-pirogue-buom-truyen-thong-4-gio","status":"publish","type":"product","link":"https:\/\/stayinn.travel\/vi\/product\/moorea-thuyen-pirogue-buom-truyen-thong-4-gio\/","title":{"rendered":"MOOREA \u2013 Thuy\u1ec1n pirogue bu\u1ed3m truy\u1ec1n th\u1ed1ng \u2013 4 gi\u1edd"},"content":{"rendered":"<p class=\"\" data-start=\"30\" data-end=\"431\">B\u1eaft \u0111\u1ea7u m\u1ed9t h\u00e0nh tr\u00ecnh tr\u1ea3i nghi\u1ec7m tr\u1ecdn v\u1eb9n, t\u00e1ch bi\u1ec7t kh\u1ecfi nh\u1eefng tour du l\u1ecbch truy\u1ec1n th\u1ed1ng v\u00e0 v\u01b0\u1ee3t ra ngo\u00e0i d\u00f2ng ch\u1ea3y th\u1eddi gian, tr\u00ean m\u1ed9t chi\u1ebfc thuy\u1ec1n pirogue bu\u1ed3m Polynesia \u0111\u00edch th\u1ef1c. \u0110\u1ed9c nh\u1ea5t v\u00f4 nh\u1ecb t\u1ea1i Polynesia v\u00e0 \u0111\u01b0\u1ee3c ch\u00ednh ch\u1ee7 nh\u00e2n th\u1ee7 c\u00f4ng ch\u1ebf t\u00e1c, chuy\u1ebfn \u0111i n\u00e0y k\u1ebft h\u1ee3p h\u00e0i h\u00f2a gi\u1eefa kh\u00e1m ph\u00e1, phi\u00eau l\u01b0u v\u00e0 s\u1ef1 t\u00f4n tr\u1ecdng tuy\u1ec7t \u0111\u1ed1i \u0111\u1ed1i v\u1edbi m\u00f4i tr\u01b0\u1eddng. Xa r\u1eddi \u0111\u1ed9ng c\u01a1 v\u00e0 du l\u1ecbch \u0111\u1ea1i tr\u00e0, b\u1ea1n s\u1ebd nh\u1eb9 nh\u00e0ng l\u01b0\u1edbt theo l\u00e0n gi\u00f3 tr\u00ean \u0111\u1ea7m ph\u00e1 trong v\u1eaft c\u1ee7a Moorea, gi\u1eefa kh\u00f4ng gian nguy\u00ean s\u01a1 v\u00e0 y\u00ean b\u00ecnh.  <\/p>\n<p class=\"\" data-start=\"433\" data-end=\"766\">Trong khi dong bu\u1ed3m, b\u1ea1n s\u1ebd kh\u00e1m ph\u00e1 nh\u1eefng k\u1ef3 quan thi\u00ean nhi\u00ean c\u1ee7a h\u00f2n \u0111\u1ea3o: m\u1ed9t bu\u1ed5i l\u1eb7n bi\u1ec3n trong \u0111\u1ea7m ph\u00e1 s\u1ebd cho ph\u00e9p b\u1ea1n b\u01a1i c\u00f9ng c\u00e1 \u0111u\u1ed1i, c\u00e1 m\u1eadp v\u00e2y \u0111en v\u00e0 nh\u1eefng b\u1ee9c t\u01b0\u1ee3ng tiki n\u1eb1m y\u00ean d\u01b0\u1edbi l\u00e0n n\u01b0\u1edbc. Chuy\u1ebfn \u0111i v\u01b0\u1ee3t ra ngo\u00e0i r\u1ea1n san h\u00f4, ti\u1ebfn v\u00e0o v\u00f9ng n\u01b0\u1edbc s\u00e2u h\u01a1n, c\u0169ng s\u1ebd mang \u0111\u1ebfn cho b\u1ea1n c\u01a1 h\u1ed9i quan s\u00e1t th\u1ebf gi\u1edbi sinh v\u1eadt bi\u1ec3n v\u1edbi t\u1ea5t c\u1ea3 s\u1ef1 \u0111a d\u1ea1ng c\u1ee7a n\u00f3. <\/p>\n<p class=\"\" data-start=\"768\" data-end=\"1108\">Kh\u00f4ng ch\u1ec9 \u0111\u01a1n thu\u1ea7n l\u00e0 m\u1ed9t chuy\u1ebfn \u0111i thuy\u1ec1n, h\u00e0nh tr\u00ecnh n\u00e0y c\u00f2n l\u00e0 s\u1ef1 nh\u1eadp m\u00f4n v\u00e0o ngh\u1ec7 thu\u1eadt h\u00e0ng h\u1ea3i c\u1ed5 x\u01b0a c\u1ee7a ng\u01b0\u1eddi Polynesia. B\u1ea1n s\u1ebd \u0111\u01b0\u1ee3c h\u1ecdc c\u00e1ch \u0111i\u1ec1u khi\u1ec3n bu\u1ed3m, l\u00e1i thuy\u1ec1n, th\u1eaft c\u00e1c n\u00fat d\u00e2y h\u00e0ng h\u1ea3i v\u00e0 th\u1ea5u hi\u1ec3u m\u1ed1i g\u1eafn k\u1ebft s\u00e2u s\u1eafc gi\u1eefa ng\u01b0\u1eddi Polynesia v\u00e0 \u0111\u1ea1i d\u01b0\u01a1ng. Ng\u01b0\u1eddi h\u01b0\u1edbng d\u1eabn s\u1ebd nhi\u1ec7t huy\u1ebft chia s\u1ebb nh\u1eefng c\u00e2u chuy\u1ec7n v\u1ec1 c\u00e1c nh\u00e0 th\u00e1m hi\u1ec3m, c\u00e1c huy\u1ec1n tho\u1ea1i khai sinh v\u00e0 kho t\u00e0ng tri th\u1ee9c truy\u1ec1n th\u1ed1ng.  <\/p>\n<p class=\"\" data-start=\"1110\" data-end=\"1209\">Tr\u00ean thuy\u1ec1n, b\u1ea1n s\u1ebd \u0111\u01b0\u1ee3c m\u1eddi th\u01b0\u1edfng th\u1ee9c tr\u00e1i c\u00e2y nhi\u1ec7t \u0111\u1edbi t\u01b0\u01a1i ngon, mang \u0111\u1ebfn m\u1ed9t kho\u1ea3ng ngh\u1ec9 \u0111\u1ea7y h\u01b0\u01a1ng v\u1ecb gi\u1eefa nh\u1eefng kh\u00e1m ph\u00e1.<\/p>\n","protected":false},"excerpt":{"rendered":"<article class=\"text-token-text-primary w-full\" dir=\"auto\" data-testid=\"conversation-turn-330\" data-scroll-anchor=\"true\">\n<div class=\"text-base my-auto mx-auto py-5 [--thread-content-margin:--spacing(4)] @[37rem]:[--thread-content-margin:--spacing(6)] @[72rem]:[--thread-content-margin:--spacing(16)] px-(--thread-content-margin)\">\n<div class=\"[--thread-content-max-width:32rem] @[34rem]:[--thread-content-max-width:40rem] @[64rem]:[--thread-content-max-width:48rem] mx-auto flex max-w-(--thread-content-max-width) flex-1 text-base gap-4 md:gap-5 lg:gap-6 group\/turn-messages focus-visible:outline-hidden\" tabindex=\"-1\">\n<div class=\"group\/conversation-turn relative flex w-full min-w-0 flex-col agent-turn\">\n<div class=\"relative flex-col gap-1 md:gap-3\">\n<div class=\"flex max-w-full flex-col grow\">\n<div class=\"min-h-8 text-message relative flex w-full flex-col items-end gap-2 text-start break-words whitespace-normal [.text-message+&amp;]:mt-5\" dir=\"auto\" data-message-author-role=\"assistant\" data-message-id=\"72c6bf3a-ee4d-4008-a111-9455db1dc77c\" data-message-model-slug=\"gpt-4o-mini\">\n<div class=\"flex w-full flex-col gap-1 empty:hidden first:pt-[3px]\">\n<div class=\"markdown prose dark:prose-invert w-full break-words light\">\n<p class=\"\" data-start=\"42\" data-end=\"107\"><strong>L\u01b0\u1edbt tr\u00ean \u0111\u1ea7m ph\u00e1 \ud83c\udf0a, b\u1ea3o v\u1ec7 Tr\u00e1i \u0110\u1ea5t \ud83c\udf0d, h\u00f2a m\u00ecnh c\u00f9ng thi\u00ean nhi\u00ean \ud83c\udf3f<\/strong><\/p>\n<\/div>\n<\/div>\n<\/div>\n<\/div>\n<\/div>\n<\/div>\n<\/div>\n<\/div>\n<\/article>\n<div class=\"pointer-events-none h-px w-px\" aria-hidden=\"true\" data-edge=\"true\"><\/div>\n","protected":false},"featured_media":1638,"comment_status":"open","ping_status":"closed","template":"","meta":{"inline_featured_image":false},"country":[],"product_brand":[],"product_cat":[222],"product_tag":[270],"class_list":{"0":"post-14966","1":"product","2":"type-product","3":"status-publish","4":"has-post-thumbnail","6":"product_cat-hoat-dong","7":"product_tag-moorea-vi","9":"first","10":"instock","11":"shipping-taxable","12":"purchasable","13":"product-type-simple"},"acf":[],"_links":{"self":[{"href":"https:\/\/stayinn.travel\/vi\/wp-json\/wp\/v2\/product\/14966","targetHints":{"allow":["GET"]}}],"collection":[{"href":"https:\/\/stayinn.travel\/vi\/wp-json\/wp\/v2\/product"}],"about":[{"href":"https:\/\/stayinn.travel\/vi\/wp-json\/wp\/v2\/types\/product"}],"replies":[{"embeddable":true,"href":"https:\/\/stayinn.travel\/vi\/wp-json\/wp\/v2\/comments?post=14966"}],"wp:featuredmedia":[{"embeddable":true,"href":"https:\/\/stayinn.travel\/vi\/wp-json\/wp\/v2\/media\/1638"}],"wp:attachment":[{"href":"https:\/\/stayinn.travel\/vi\/wp-json\/wp\/v2\/media?parent=14966"}],"wp:term":[{"taxonomy":"country","embeddable":true,"href":"https:\/\/stayinn.travel\/vi\/wp-json\/wp\/v2\/country?post=14966"},{"taxonomy":"product_brand","embeddable":true,"href":"https:\/\/stayinn.travel\/vi\/wp-json\/wp\/v2\/product_brand?post=14966"},{"taxonomy":"product_cat","embeddable":true,"href":"https:\/\/stayinn.travel\/vi\/wp-json\/wp\/v2\/product_cat?post=14966"},{"taxonomy":"product_tag","embeddable":true,"href":"https:\/\/stayinn.travel\/vi\/wp-json\/wp\/v2\/product_tag?post=14966"}],"curies":[{"name":"wp","href":"https:\/\/api.w.org\/{rel}","templated":true}]}}