{"id":15030,"date":"2025-05-13T03:09:59","date_gmt":"2025-05-13T03:09:59","guid":{"rendered":"https:\/\/stayinn.travel\/product\/moorea-tour-am-thuc-kham-pha-dac-san-dia-phuong-cua-dao-moorea-4-gio-30-phut\/"},"modified":"2026-04-24T00:48:59","modified_gmt":"2026-04-24T00:48:59","slug":"moorea-tour-am-thuc-kham-pha-dac-san-dia-phuong-cua-dao-moorea-4-gio-30-phut","status":"publish","type":"product","link":"https:\/\/stayinn.travel\/vi\/product\/moorea-tour-am-thuc-kham-pha-dac-san-dia-phuong-cua-dao-moorea-4-gio-30-phut\/","title":{"rendered":"MOOREA \u2013 Tour \u1ea8m Th\u1ef1c: Kh\u00e1m ph\u00e1 \u0111\u1eb7c s\u1ea3n \u0111\u1ecba ph\u01b0\u01a1ng c\u1ee7a \u0111\u1ea3o Moorea \u2013 4 gi\u1edd 30 ph\u00fat"},"content":{"rendered":"<p class=\"\" data-start=\"54\" data-end=\"373\">Tour \u1ea8m Th\u1ef1c \u0111\u01b0\u1ee3c thi\u1ebft k\u1ebf \u0111\u1ec3 gi\u1edbi thi\u1ec7u to\u00e0n b\u1ed9 n\u1ec1n \u1ea9m th\u1ef1c \u0111\u1ecba ph\u01b0\u01a1ng c\u00f9ng nh\u1eefng m\u00f3n ng\u1ecdt m\u00e0 ng\u01b0\u1eddi Polynesia \u0111\u1eb7c bi\u1ec7t y\u00eau th\u00edch. H\u00e3y ch\u1eafc ch\u1eafn \u0111\u1ebfn v\u1edbi chi\u1ebfc b\u1ee5ng r\u1ed7ng, v\u00ec b\u1ea1n s\u1ebd kh\u00f4ng ch\u1ec9 kh\u00e1m ph\u00e1 c\u1ea3nh quan v\u00e0 c\u00e1c c\u1eeda h\u00e0ng tr\u00ean \u0111\u1ea3o, m\u00e0 c\u00f2n \u0111\u01b0\u1ee3c th\u01b0\u1edfng th\u1ee9c nhi\u1ec1u lo\u1ea1i tr\u00e1i c\u00e2y t\u01b0\u01a1i, rau c\u1ee7 v\u00e0 c\u00e1c s\u1ea3n ph\u1ea9m \u0111\u1ecba ph\u01b0\u01a1ng. <\/p>\n<p class=\"\" data-start=\"375\" data-end=\"639\">\u201cTama\u2019a\u201d trong ti\u1ebfng Tahiti c\u00f3 ngh\u0129a l\u00e0 \u201c\u0103n,\u201d v\u00e0 \u0111\u00f3 ch\u00ednh x\u00e1c l\u00e0 \u0111i\u1ec1u b\u1ea1n s\u1ebd l\u00e0m khi kh\u00e1m ph\u00e1 Moorea qua v\u1ecb gi\u00e1c c\u1ee7a m\u00ecnh. Trong chuy\u1ebfn tour n\u00e0y, b\u1ea1n s\u1ebd th\u01b0\u1edfng th\u1ee9c v\u00e0 tham quan nh\u1eefng \u0111\u1ecba \u0111i\u1ec3m \u1ea9m th\u1ef1c \u0111\u1ecba ph\u01b0\u01a1ng \u0111\u00edch th\u1ef1c, n\u01a1i mang \u0111\u1ebfn h\u01b0\u01a1ng v\u1ecb \u0111\u1ed9c \u0111\u00e1o v\u00e0 \u0111\u01b0\u1ee3c ng\u01b0\u1eddi d\u00e2n b\u1ea3n \u0111\u1ecba y\u00eau th\u00edch. <\/p>\n<p class=\"\" data-start=\"641\" data-end=\"856\">B\u1ea1n s\u1ebd \u0111\u01b0\u1ee3c th\u01b0\u1edfng th\u1ee9c nhi\u1ec1u m\u00f3n \u0103n v\u00e0 \u0111\u1ed3 u\u1ed1ng \u0111a d\u1ea1ng nh\u01b0 tr\u00e1i c\u00e2y \u0111\u1ecba ph\u01b0\u01a1ng theo m\u00f9a, \u0111\u1ed3 \u0103n nh\u1eb9, c\u00e1c m\u00f3n c\u00e1, \u201cpai\u201d, \u201cMape\u201d v\u00e0 nh\u1eefng \u0111\u1eb7c s\u1ea3n ngon l\u00e0nh kh\u00e1c t\u1eeb ba n\u1ec1n v\u0103n h\u00f3a t\u1ea1o n\u00ean Polynesia thu\u1ed9c Ph\u00e1p ng\u00e0y nay.<\/p>\n","protected":false},"excerpt":{"rendered":"<p class=\"\" data-start=\"35\" data-end=\"110\"><strong data-start=\"35\" data-end=\"109\">Th\u01b0\u1edfng th\u1ee9c h\u01b0\u01a1ng v\u1ecb Moorea \ud83c\udf3a\ud83c\udf4d \u2013 H\u00e0nh tr\u00ecnh qua nh\u1eefng \u0111\u1eb7c s\u1ea3n \u0111\u1ecba ph\u01b0\u01a1ng \ud83c\udf7d\ufe0f\ud83c\udf34<\/strong><\/p>\n<p class=\"\" data-start=\"112\" data-end=\"189\">\n","protected":false},"featured_media":15031,"comment_status":"open","ping_status":"closed","template":"","meta":{"inline_featured_image":false},"country":[],"product_brand":[],"product_cat":[222],"product_tag":[270],"class_list":{"0":"post-15030","1":"product","2":"type-product","3":"status-publish","4":"has-post-thumbnail","6":"product_cat-hoat-dong","7":"product_tag-moorea-vi","9":"first","10":"instock","11":"shipping-taxable","12":"purchasable","13":"product-type-simple"},"acf":[],"_links":{"self":[{"href":"https:\/\/stayinn.travel\/vi\/wp-json\/wp\/v2\/product\/15030","targetHints":{"allow":["GET"]}}],"collection":[{"href":"https:\/\/stayinn.travel\/vi\/wp-json\/wp\/v2\/product"}],"about":[{"href":"https:\/\/stayinn.travel\/vi\/wp-json\/wp\/v2\/types\/product"}],"replies":[{"embeddable":true,"href":"https:\/\/stayinn.travel\/vi\/wp-json\/wp\/v2\/comments?post=15030"}],"wp:featuredmedia":[{"embeddable":true,"href":"https:\/\/stayinn.travel\/vi\/wp-json\/wp\/v2\/media\/15031"}],"wp:attachment":[{"href":"https:\/\/stayinn.travel\/vi\/wp-json\/wp\/v2\/media?parent=15030"}],"wp:term":[{"taxonomy":"country","embeddable":true,"href":"https:\/\/stayinn.travel\/vi\/wp-json\/wp\/v2\/country?post=15030"},{"taxonomy":"product_brand","embeddable":true,"href":"https:\/\/stayinn.travel\/vi\/wp-json\/wp\/v2\/product_brand?post=15030"},{"taxonomy":"product_cat","embeddable":true,"href":"https:\/\/stayinn.travel\/vi\/wp-json\/wp\/v2\/product_cat?post=15030"},{"taxonomy":"product_tag","embeddable":true,"href":"https:\/\/stayinn.travel\/vi\/wp-json\/wp\/v2\/product_tag?post=15030"}],"curies":[{"name":"wp","href":"https:\/\/api.w.org\/{rel}","templated":true}]}}