{"id":15202,"date":"2025-05-15T02:45:45","date_gmt":"2025-05-15T02:45:45","guid":{"rendered":"https:\/\/stayinn.travel\/product\/raiatea-chuyen-bay-toan-canh-bang-may-bay-sieu-nhe-vanilla-sky-35-phut\/"},"modified":"2026-04-23T17:51:27","modified_gmt":"2026-04-23T17:51:27","slug":"raiatea-chuyen-bay-toan-canh-bang-may-bay-sieu-nhe-vanilla-sky-35-phut","status":"publish","type":"product","link":"https:\/\/stayinn.travel\/vi\/product\/raiatea-chuyen-bay-toan-canh-bang-may-bay-sieu-nhe-vanilla-sky-35-phut\/","title":{"rendered":"RAIATEA \u2013 Chuy\u1ebfn bay to\u00e0n c\u1ea3nh b\u1eb1ng m\u00e1y bay si\u00eau nh\u1eb9 \u201cVanilla Sky\u201d \u2013 35 ph\u00fat"},"content":{"rendered":"<p><strong>Tour tr\u1ecdn v\u1eb9n Taha&#8217;a<\/strong><\/p>\n<p>Chi\u00eam ng\u01b0\u1ee1ng c\u00e1c thung l\u0169ng xanh t\u01b0\u01a1i, \u0111\u1ea7m ph\u00e1 xanh ng\u1ecdc v\u00e0 nh\u1eefng r\u1ea1n san h\u00f4 tuy\u1ec7t \u0111\u1eb9p t\u1eeb tr\u00ean cao.<br data-start=\"331\" data-end=\"334\">Bay qua c\u00e1c ng\u00f4i l\u00e0ng truy\u1ec1n th\u1ed1ng, c\u00e1c trang tr\u1ea1i ng\u1ecdc trai v\u00e0 nh\u1eefng \u0111\u1ed3n \u0111i\u1ec1n vani n\u1ed5i ti\u1ebfng l\u00e0m n\u00ean s\u1ef1 \u0111\u1ed9c \u0111\u00e1o c\u1ee7a h\u00f2n \u0111\u1ea3o.<br data-start=\"444\" data-end=\"447\">Chuy\u1ebfn bay ng\u1eafm c\u1ea3nh n\u00e0y mang \u0111\u1ebfn nh\u1eefng khung c\u1ea3nh kh\u00f3 qu\u00ean v\u1ec1 b\u1edd bi\u1ec3n hoang s\u01a1 c\u1ee7a \u0111\u1ea3o, c\u00e1c motu c\u00e1t tr\u1eafng v\u00e0 \u0111\u1ea7m ph\u00e1 l\u00e2n c\u1eadn \u0111\u01b0\u1ee3c chia s\u1ebb v\u1edbi Raiatea.<\/p>\n","protected":false},"excerpt":{"rendered":"<p>\ud83c\udf34\ud83d\udcf8 <strong data-start=\"228\" data-end=\"287\">H\u00e3y chi\u00eam ng\u01b0\u1ee1ng v\u1ebb \u0111\u1eb9p huy\u1ec1n \u1ea3o c\u1ee7a \u0110\u1ea3o Vanilla t\u1eeb tr\u00ean cao! \ud83d\udee9\ufe0f\u2728 <\/strong><\/p>\n","protected":false},"featured_media":1876,"comment_status":"open","ping_status":"closed","template":"","meta":{"inline_featured_image":false},"country":[],"product_brand":[],"product_cat":[222],"product_tag":[277],"class_list":{"0":"post-15202","1":"product","2":"type-product","3":"status-publish","4":"has-post-thumbnail","6":"product_cat-hoat-dong","7":"product_tag-raiatea-vi","9":"first","10":"instock","11":"shipping-taxable","12":"purchasable","13":"product-type-simple"},"acf":[],"_links":{"self":[{"href":"https:\/\/stayinn.travel\/vi\/wp-json\/wp\/v2\/product\/15202","targetHints":{"allow":["GET"]}}],"collection":[{"href":"https:\/\/stayinn.travel\/vi\/wp-json\/wp\/v2\/product"}],"about":[{"href":"https:\/\/stayinn.travel\/vi\/wp-json\/wp\/v2\/types\/product"}],"replies":[{"embeddable":true,"href":"https:\/\/stayinn.travel\/vi\/wp-json\/wp\/v2\/comments?post=15202"}],"wp:featuredmedia":[{"embeddable":true,"href":"https:\/\/stayinn.travel\/vi\/wp-json\/wp\/v2\/media\/1876"}],"wp:attachment":[{"href":"https:\/\/stayinn.travel\/vi\/wp-json\/wp\/v2\/media?parent=15202"}],"wp:term":[{"taxonomy":"country","embeddable":true,"href":"https:\/\/stayinn.travel\/vi\/wp-json\/wp\/v2\/country?post=15202"},{"taxonomy":"product_brand","embeddable":true,"href":"https:\/\/stayinn.travel\/vi\/wp-json\/wp\/v2\/product_brand?post=15202"},{"taxonomy":"product_cat","embeddable":true,"href":"https:\/\/stayinn.travel\/vi\/wp-json\/wp\/v2\/product_cat?post=15202"},{"taxonomy":"product_tag","embeddable":true,"href":"https:\/\/stayinn.travel\/vi\/wp-json\/wp\/v2\/product_tag?post=15202"}],"curies":[{"name":"wp","href":"https:\/\/api.w.org\/{rel}","templated":true}]}}